{"id":965,"date":"2023-11-06T21:38:56","date_gmt":"2023-11-06T20:38:56","guid":{"rendered":"https:\/\/teneochem.pl\/?page_id=965"},"modified":"2024-10-28T21:02:34","modified_gmt":"2024-10-28T21:02:34","slug":"quinotubes-3","status":"publish","type":"page","link":"https:\/\/teneochem.pl\/index.php\/quinotubes-3\/","title":{"rendered":"Chinorurki-kolekcja"},"content":{"rendered":"\n<p>Poni\u017cej przedstawiono modele chinoobr\u0105czek i chinorurek zawieraj\u0105cych 6, 7 i 8 fragment\u00f3w etenowych w jednej (wcze\u015bniej nazwa\u0142em te modele chinoobr\u0105czkami), dw\u00f3ch lub trzech warstwach (orca4.2.1\/ B3LYP\/ def2-SVP\/ hess-plus). Na tych przyk\u0142adach wida\u0107 r\u00f3\u017cnic\u0119 pomi\u0119dzy chinorurkami a ich nanoodpowiednikami. Tutaj wymuszony zostaje chinoidowy uk\u0142ad wi\u0105za\u0144 podw\u00f3jnych poprzez obecno\u015b\u0107 skrzyd\u0142owych mostk\u00f3w metylenowych:<\/p>\n\n\n\n<div style=\"height: 300px; width: 300px; position: relative;\" class='viewer_3Dmoljs' data-href=\"https:\/\/teneochem.pl\/struct\/chino\/chino6-8\/chino6d0s-2.mol2\" data-backgroundcolor='yellow' data-style='stick'><\/div>\n\n\n\n<div style=\"height: 300px; width: 300px; position: relative;\" class='viewer_3Dmoljs' data-href='https:\/\/teneochem.pl\/struct\/chino\/chino6-8\/chino6d0s-3.mol2' data-backgroundcolor='0xffffff' data-style='stick'><\/div>\n\n\n\n<p>Na poni\u017cszej animacji jest widoczne, \u017ce rendering za pomoc\u0105 silnika <a href=\"https:\/\/3dmol.csb.pitt.edu\/\" target=\"_blank\" rel=\"noreferrer noopener\">3Dmol<\/a> do\u015b\u0107 dowolnie przestawia wewn\u0119trzne wi\u0105zania podw\u00f3jne. Wynika to z niewielkiej r\u00f3\u017cnicy d\u0142ugo\u015bci pomi\u0119dzy poszczeg\u00f3lnymi wi\u0105zaniami. Ten efekt mo\u017ce \u015bwiadczy\u0107 o &#8222;aromatyzacji&#8221; wewn\u0119trznych warstw chinorurek:<\/p>\n\n\n\n<div style=\"height: 300px; width: 300px; position: relative;\" class='viewer_3Dmoljs' data-href='https:\/\/teneochem.pl\/struct\/chino\/chino6-8\/chino6d0s-4.mol2' data-backgroundcolor='0xffffff' data-style='stick'><\/div>\n\n\n\n<p>Poni\u017cej przedstawione s\u0105 modele animowane chinorurek sk\u0142adaj\u0105cych si\u0119 z siedmiu lub o\u015bmiu fragment\u00f3w etenowych. Ich chinoidowo\u015b\u0107 jest nadal zachowana:<\/p>\n\n\n\n<div style=\"height: 300px; width: 300px; position: relative;\" class='viewer_3Dmoljs' data-href='https:\/\/teneochem.pl\/struct\/chino\/chino6-8\/chino7d0s-2.mol2' data-backgroundcolor='0xffffff' data-style='stick'><\/div>\n\n\n\n<div style=\"height: 300px; width: 300px; position: relative;\" class='viewer_3Dmoljs' data-href='https:\/\/teneochem.pl\/struct\/chino\/chino6-8\/chino7d0s-3.mol2' data-backgroundcolor='0xffffff' data-style='stick'><\/div>\n\n\n\n<div style=\"height: 300px; width: 300px; position: relative;\" class='viewer_3Dmoljs' data-href='https:\/\/teneochem.pl\/struct\/chino\/chino6-8\/chino8d0s-3.mol2' data-backgroundcolor='0xffffff' data-style='stick'><\/div>\n\n\n\n<p>Przyznam szczerze, \u017ce tak kolekcja powsta\u0142a, gdy\u017c te struktury s\u0105 po prostu \u0142adne. Samo ich ogl\u0105danie mo\u017ce sprawi\u0107 przyjemno\u015b\u0107.<\/p>\n\n\n\n<p><strong><a href=\"https:\/\/teneochem.pl\/index.php\/1258-2\/\" target=\"_blank\" rel=\"noreferrer noopener\">Cz\u0119\u015b\u0107 pi\u0105ta<\/a><\/strong><\/p>\n","protected":false},"excerpt":{"rendered":"<p>Poni\u017cej przedstawiono modele chinoobr\u0105czek i chinorurek zawieraj\u0105cych 6, 7 i 8 fragment\u00f3w etenowych w jednej (wcze\u015bniej nazwa\u0142em te modele chinoobr\u0105czkami), dw\u00f3ch lub trzech warstwach (orca4.2.1\/ B3LYP\/ def2-SVP\/ hess-plus). Na tych przyk\u0142adach wida\u0107 r\u00f3\u017cnic\u0119 pomi\u0119dzy chinorurkami a ich nanoodpowiednikami. Tutaj wymuszony zostaje chinoidowy uk\u0142ad wi\u0105za\u0144 podw\u00f3jnych poprzez obecno\u015b\u0107 skrzyd\u0142owych mostk\u00f3w metylenowych: Na poni\u017cszej animacji jest widoczne, [&hellip;]<\/p>\n","protected":false},"author":2,"featured_media":0,"parent":0,"menu_order":0,"comment_status":"closed","ping_status":"closed","template":"","meta":{"footnotes":""},"class_list":["post-965","page","type-page","status-publish","hentry"],"_links":{"self":[{"href":"https:\/\/teneochem.pl\/index.php\/wp-json\/wp\/v2\/pages\/965","targetHints":{"allow":["GET"]}}],"collection":[{"href":"https:\/\/teneochem.pl\/index.php\/wp-json\/wp\/v2\/pages"}],"about":[{"href":"https:\/\/teneochem.pl\/index.php\/wp-json\/wp\/v2\/types\/page"}],"author":[{"embeddable":true,"href":"https:\/\/teneochem.pl\/index.php\/wp-json\/wp\/v2\/users\/2"}],"replies":[{"embeddable":true,"href":"https:\/\/teneochem.pl\/index.php\/wp-json\/wp\/v2\/comments?post=965"}],"version-history":[{"count":9,"href":"https:\/\/teneochem.pl\/index.php\/wp-json\/wp\/v2\/pages\/965\/revisions"}],"predecessor-version":[{"id":3539,"href":"https:\/\/teneochem.pl\/index.php\/wp-json\/wp\/v2\/pages\/965\/revisions\/3539"}],"wp:attachment":[{"href":"https:\/\/teneochem.pl\/index.php\/wp-json\/wp\/v2\/media?parent=965"}],"curies":[{"name":"wp","href":"https:\/\/api.w.org\/{rel}","templated":true}]}}