{"id":584,"date":"2023-10-24T21:44:44","date_gmt":"2023-10-24T19:44:44","guid":{"rendered":"https:\/\/teneochem.pl\/?page_id=584"},"modified":"2023-10-24T21:44:44","modified_gmt":"2023-10-24T19:44:44","slug":"manifest","status":"publish","type":"page","link":"https:\/\/teneochem.pl\/index.php\/manifest\/","title":{"rendered":"Motywacje"},"content":{"rendered":"\n<p>Wymy\u015blanie nowych struktur chemicznych jest dla mnie jedn\u0105 z wi\u0119kszych przyjemno\u015bci pracy chemika organika. Inn\u0105 przyjemno\u015bci\u0105 jest zaplanowanie i przeprowadzenie syntezy, kt\u00f3rej wynik jest zgodny z oczekiwaniami. Bywa, \u017ce jeszcze wi\u0119ksz\u0105 przyjemno\u015b\u0107 sprawia przyroda, gdy powsta\u0142y zwi\u0105zek, jego budowa,\u00a0 wykracza poza wcze\u015bniej skonstruowany plan. Oznacza to, \u017ce nasze rozumienie chemii nie jest tak dobre, jak by sobie to by\u0142o mo\u017cna wyobrazi\u0107. Ten brak rozumienia motywuje do lepszego poznania, do g\u0142\u0119bszych studi\u00f3w nad chemi\u0105 jako nauk\u0105.\u00a0<\/p>\n\n\n\n<p>Zdarza si\u0119 \u017ce motorem dzia\u0142ania jest pragnienie poznania chemicznej drogi przemian, przez kt\u00f3re przechodzi u\u017cyty do reakcji substrat, i kt\u00f3ry na ko\u0144cu przekszta\u0142ca si\u0119 w produkt. Osi\u0105gni\u0119ta w ten spos\u00f3b wiedza pozwala na optymalne zaplanowanie eksperymentu syntezy. Przez optymalno\u015b\u0107 nale\u017cy rozumie\u0107 zastosowanie takich warunk\u00f3w reakcji chemicznej, aby przewidywany produkt tej reakcji powstawa\u0142 z maksymaln\u0105 wydajno\u015bci\u0105.<\/p>\n\n\n\n<p>Jednak\u017ce strona, kt\u00f3r\u0105 ogl\u0105dasz, jest wynikiem nieco innego rodzaju fascynacji chemi\u0105. Ot\u00f3\u017c maj\u0105c do dyspozycji nagromadzon\u0105 wiedz\u0119 z dziedziny chemii strukturalnej, wiedz\u0119 o sposobach \u0142\u0105czenia si\u0119 atom\u00f3w ze sob\u0105, o kszta\u0142tach cz\u0105steczek chemicznych, zacz\u0119\u0142o si\u0119 rodzi\u0107 w moim umy\u015ble pytanie, czy mo\u017cna te atomy po\u0142\u0105czy\u0107 w spos\u00f3b, kt\u00f3ry nie zosta\u0142 jeszcze opisany w publikacjach naukowych. Pytanie to zrodzi\u0142o si\u0119 z przeczucia, \u017ce du\u017co mo\u017cna jeszcze powiedzie\u0107 nowego w obszarze chemii, kt\u00f3ry pozornie wydaje si\u0119 wyeksploatowany. Chodzi tutaj przede wszystkim o struktury w\u0119glowodor\u00f3w, odmian alotropowych pierwiastka w\u0119gla a tak\u017ce pochodnych o charakterze amin oraz imin. Chc\u0119 tutaj dopowiedzie\u0107 co\u015b nowego, wcze\u015bniej nie spotykanego.<\/p>\n\n\n\n<p>Dodam, \u017ce rozmawiaj\u0105c z kolegami o nowych strukturach spotyka\u0142em si\u0119 z pytaniem, czy znam ich syntez\u0119. Odpowiada\u0142em, \u017ce nie znam.  Ta szczera odpowied\u017a wywo\u0142ywa\u0142a u moich rozm\u00f3wc\u00f3w rodzaj zniech\u0119cenia. Mog\u0142a wtedy pada\u0107 z ich ust taka mniej wi\u0119cej uwaga &#8211; Skoro nie znasz drogi syntezy, to po co si\u0119 tym zajmowa\u0107? &#8211; Pozostawia\u0142em t\u0119 w\u0105tpliwo\u015b\u0107 bez odpowiedzi. To zawsze ko\u0144czy\u0142o nasz\u0105 rozmow\u0119. Widz\u0119 ten problem inaczej. Prosz\u0119 o wybaczenie por\u00f3wnania, ale bardziej skromne nie przychodzi mi do g\u0142owy. Hilbert og\u0142osi\u0142 problemy matematyczne, kt\u00f3re mo\u017cna by\u0142o wtedy postawi\u0107, ale w tamtych czasach nie mo\u017cna by\u0142o rozwi\u0105za\u0107. Podobnie traktuj\u0119 moje kreacje. Oto s\u0105 hipotetyczne struktury. Hipotetyczne,  gdy\u017c problemem dla przysz\u0142o\u015bci pozostaje ich synteza chemiczna. <\/p>\n\n\n\n<p>O wynikach tej spontanicznej pracy intelektualnej, niewymuszonej przez wsp\u00f3\u0142czesny i do\u015b\u0107 opresyjny oraz nastawiony na bie\u017c\u0105cy sukces system akademicki, jest ta strona. Serdecznie zapraszam.<\/p>\n\n\n\n<p><mark style=\"background-color:rgba(0, 0, 0, 0)\" class=\"has-inline-color has-ti-accent-color\">Wojciech Szczepankiewicz<\/mark><\/p>\n","protected":false},"excerpt":{"rendered":"<p>Wymy\u015blanie nowych struktur chemicznych jest dla mnie jedn\u0105 z wi\u0119kszych przyjemno\u015bci pracy chemika organika. Inn\u0105 przyjemno\u015bci\u0105 jest zaplanowanie i przeprowadzenie syntezy, kt\u00f3rej wynik jest zgodny z oczekiwaniami. Bywa, \u017ce jeszcze wi\u0119ksz\u0105 przyjemno\u015b\u0107 sprawia przyroda, gdy powsta\u0142y zwi\u0105zek, jego budowa,\u00a0 wykracza poza wcze\u015bniej skonstruowany plan. Oznacza to, \u017ce nasze rozumienie chemii nie jest tak dobre, jak [&hellip;]<\/p>\n","protected":false},"author":2,"featured_media":0,"parent":0,"menu_order":0,"comment_status":"closed","ping_status":"closed","template":"","meta":{"footnotes":""},"class_list":["post-584","page","type-page","status-publish","hentry"],"_links":{"self":[{"href":"https:\/\/teneochem.pl\/index.php\/wp-json\/wp\/v2\/pages\/584","targetHints":{"allow":["GET"]}}],"collection":[{"href":"https:\/\/teneochem.pl\/index.php\/wp-json\/wp\/v2\/pages"}],"about":[{"href":"https:\/\/teneochem.pl\/index.php\/wp-json\/wp\/v2\/types\/page"}],"author":[{"embeddable":true,"href":"https:\/\/teneochem.pl\/index.php\/wp-json\/wp\/v2\/users\/2"}],"replies":[{"embeddable":true,"href":"https:\/\/teneochem.pl\/index.php\/wp-json\/wp\/v2\/comments?post=584"}],"version-history":[{"count":0,"href":"https:\/\/teneochem.pl\/index.php\/wp-json\/wp\/v2\/pages\/584\/revisions"}],"wp:attachment":[{"href":"https:\/\/teneochem.pl\/index.php\/wp-json\/wp\/v2\/media?parent=584"}],"curies":[{"name":"wp","href":"https:\/\/api.w.org\/{rel}","templated":true}]}}