{"id":3357,"date":"2024-08-15T12:41:01","date_gmt":"2024-08-15T10:41:01","guid":{"rendered":"https:\/\/teneochem.pl\/?page_id=3357"},"modified":"2025-01-30T15:32:26","modified_gmt":"2025-01-30T15:32:26","slug":"bispenty","status":"publish","type":"page","link":"https:\/\/teneochem.pl\/index.php\/bispenty\/","title":{"rendered":"Bispenty"},"content":{"rendered":"\n<p>T\u0119 grup\u0119 alotrop\u00f3w w\u0119gla stworzy\u0142em poprzez \u0142\u0105czenie (przez skondensowanie tak, aby uzyska\u0107 uk\u0142ad sprz\u0119\u017conych wi\u0105za\u0144 podw\u00f3jnych) pier\u015bcieni pi\u0119cio- sze\u015bcio-, siedmio-, o\u015bmio- i dziewi\u0119ciocz\u0142onowych. Jeden z w\u0119glowodor\u00f3w, kt\u00f3ry pos\u0142u\u017cy\u0142 jako &#8222;dwuwymiarowy&#8221; model do dalszych konstrukcji, pokaza\u0142em poni\u017cej:<\/p>\n\n\n\n<figure class=\"wp-block-image aligncenter size-full is-resized\"><img loading=\"lazy\" decoding=\"async\" width=\"547\" height=\"481\" src=\"http:\/\/teneochem.pl\/wp-content\/uploads\/2024\/08\/bispent-jeden-plat.jpg\" alt=\"\" class=\"wp-image-3370\" style=\"width:323px;height:auto\" srcset=\"https:\/\/teneochem.pl\/wp-content\/uploads\/2024\/08\/bispent-jeden-plat.jpg 547w, https:\/\/teneochem.pl\/wp-content\/uploads\/2024\/08\/bispent-jeden-plat-300x264.jpg 300w\" sizes=\"auto, (max-width: 547px) 100vw, 547px\" \/><\/figure>\n\n\n\n<p>W wyniku \u0142\u0105czenia ze sob\u0105 p\u0142at\u00f3w powsta\u0142y pier\u015bcienie czterocz\u0142onowe oraz odmiany alotropowe w\u0119gla o do\u015b\u0107 niezwyk\u0142ych kszta\u0142tach. \u0141\u0105czenie odbywa\u0142o si\u0119 poprzez zast\u0105pienie atom\u00f3w wodoru wi\u0105zaniami C-C.<\/p>\n\n\n\n<p>Pierwszy przyk\u0142ad pokazuj\u0119 poni\u017cej (C144 &#8211; Orca 6.0.0\/ xTB\/ hess-plus). Tutaj p\u0142aty s\u0105 przekr\u0119cone wzgl\u0119dem siebie o 180\u00b0:<\/p>\n\n\n\n<div style=\"height: 300px; width: 300px; position: relative;\" class='viewer_3Dmoljs' data-href='https:\/\/teneochem.pl\/struct\/nowe3\/bispenty\/bispentA-po-roku.sdf' data-backgroundcolor='#3300FF' data-style='stick'><\/div>\n\n\n\n<p>W poni\u017cszej strukturze p\u0142aty nie s\u0105 przekr\u0119cone. Ide\u0119 \u0142aczenia p\u0142at\u00f3w pokaza\u0142em poni\u017cej na niezoptymalizowanej i niepo\u0142\u0105czonej do ko\u0144ca strukturze:<\/p>\n\n\n\n<div style=\"height: 300px; width: 300px; position: relative;\" class='viewer_3Dmoljs' data-href='https:\/\/teneochem.pl\/struct\/nowe3\/bispenty\/bispentB-laczenie.sdf' data-backgroundcolor='#3300FF' data-style='stick'><\/div>\n\n\n\n<p> Poni\u017cej struktura w pe\u0142ni po\u0142\u0105czona oraz zrelaksowana (parametry oblicze\u0144 jak wy\u017cej):<\/p>\n\n\n\n<div style=\"height: 300px; width: 300px; position: relative;\" class='viewer_3Dmoljs' data-href='https:\/\/teneochem.pl\/struct\/nowe3\/bispenty\/bispentb1-xtb-C144.sdf' data-backgroundcolor='#3300FF' data-style='stick'><\/div>\n\n\n\n<p>Znalaz\u0142em jeszcze jeden spos\u00f3b \u0142\u0105czenia p\u0142at\u00f3w (parametry oblicze\u0144 jak wy\u017cej):<\/p>\n\n\n\n<div style=\"height: 300px; width: 300px; position: relative;\" class='viewer_3Dmoljs' data-href='https:\/\/teneochem.pl\/struct\/nowe3\/bispenty\/bispentC1-xtb-C144.sdf' data-backgroundcolor='#3300FF' data-style='stick'><\/div>\n\n\n\n<p>Ciekawe jak zachowuj\u0105 si\u0119 te alotropy w warunkach narzuconych przez parametry dynamiki molekularnej. By\u0107 mo\u017ce takie obliczenia uda mi si\u0119 przeprowadzi\u0107 (mam tak\u0105 nadziej\u0119) w przysz\u0142o\u015bci na prostszych strukturach.<\/p>\n","protected":false},"excerpt":{"rendered":"<p>T\u0119 grup\u0119 alotrop\u00f3w w\u0119gla stworzy\u0142em poprzez \u0142\u0105czenie (przez skondensowanie tak, aby uzyska\u0107 uk\u0142ad sprz\u0119\u017conych wi\u0105za\u0144 podw\u00f3jnych) pier\u015bcieni pi\u0119cio- sze\u015bcio-, siedmio-, o\u015bmio- i dziewi\u0119ciocz\u0142onowych. Jeden z w\u0119glowodor\u00f3w, kt\u00f3ry pos\u0142u\u017cy\u0142 jako &#8222;dwuwymiarowy&#8221; model do dalszych konstrukcji, pokaza\u0142em poni\u017cej: W wyniku \u0142\u0105czenia ze sob\u0105 p\u0142at\u00f3w powsta\u0142y pier\u015bcienie czterocz\u0142onowe oraz odmiany alotropowe w\u0119gla o do\u015b\u0107 niezwyk\u0142ych kszta\u0142tach. \u0141\u0105czenie odbywa\u0142o [&hellip;]<\/p>\n","protected":false},"author":2,"featured_media":0,"parent":0,"menu_order":0,"comment_status":"closed","ping_status":"closed","template":"","meta":{"footnotes":""},"class_list":["post-3357","page","type-page","status-publish","hentry"],"_links":{"self":[{"href":"https:\/\/teneochem.pl\/index.php\/wp-json\/wp\/v2\/pages\/3357","targetHints":{"allow":["GET"]}}],"collection":[{"href":"https:\/\/teneochem.pl\/index.php\/wp-json\/wp\/v2\/pages"}],"about":[{"href":"https:\/\/teneochem.pl\/index.php\/wp-json\/wp\/v2\/types\/page"}],"author":[{"embeddable":true,"href":"https:\/\/teneochem.pl\/index.php\/wp-json\/wp\/v2\/users\/2"}],"replies":[{"embeddable":true,"href":"https:\/\/teneochem.pl\/index.php\/wp-json\/wp\/v2\/comments?post=3357"}],"version-history":[{"count":3,"href":"https:\/\/teneochem.pl\/index.php\/wp-json\/wp\/v2\/pages\/3357\/revisions"}],"predecessor-version":[{"id":3678,"href":"https:\/\/teneochem.pl\/index.php\/wp-json\/wp\/v2\/pages\/3357\/revisions\/3678"}],"wp:attachment":[{"href":"https:\/\/teneochem.pl\/index.php\/wp-json\/wp\/v2\/media?parent=3357"}],"curies":[{"name":"wp","href":"https:\/\/api.w.org\/{rel}","templated":true}]}}