{"id":3296,"date":"2024-08-04T21:59:24","date_gmt":"2024-08-04T19:59:24","guid":{"rendered":"https:\/\/teneochem.pl\/?page_id=3296"},"modified":"2025-01-30T15:25:57","modified_gmt":"2025-01-30T15:25:57","slug":"swetereny","status":"publish","type":"page","link":"https:\/\/teneochem.pl\/index.php\/swetereny\/","title":{"rendered":"Swetereny"},"content":{"rendered":"\n<p>Nazwa tej grupy zwi\u0105zk\u00f3w jest wynikiem stwierdzenia, \u017ce nazwa oryginalna (zwitterionidy) nie jest dobra. By\u0107 mo\u017ce i nowa nazwa nie jest dobra, ale wyr\u00f3\u017cnia si\u0119 jako\u015b i niech tak zostanie. <\/p>\n\n\n\n<p>Opisana tu seria zwi\u0105zk\u00f3w jest uproszczon\u0105 wersj\u0105 grupy bez nazwy <a href=\"https:\/\/teneochem.pl\/c108n12\/\" target=\"_blank\" rel=\"noreferrer noopener\">C<sub>108<\/sub>N<sub>12<\/sub>.<\/a> Na pocz\u0105tku oblicze\u0144 przyjrza\u0142em si\u0119 tetracyklicznemu makrocyklowi pokazanemu poni\u017cej (Orca 4.2.1\/ B3LYP\/ def2-SVP\/ hess-plus):<\/p>\n\n\n\n<div style=\"height: 300px; width: 300px; position: relative;\" class='viewer_3Dmoljs' data-href='https:\/\/teneochem.pl\/struct\/nowe2\/swetereny\/zwitter-1-onv-C15H6N6-najprostszy.sdf' data-backgroundcolor='#660000' data-style='stick:radius~0.2;sphere:radius~0.4'><\/div>\n\n\n\n<p>Struktur\u0119 t\u0119 stara\u0142em si\u0119 rozbudowa\u0107 o kolejne cykle, kt\u00f3re pokaza\u0142em na rysunku poni\u017cej:<\/p>\n\n\n\n<figure class=\"wp-block-image aligncenter size-full is-resized\"><img loading=\"lazy\" decoding=\"async\" width=\"1359\" height=\"532\" src=\"http:\/\/teneochem.pl\/wp-content\/uploads\/2024\/08\/trzy-zwittery.jpg\" alt=\"\" class=\"wp-image-3304\" style=\"width:582px;height:auto\" srcset=\"https:\/\/teneochem.pl\/wp-content\/uploads\/2024\/08\/trzy-zwittery.jpg 1359w, https:\/\/teneochem.pl\/wp-content\/uploads\/2024\/08\/trzy-zwittery-300x117.jpg 300w, https:\/\/teneochem.pl\/wp-content\/uploads\/2024\/08\/trzy-zwittery-1024x401.jpg 1024w, https:\/\/teneochem.pl\/wp-content\/uploads\/2024\/08\/trzy-zwittery-768x301.jpg 768w\" sizes=\"auto, (max-width: 1359px) 100vw, 1359px\" \/><\/figure>\n\n\n\n<p>Okaza\u0142o si\u0119 jednak, \u017ce rozbudowa prowadzi do geometrii, kt\u00f3re po optymalizacji wykazuj\u0105 ujemne cz\u0119sto\u015bci. Dla cz\u0105steczki <strong>A<\/strong> na poziomie p\u00f3\u0142empirycznym (Orca 4.2.1\/ PM3\/ hess-minus). Dla cz\u0105steczki <strong>B<\/strong> (parametry oblicze\u0144 jak poprzednio). Z cz\u0105steczk\u0105 <strong>C<\/strong> mia\u0142em wi\u0119cej k\u0142opot\u00f3w. Na poziomie p\u00f3\u0142empirycznym cz\u0105steczka da\u0142a si\u0119 zrelaksowa\u0107 (Orca 4.2.1\/ PM3\/ hess-plus oraz Orca 6.0.0\/ XTB\/hess-plus). Jednak\u017ce podniesienie poziomu na DFT i wykonanie optymalizacji pokazywa\u0142o brak relaksacji. I to mimo usilnych pr\u00f3b modyfikacji wyj\u015bciowej geometrii wyj\u015bciowej na podstawie zachowania si\u0119 cz\u0119sto\u015bci ujemnej (Orca 6.0.0\/ revPBE\/ def2-TZVP\/ hess-minus).<\/p>\n\n\n\n<p>Mo\u017cna powiedzie\u0107, \u017ce te wyniki maj\u0105 charakter pora\u017cki koncepcyjnej. Nie dawa\u0142o mi jednak spokoju zachowanie si\u0119 cz\u0119sto\u015bci ujemnych w modelu <strong>C<\/strong>. Zaryzykowa\u0142em jego rozbudow\u0119 w taki spos\u00f3b aby uzyska\u0107 struktury owalne. Wyniki tych prac zostan\u0105 przedstawione w nast\u0119pnej cz\u0119\u015bci.<\/p>\n\n\n\n<p><a href=\"https:\/\/teneochem.pl\/index.php\/swetereny2\/\">Swetereny2<\/a> &#8211; klik &#8211; (7 sierpnia 2024)<\/p>\n","protected":false},"excerpt":{"rendered":"<p>Nazwa tej grupy zwi\u0105zk\u00f3w jest wynikiem stwierdzenia, \u017ce nazwa oryginalna (zwitterionidy) nie jest dobra. By\u0107 mo\u017ce i nowa nazwa nie jest dobra, ale wyr\u00f3\u017cnia si\u0119 jako\u015b i niech tak zostanie. Opisana tu seria zwi\u0105zk\u00f3w jest uproszczon\u0105 wersj\u0105 grupy bez nazwy C108N12. Na pocz\u0105tku oblicze\u0144 przyjrza\u0142em si\u0119 tetracyklicznemu makrocyklowi pokazanemu poni\u017cej (Orca 4.2.1\/ B3LYP\/ def2-SVP\/ hess-plus): [&hellip;]<\/p>\n","protected":false},"author":2,"featured_media":0,"parent":0,"menu_order":0,"comment_status":"closed","ping_status":"closed","template":"","meta":{"footnotes":""},"class_list":["post-3296","page","type-page","status-publish","hentry"],"_links":{"self":[{"href":"https:\/\/teneochem.pl\/index.php\/wp-json\/wp\/v2\/pages\/3296","targetHints":{"allow":["GET"]}}],"collection":[{"href":"https:\/\/teneochem.pl\/index.php\/wp-json\/wp\/v2\/pages"}],"about":[{"href":"https:\/\/teneochem.pl\/index.php\/wp-json\/wp\/v2\/types\/page"}],"author":[{"embeddable":true,"href":"https:\/\/teneochem.pl\/index.php\/wp-json\/wp\/v2\/users\/2"}],"replies":[{"embeddable":true,"href":"https:\/\/teneochem.pl\/index.php\/wp-json\/wp\/v2\/comments?post=3296"}],"version-history":[{"count":3,"href":"https:\/\/teneochem.pl\/index.php\/wp-json\/wp\/v2\/pages\/3296\/revisions"}],"predecessor-version":[{"id":3521,"href":"https:\/\/teneochem.pl\/index.php\/wp-json\/wp\/v2\/pages\/3296\/revisions\/3521"}],"wp:attachment":[{"href":"https:\/\/teneochem.pl\/index.php\/wp-json\/wp\/v2\/media?parent=3296"}],"curies":[{"name":"wp","href":"https:\/\/api.w.org\/{rel}","templated":true}]}}