{"id":3251,"date":"2024-07-31T21:58:36","date_gmt":"2024-07-31T19:58:36","guid":{"rendered":"https:\/\/teneochem.pl\/?page_id=3251"},"modified":"2025-01-30T15:24:26","modified_gmt":"2025-01-30T15:24:26","slug":"aza-idee","status":"publish","type":"page","link":"https:\/\/teneochem.pl\/index.php\/aza-idee\/","title":{"rendered":"Aza-idee"},"content":{"rendered":"\n<p>Kolejnym etapem budowy nowych cz\u0105steczek w oparciu o opisane poprzednio struktury by\u0142o dodanie po jednym segmencie zawieraj\u0105cym pier\u015bcienie cyklobutadienylowe. Tak uczyni\u0142em  z drug\u0105 cz\u0105steczk\u0105 przedstawion\u0105 w poprzednim wpisie (Orca 6.0.0\/ XTB\/ hess-plus):<\/p>\n\n\n\n<div style=\"height: 300px; width: 300px; position: relative;\" class='viewer_3Dmoljs' data-href='https:\/\/teneochem.pl\/struct\/nowe2\/C108N12\/aza-idea2-podstawa-pas-xtb-C96H12N12.sdf' data-backgroundcolor='#666699' data-style='stick:radius~0.2;sphere:radius~0.4'><\/div>\n\n\n\n<p>Atomy wodoru w liczbie sze\u015bciu na ka\u017cde skrzyd\u0142o, zasugerowa\u0142y mi, \u017ce mo\u017cna je usun\u0105\u0107 i utworzy\u0107 wi\u0105zania do dw\u00f3ch heksapodstawionych pier\u015bcieni benzenowych poprzez mostki acetylenowe. Powsta\u0142a cz\u0105steczka o kszta\u0142cie dra\u017cetki jest (chyba mo\u017cna t\u0119 struktur\u0119 tak nazwa\u0107) azaanalogiem alotropu w\u0119gla (parametry oblicze\u0144 jak wy\u017cej):<\/p>\n\n\n\n<div style=\"height: 300px; width: 300px; position: relative;\" class='viewer_3Dmoljs' data-href='https:\/\/teneochem.pl\/struct\/nowe2\/C108N12\/aza-idea2-dokonczenie-xtb1-C132N12.sdf' data-backgroundcolor='#666699' data-style='stick:radius~0.2;sphere:radius~0.4'><\/div>\n\n\n\n<p>Wykona\u0142em krok do ty\u0142u i usun\u0105\u0142em jeden p\u0142at z heksapodstawionym benzenem. Do zwolnionych atom\u00f3w w\u0119gla przy\u0142\u0105czy\u0142em atomy wodoru. Powsta\u0142a p\u00f3\u0142zamkni\u0119ta struktura o kszta\u0142cie miseczki (parametry oblicze\u0144 jak wy\u017cej):<\/p>\n\n\n\n<div style=\"height: 300px; width: 300px; position: relative;\" class='viewer_3Dmoljs' data-href='https:\/\/teneochem.pl\/struct\/nowe2\/C108N12\/idea-polowa-xtb-C114H6N12.sdf' data-backgroundcolor='#666699' data-style='stick:radius~0.2;sphere:radius~0.4'><\/div>\n\n\n\n<p>Dwie takie cz\u0105steczki po\u0142\u0105czy\u0142em mostkami acetylenowymi po uprzednim usuni\u0119ciu atom\u00f3w wodoru (parametry oblicze\u0144 jak wy\u017cej): <\/p>\n\n\n\n<div style=\"height: 300px; width: 300px; position: relative;\" class='viewer_3Dmoljs' data-href='https:\/\/teneochem.pl\/struct\/nowe2\/C108N12\/aza-idea2-podwojona-krotsza-xtb1-C240N24.sdf' data-backgroundcolor='#666699' data-style='stick:radius~0.2;sphere:radius~0.4'><\/div>\n\n\n\n<p>Przygl\u0105da\u0142em si\u0119 przew\u0119\u017ceniu w \u015brodkowej cz\u0119\u015bci cz\u0105steczki i zastanawia\u0142em si\u0119, czy pozostanie ono, gdyby wyd\u0142u\u017cy\u0107 \u0142a\u0144cuchy \u0142\u0105cz\u0105ce. Wyd\u0142u\u017cy\u0142em te \u0142a\u0144cuchy do czterech atom\u00f3w w\u0119gla w uk\u0142adzie sprz\u0119\u017conych wi\u0105za\u0144 podw\u00f3jnych. Przew\u0119\u017cenie w tak rozbudowanej drobinie pozosta\u0142o nadal (parametry oblicze\u0144 jak wy\u017cej):<\/p>\n\n\n\n<div style=\"height: 300px; width: 300px; position: relative;\" class='viewer_3Dmoljs' data-href='https:\/\/teneochem.pl\/struct\/nowe2\/C108N12\/aza-idea-podwojona-xtb-C252H24.sdf' data-backgroundcolor='#666699' data-style='stick:radius~0.2;sphere:radius~0.4'><\/div>\n\n\n\n<p><\/p>\n","protected":false},"excerpt":{"rendered":"<p>Kolejnym etapem budowy nowych cz\u0105steczek w oparciu o opisane poprzednio struktury by\u0142o dodanie po jednym segmencie zawieraj\u0105cym pier\u015bcienie cyklobutadienylowe. Tak uczyni\u0142em z drug\u0105 cz\u0105steczk\u0105 przedstawion\u0105 w poprzednim wpisie (Orca 6.0.0\/ XTB\/ hess-plus): Atomy wodoru w liczbie sze\u015bciu na ka\u017cde skrzyd\u0142o, zasugerowa\u0142y mi, \u017ce mo\u017cna je usun\u0105\u0107 i utworzy\u0107 wi\u0105zania do dw\u00f3ch heksapodstawionych pier\u015bcieni benzenowych poprzez [&hellip;]<\/p>\n","protected":false},"author":2,"featured_media":0,"parent":0,"menu_order":0,"comment_status":"closed","ping_status":"closed","template":"","meta":{"footnotes":""},"class_list":["post-3251","page","type-page","status-publish","hentry"],"_links":{"self":[{"href":"https:\/\/teneochem.pl\/index.php\/wp-json\/wp\/v2\/pages\/3251","targetHints":{"allow":["GET"]}}],"collection":[{"href":"https:\/\/teneochem.pl\/index.php\/wp-json\/wp\/v2\/pages"}],"about":[{"href":"https:\/\/teneochem.pl\/index.php\/wp-json\/wp\/v2\/types\/page"}],"author":[{"embeddable":true,"href":"https:\/\/teneochem.pl\/index.php\/wp-json\/wp\/v2\/users\/2"}],"replies":[{"embeddable":true,"href":"https:\/\/teneochem.pl\/index.php\/wp-json\/wp\/v2\/comments?post=3251"}],"version-history":[{"count":2,"href":"https:\/\/teneochem.pl\/index.php\/wp-json\/wp\/v2\/pages\/3251\/revisions"}],"predecessor-version":[{"id":3667,"href":"https:\/\/teneochem.pl\/index.php\/wp-json\/wp\/v2\/pages\/3251\/revisions\/3667"}],"wp:attachment":[{"href":"https:\/\/teneochem.pl\/index.php\/wp-json\/wp\/v2\/media?parent=3251"}],"curies":[{"name":"wp","href":"https:\/\/api.w.org\/{rel}","templated":true}]}}