{"id":3080,"date":"2024-07-01T06:38:22","date_gmt":"2024-07-01T04:38:22","guid":{"rendered":"https:\/\/teneochem.pl\/?page_id=3080"},"modified":"2025-01-30T15:16:38","modified_gmt":"2025-01-30T15:16:38","slug":"azapenty3","status":"publish","type":"page","link":"https:\/\/teneochem.pl\/index.php\/azapenty3\/","title":{"rendered":"Azapenty3"},"content":{"rendered":"\n<p>Kontynuowa\u0142em zamian\u0119 miejscami pier\u015bcieni w p\u0142atach.<\/p>\n\n\n\n<figure class=\"wp-block-image aligncenter size-full is-resized\"><img loading=\"lazy\" decoding=\"async\" width=\"982\" height=\"557\" src=\"http:\/\/teneochem.pl\/wp-content\/uploads\/2024\/06\/C108N12-dwa-platy-izomerD.jpg\" alt=\"\" class=\"wp-image-3082\" style=\"width:524px;height:auto\" srcset=\"https:\/\/teneochem.pl\/wp-content\/uploads\/2024\/06\/C108N12-dwa-platy-izomerD.jpg 982w, https:\/\/teneochem.pl\/wp-content\/uploads\/2024\/06\/C108N12-dwa-platy-izomerD-300x170.jpg 300w, https:\/\/teneochem.pl\/wp-content\/uploads\/2024\/06\/C108N12-dwa-platy-izomerD-768x436.jpg 768w\" sizes=\"auto, (max-width: 982px) 100vw, 982px\" \/><\/figure>\n\n\n\n<p>W tym wypadku obliczeniom podda\u0142em r\u00f3wnie\u017c dwa izomery. Cho\u0107 rozszerzy\u0142em je na kolejne dwa, co opisz\u0119 p\u00f3\u017aniej. Powy\u017cszy rysunek pokazuje, \u017ce mamy do czynienia a p\u0142atami z jednakow\u0105 liczb\u0105 pier\u015bcieni o \u0142adunku dodatnim i ujemnym. Pierwszy z izomer\u00f3w zbudowa\u0142em zgodnie z \u0142\u0105czeniem cine-cine (Orca 4.2.1\/ PM3\/ hess-plus):<\/p>\n\n\n\n<div style=\"height: 300px; width: 300px; position: relative;\" class='viewer_3Dmoljs' data-href='https:\/\/teneochem.pl\/struct\/nowe2\/azapenty\/C108N12izoD2-pm3.sdf' data-backgroundcolor='#003300' data-style='stick:radius~0.2;sphere:radius~0.4'><\/div>\n\n\n\n<p>Drugi izomer jest zbudowany wed\u0142ug \u0142\u0105czenia cine-tele i odwrotnie (parametry oblicze\u0144 jak wy\u017cej):<\/p>\n\n\n\n<div style=\"height: 300px; width: 300px; position: relative;\" class='viewer_3Dmoljs' data-href='https:\/\/teneochem.pl\/struct\/nowe2\/azapenty\/C108N12izoD1-pm3.sdf' data-backgroundcolor='#003300' data-style='stick:radius~0.2;sphere:radius~0.4'><\/div>\n\n\n\n<p>Jak ju\u017c wspomnia\u0142em, skonstruowa\u0142em jeszcze dwa izomery.  Rysunek poni\u017cej pokazuje t\u0119 wersj\u0119:<\/p>\n\n\n\n<figure class=\"wp-block-image aligncenter size-full is-resized\"><img loading=\"lazy\" decoding=\"async\" width=\"1028\" height=\"557\" src=\"http:\/\/teneochem.pl\/wp-content\/uploads\/2024\/06\/C108N12-dwa-platy-izomerDmeta.jpg\" alt=\"\" class=\"wp-image-3086\" style=\"width:559px;height:auto\" srcset=\"https:\/\/teneochem.pl\/wp-content\/uploads\/2024\/06\/C108N12-dwa-platy-izomerDmeta.jpg 1028w, https:\/\/teneochem.pl\/wp-content\/uploads\/2024\/06\/C108N12-dwa-platy-izomerDmeta-300x163.jpg 300w, https:\/\/teneochem.pl\/wp-content\/uploads\/2024\/06\/C108N12-dwa-platy-izomerDmeta-1024x555.jpg 1024w, https:\/\/teneochem.pl\/wp-content\/uploads\/2024\/06\/C108N12-dwa-platy-izomerDmeta-768x416.jpg 768w\" sizes=\"auto, (max-width: 1028px) 100vw, 1028px\" \/><\/figure>\n\n\n\n<p>W p\u0142acie prawym miejscami zamieni\u0142em dwa pier\u015bcienie skrzyd\u0142owe. W ten spos\u00f3b jeden anion cyklopentadienylowy znalaz\u0142 si\u0119 pomi\u0119dzy kationami imidazoliowymi. P\u0142at lewy pozosta\u0142 niezmieniony. Powsta\u0142\u0105 w ten spos\u00f3b cz\u0105steczk\u0119 z \u0142\u0105czeniem cine-cine ilustruje r\u0119czna animacja poni\u017cej (parametry oblicze\u0144 jak wy\u017cej):<\/p>\n\n\n\n<div style=\"height: 300px; width: 300px; position: relative;\" class='viewer_3Dmoljs' data-href='https:\/\/teneochem.pl\/struct\/nowe2\/azapenty\/C108N12izoD2meta-pm3.sdf' data-backgroundcolor='#003300' data-style='stick:radius~0.2;sphere:radius~0.4'><\/div>\n\n\n\n<p>\u0141\u0105czenie cine-tele (tele-cine) jest pokazane poni\u017cej (parametry oblicze\u0144 jak wy\u017cej):<\/p>\n\n\n\n<div style=\"height: 300px; width: 300px; position: relative;\" class='viewer_3Dmoljs' data-href='https:\/\/teneochem.pl\/struct\/nowe2\/azapenty\/C108N12izoD1meta-pm3.sdf' data-backgroundcolor='#003300' data-style='stick:radius~0.2;sphere:radius~0.4'><\/div>\n\n\n\n<p>Liczba mo\u017cliwych do utworzenia izomer\u00f3w jest znacznie wi\u0119ksza. Przyk\u0142adowo w lewym pier\u015bcieniu r\u00f3wnie\u017c mo\u017cna przestawi\u0107 dwa skrzyd\u0142owe pier\u015bcienie. W przedstawionym powy\u017cej trybie da to kolejne dwa izomery. Mo\u017cna wykona\u0107 kolejne kombinacje, ale tego nie robi\u0142em, gdy\u017c te konstrukcje stawa\u0142y si\u0119 dla mnie do\u015b\u0107 nudne w tym czasie. Zw\u0142aszcza \u017ce mo\u017cna &#8222;do\u0142o\u017cy\u0107&#8221; inne orientacje wzgl\u0119dem siebie atom\u00f3w azotu w r\u00f3\u017cnych pier\u015bcieniach&#8230; Cz\u0119sto to podkre\u015blam; zostawiam jak\u0105\u015b prac\u0119 na p\u00f3\u017aniej (o ile b\u0119dzie jakie\u015b p\u00f3\u017aniej ze wzgl\u0119du na wiek), gdy\u017c w kolejce czekaj\u0105 kolejne fascynuj\u0105ce struktury. Nie mog\u0119 si\u0119 ju\u017c doczeka\u0107, \u017ceby je tu opublikowa\u0107 w jakim\u015b sensownym porz\u0105dku. Zorganizowanie tego porz\u0105dku wymaga du\u017cego wysi\u0142ku.<\/p>\n","protected":false},"excerpt":{"rendered":"<p>Kontynuowa\u0142em zamian\u0119 miejscami pier\u015bcieni w p\u0142atach. W tym wypadku obliczeniom podda\u0142em r\u00f3wnie\u017c dwa izomery. Cho\u0107 rozszerzy\u0142em je na kolejne dwa, co opisz\u0119 p\u00f3\u017aniej. Powy\u017cszy rysunek pokazuje, \u017ce mamy do czynienia a p\u0142atami z jednakow\u0105 liczb\u0105 pier\u015bcieni o \u0142adunku dodatnim i ujemnym. Pierwszy z izomer\u00f3w zbudowa\u0142em zgodnie z \u0142\u0105czeniem cine-cine (Orca 4.2.1\/ PM3\/ hess-plus): Drugi izomer [&hellip;]<\/p>\n","protected":false},"author":2,"featured_media":0,"parent":0,"menu_order":0,"comment_status":"closed","ping_status":"closed","template":"","meta":{"footnotes":""},"class_list":["post-3080","page","type-page","status-publish","hentry"],"_links":{"self":[{"href":"https:\/\/teneochem.pl\/index.php\/wp-json\/wp\/v2\/pages\/3080","targetHints":{"allow":["GET"]}}],"collection":[{"href":"https:\/\/teneochem.pl\/index.php\/wp-json\/wp\/v2\/pages"}],"about":[{"href":"https:\/\/teneochem.pl\/index.php\/wp-json\/wp\/v2\/types\/page"}],"author":[{"embeddable":true,"href":"https:\/\/teneochem.pl\/index.php\/wp-json\/wp\/v2\/users\/2"}],"replies":[{"embeddable":true,"href":"https:\/\/teneochem.pl\/index.php\/wp-json\/wp\/v2\/comments?post=3080"}],"version-history":[{"count":2,"href":"https:\/\/teneochem.pl\/index.php\/wp-json\/wp\/v2\/pages\/3080\/revisions"}],"predecessor-version":[{"id":3655,"href":"https:\/\/teneochem.pl\/index.php\/wp-json\/wp\/v2\/pages\/3080\/revisions\/3655"}],"wp:attachment":[{"href":"https:\/\/teneochem.pl\/index.php\/wp-json\/wp\/v2\/media?parent=3080"}],"curies":[{"name":"wp","href":"https:\/\/api.w.org\/{rel}","templated":true}]}}