{"id":3066,"date":"2024-06-30T22:10:53","date_gmt":"2024-06-30T20:10:53","guid":{"rendered":"https:\/\/teneochem.pl\/?page_id=3066"},"modified":"2025-01-30T15:16:07","modified_gmt":"2025-01-30T15:16:07","slug":"azapenty2","status":"publish","type":"page","link":"https:\/\/teneochem.pl\/index.php\/azapenty2\/","title":{"rendered":"Azapenty2"},"content":{"rendered":"\n<p>Drugi model rozpatrywany poni\u017cej r\u00f3\u017cni si\u0119 tym od poprzedniego, \u017ce dwa pier\u015bcienie zosta\u0142y zamienione miejscami w p\u0142atach. Zamian\u0119 t\u0119 ilustruje rysunek pokazany poni\u017cej:<\/p>\n\n\n\n<figure class=\"wp-block-image aligncenter size-full is-resized\"><img loading=\"lazy\" decoding=\"async\" width=\"1014\" height=\"557\" src=\"http:\/\/teneochem.pl\/wp-content\/uploads\/2024\/06\/C108N12-dwa-platy-izomerB.jpg\" alt=\"\" class=\"wp-image-3067\" style=\"width:549px;height:auto\" srcset=\"https:\/\/teneochem.pl\/wp-content\/uploads\/2024\/06\/C108N12-dwa-platy-izomerB.jpg 1014w, https:\/\/teneochem.pl\/wp-content\/uploads\/2024\/06\/C108N12-dwa-platy-izomerB-300x165.jpg 300w, https:\/\/teneochem.pl\/wp-content\/uploads\/2024\/06\/C108N12-dwa-platy-izomerB-768x422.jpg 768w\" sizes=\"auto, (max-width: 1014px) 100vw, 1014px\" \/><\/figure>\n\n\n\n<p>Jeden centralny pier\u015bcie\u0144 (anion) cyklopentadienylowy z jednego p\u0142ata zosta\u0142 przeniesiony na miejsce pier\u015bcienia imidazoliowego z drugiego p\u0142ata i na odwr\u00f3t. Sumaryczny \u0142adunek cz\u0105steczki jest nadal zerowy. Obliczeniom podda\u0142em dwa izomery r\u00f3\u017cni\u0105ce si\u0119 sposobem po\u0142\u0105czenia p\u0142ata lewego z prawym. Zachowuj\u0105c u\u017cyt\u0105 poprzednio nomenklatur\u0119 po\u0142\u0105czenie p\u0142at\u00f3w jest typu cine-cine (Orca 4.2.1\/ PM3\/ hess-plus):<\/p>\n\n\n\n<div style=\"height: 300px; width: 300px; position: relative;\" class='viewer_3Dmoljs' data-href='https:\/\/teneochem.pl\/struct\/nowe2\/azapenty\/C108N12izoB2-pm3.sdf' data-backgroundcolor='#003300' data-style='stick:radius~0.2;sphere:radius~0.4'><\/div>\n\n\n\n<p>Izomer pokazanego wy\u017cej zwi\u0105zku jest zbudowany na po\u0142\u0105czeniach cine-tele, tele-cine (parametry oblicze\u0144 jak wy\u017cej):<\/p>\n\n\n\n<div style=\"height: 300px; width: 300px; position: relative;\" class='viewer_3Dmoljs' data-href='https:\/\/teneochem.pl\/struct\/nowe2\/azapenty\/C108N12izoB1-pm3.sdf' data-backgroundcolor='#003300' data-style='stick:radius~0.2;sphere:radius~0.4'><\/div>\n\n\n\n<p>Kolejna modyfikacja polega\u0142a r\u00f3wnie\u017c na zamienieniu miejscami kolejnego cyklu pi\u0119ciocz\u0142onowego z obu p\u0142at\u00f3w. Ilustruje to poni\u017cszy rysunek:<\/p>\n\n\n\n<figure class=\"wp-block-image aligncenter size-full is-resized\"><img loading=\"lazy\" decoding=\"async\" width=\"987\" height=\"557\" src=\"http:\/\/teneochem.pl\/wp-content\/uploads\/2024\/06\/C108N12-dwa-platy-izomerC.jpg\" alt=\"\" class=\"wp-image-3072\" style=\"width:460px;height:auto\" srcset=\"https:\/\/teneochem.pl\/wp-content\/uploads\/2024\/06\/C108N12-dwa-platy-izomerC.jpg 987w, https:\/\/teneochem.pl\/wp-content\/uploads\/2024\/06\/C108N12-dwa-platy-izomerC-300x169.jpg 300w, https:\/\/teneochem.pl\/wp-content\/uploads\/2024\/06\/C108N12-dwa-platy-izomerC-768x433.jpg 768w\" sizes=\"auto, (max-width: 987px) 100vw, 987px\" \/><\/figure>\n\n\n\n<p>Podobnie jak poprzednio wybra\u0142em do oblicze\u0144 dwa izomery zbudowane wed\u0142ug po\u0142\u0105cze\u0144 cice-cine oraz tele-cine (cine-tele). R\u00f3wnie\u017c podobnie jak poprzednio obliczenia wykona\u0142em na poziomie p\u00f3\u0142empirycznym (Orca 4.2.1\/ PM3\/ hess-plus):<\/p>\n\n\n\n<div style=\"height: 300px; width: 300px; position: relative;\" class='viewer_3Dmoljs' data-href='https:\/\/teneochem.pl\/struct\/nowe2\/azapenty\/C108N12izoC2-pm3.sdf' data-backgroundcolor='#003300' data-style='stick:radius~0.2;sphere:radius~0.4'><\/div>\n\n\n\n<p>Mo\u017cna tu zwr\u00f3ci\u0107 uwag\u0119 na pewien szczeg\u00f3\u0142. \u0141\u0105czenie p\u0142at\u00f3w cine-cine wymusza &#8222;synperiplanarne&#8221; u\u0142o\u017cenie przeciwnych i centralnych pier\u015bcieni po\u0142\u0105czonych p\u0142at\u00f3w (patrz wy\u017cej). \u0141\u0105czenie cine-tele (tele-cine) powoduje \u017ce te pier\u015bcienie s\u0105 ulokowane sko\u015bnie (parametry oblicze\u0144 jak wy\u017cej):<\/p>\n\n\n\n<div style=\"height: 300px; width: 300px; position: relative;\" class='viewer_3Dmoljs' data-href='https:\/\/teneochem.pl\/struct\/nowe2\/azapenty\/C108N12izoC1-pm3.sdf' data-backgroundcolor='#003300' data-style='stick:radius~0.2;sphere:radius~0.4'><\/div>\n\n\n\n<p><a href=\"https:\/\/teneochem.pl\/index.php\/azapenty3\/\" target=\"_blank\" rel=\"noreferrer noopener\"><strong>Azapenty3<\/strong><\/a> &#8211; (01 lipca 2024)<\/p>\n","protected":false},"excerpt":{"rendered":"<p>Drugi model rozpatrywany poni\u017cej r\u00f3\u017cni si\u0119 tym od poprzedniego, \u017ce dwa pier\u015bcienie zosta\u0142y zamienione miejscami w p\u0142atach. Zamian\u0119 t\u0119 ilustruje rysunek pokazany poni\u017cej: Jeden centralny pier\u015bcie\u0144 (anion) cyklopentadienylowy z jednego p\u0142ata zosta\u0142 przeniesiony na miejsce pier\u015bcienia imidazoliowego z drugiego p\u0142ata i na odwr\u00f3t. Sumaryczny \u0142adunek cz\u0105steczki jest nadal zerowy. Obliczeniom podda\u0142em dwa izomery r\u00f3\u017cni\u0105ce si\u0119 [&hellip;]<\/p>\n","protected":false},"author":2,"featured_media":0,"parent":0,"menu_order":0,"comment_status":"closed","ping_status":"closed","template":"","meta":{"footnotes":""},"class_list":["post-3066","page","type-page","status-publish","hentry"],"_links":{"self":[{"href":"https:\/\/teneochem.pl\/index.php\/wp-json\/wp\/v2\/pages\/3066","targetHints":{"allow":["GET"]}}],"collection":[{"href":"https:\/\/teneochem.pl\/index.php\/wp-json\/wp\/v2\/pages"}],"about":[{"href":"https:\/\/teneochem.pl\/index.php\/wp-json\/wp\/v2\/types\/page"}],"author":[{"embeddable":true,"href":"https:\/\/teneochem.pl\/index.php\/wp-json\/wp\/v2\/users\/2"}],"replies":[{"embeddable":true,"href":"https:\/\/teneochem.pl\/index.php\/wp-json\/wp\/v2\/comments?post=3066"}],"version-history":[{"count":3,"href":"https:\/\/teneochem.pl\/index.php\/wp-json\/wp\/v2\/pages\/3066\/revisions"}],"predecessor-version":[{"id":3517,"href":"https:\/\/teneochem.pl\/index.php\/wp-json\/wp\/v2\/pages\/3066\/revisions\/3517"}],"wp:attachment":[{"href":"https:\/\/teneochem.pl\/index.php\/wp-json\/wp\/v2\/media?parent=3066"}],"curies":[{"name":"wp","href":"https:\/\/api.w.org\/{rel}","templated":true}]}}