{"id":3029,"date":"2024-06-27T19:20:47","date_gmt":"2024-06-27T17:20:47","guid":{"rendered":"https:\/\/teneochem.pl\/?page_id=3029"},"modified":"2025-01-30T15:15:28","modified_gmt":"2025-01-30T15:15:28","slug":"azapenty","status":"publish","type":"page","link":"https:\/\/teneochem.pl\/index.php\/azapenty\/","title":{"rendered":"Azapenty"},"content":{"rendered":"\n<p>Pokazane poni\u017cej zwi\u0105zki s\u0105 podobne do fulleren\u00f3w. R\u00f3\u017cni\u0105 si\u0119 jednak od nich znacznie. Podobie\u0144stwo jest takie, \u017ce obecne s\u0105 pier\u015bcienie pi\u0119ciocz\u0142onowe, kt\u00f3re s\u0105 pochodnymi cyklopentadienu. Wyst\u0119puj\u0105 jednak r\u00f3wnie\u017c sprz\u0119\u017cone pier\u015bcienie imidazolu. Wprowadzenie atom\u00f3w azotu powoduje, \u017ce uzyskane konstrukcje nie s\u0105 ju\u017c fullerenami. Druga r\u00f3\u017cnica polega na tym, \u017ce pier\u015bcienie &#8222;sze\u015bciocz\u0142onowe&#8221; (w fullerenach pier\u015bcienie benzenu) s\u0105 tu skonstruowane r\u00f3wnie\u017c z mostk\u00f3w formalnie etynowych -C\u2261C-. Mo\u017cna nada\u0107 im og\u00f3lny wz\u00f3r sumaryczny C<sub>108<\/sub>N<sub>12<\/sub>. Ta &#8222;monotonia&#8221; w liczbie atom\u00f3w w\u0119gla i azotu wi\u0105\u017ce si\u0119 z ogromn\u0105 liczb\u0105 mo\u017cliwych izomer\u00f3w wynik\u0142ych zw\u0142aszcza z wariacjami w rozmieszczeniu atom\u00f3w azotu. Tutaj przedstawiam pewn\u0105 cz\u0119\u015b\u0107 z nich.<\/p>\n\n\n\n<p>Pomys\u0142 na te struktury opiera\u0142 si\u0119 na po\u0142\u0105czeniu dw\u00f3ch p\u0142at\u00f3w. W pierwszym wypadku jest to p\u0142at zbudowany z sze\u015bciu pier\u015bcieni imidazoliowych po\u0142\u0105czonych, jak wspomnia\u0142em, mostkami etynowymi (-C\u2261C-). P\u0142at ten jest po\u0142\u0105czony z kolei z drugim zbudowanym z sze\u015bciu anion\u00f3w cyklopentadienylowych r\u00f3wnie\u017c po\u0142\u0105czonych mostkami etynowymi oraz za pomoc\u0105 takich samych mostk\u00f3w. Ide\u0119 t\u0119 przedstawia rysunek poni\u017cej:<\/p>\n\n\n\n<figure class=\"wp-block-image aligncenter size-full is-resized\"><img loading=\"lazy\" decoding=\"async\" width=\"1054\" height=\"557\" src=\"http:\/\/teneochem.pl\/wp-content\/uploads\/2024\/06\/laczenie-izom-A.jpg\" alt=\"\" class=\"wp-image-3043\" style=\"width:540px;height:auto\" srcset=\"https:\/\/teneochem.pl\/wp-content\/uploads\/2024\/06\/laczenie-izom-A.jpg 1054w, https:\/\/teneochem.pl\/wp-content\/uploads\/2024\/06\/laczenie-izom-A-300x159.jpg 300w, https:\/\/teneochem.pl\/wp-content\/uploads\/2024\/06\/laczenie-izom-A-1024x541.jpg 1024w, https:\/\/teneochem.pl\/wp-content\/uploads\/2024\/06\/laczenie-izom-A-768x406.jpg 768w\" sizes=\"auto, (max-width: 1054px) 100vw, 1054px\" \/><\/figure>\n\n\n\n<p>Mo\u017cna tu wyr\u00f3\u017cni\u0107 dwa sposoby \u0142\u0105czenia p\u0142at\u00f3w. Pierwszy nazwiemy typem <mark style=\"background-color:rgba(0, 0, 0, 0);color:#ea1010\" class=\"has-inline-color\">cine<\/mark>-cine, drugi <mark style=\"background-color:rgba(0, 0, 0, 0);color:#f10c0c\" class=\"has-inline-color\">cine<\/mark>-tele (i naprzemiennie <mark style=\"background-color:rgba(0, 0, 0, 0);color:#f20c0c\" class=\"has-inline-color\">tele<\/mark>-cine). Sposoby te fragmentarycznie pokazuje rysunek poni\u017cej:<\/p>\n\n\n\n<figure class=\"wp-block-image aligncenter size-full is-resized\"><img loading=\"lazy\" decoding=\"async\" width=\"695\" height=\"438\" src=\"http:\/\/teneochem.pl\/wp-content\/uploads\/2024\/06\/cine-tele-laczenie-1.jpg\" alt=\"\" class=\"wp-image-3061\" style=\"width:534px;height:auto\" srcset=\"https:\/\/teneochem.pl\/wp-content\/uploads\/2024\/06\/cine-tele-laczenie-1.jpg 695w, https:\/\/teneochem.pl\/wp-content\/uploads\/2024\/06\/cine-tele-laczenie-1-300x189.jpg 300w\" sizes=\"auto, (max-width: 695px) 100vw, 695px\" \/><\/figure>\n\n\n\n<p>Powy\u017cej fragment p\u0142ata z cyklami imidazoliowymi zosta\u0142 zaznaczony na czerwono. Natomiast pierwsza struktura pokazana poni\u017cej jest \u0142\u0105czeniem typu cine-cine (Orca 4.2.1\/ PM3\/ hess-plus):<\/p>\n\n\n\n<div style=\"height: 300px; width: 300px; position: relative;\" class='viewer_3Dmoljs' data-href='https:\/\/teneochem.pl\/struct\/nowe2\/azapenty\/C108N12izoA2-pm3-po-roku.sdf' data-backgroundcolor='#003300' data-style='stick:radius~0.2;sphere:radius~0.4'><\/div>\n\n\n\n<p>Struktura po\u0142\u0105cze\u0144 typu cine-tele (i tele-cine) zosta\u0142a r\u00f3wnie\u017c zoptymalizowana i zrelaksowana na poziomie p\u00f3\u0142empirycznym (parametry oblicze\u0144 jak wy\u017cej):<\/p>\n\n\n\n<div style=\"height: 300px; width: 300px; position: relative;\" class='viewer_3Dmoljs' data-href='https:\/\/teneochem.pl\/struct\/nowe2\/azapenty\/C108N12izoA1-pm3-po-roku.sdf' data-backgroundcolor='#003300' data-style='stick:radius~0.2;sphere:radius~0.4'><\/div>\n\n\n\n<p>Dalsze modyfikacje polega\u0142y na innym u\u0142o\u017ceniu pier\u015bcieni imidazoliowych i cyklopentadienylowych wzgl\u0119dem siebie  obu p\u0142atach.<\/p>\n\n\n\n<p><a href=\"https:\/\/teneochem.pl\/index.php\/azapenty2\/\" target=\"_blank\" rel=\"noreferrer noopener\">Azapenty2<\/a> &#8211; (30 czerwca 2024)<\/p>\n","protected":false},"excerpt":{"rendered":"<p>Pokazane poni\u017cej zwi\u0105zki s\u0105 podobne do fulleren\u00f3w. R\u00f3\u017cni\u0105 si\u0119 jednak od nich znacznie. Podobie\u0144stwo jest takie, \u017ce obecne s\u0105 pier\u015bcienie pi\u0119ciocz\u0142onowe, kt\u00f3re s\u0105 pochodnymi cyklopentadienu. Wyst\u0119puj\u0105 jednak r\u00f3wnie\u017c sprz\u0119\u017cone pier\u015bcienie imidazolu. Wprowadzenie atom\u00f3w azotu powoduje, \u017ce uzyskane konstrukcje nie s\u0105 ju\u017c fullerenami. Druga r\u00f3\u017cnica polega na tym, \u017ce pier\u015bcienie &#8222;sze\u015bciocz\u0142onowe&#8221; (w fullerenach pier\u015bcienie benzenu) s\u0105 [&hellip;]<\/p>\n","protected":false},"author":2,"featured_media":0,"parent":0,"menu_order":0,"comment_status":"closed","ping_status":"closed","template":"","meta":{"footnotes":""},"class_list":["post-3029","page","type-page","status-publish","hentry"],"_links":{"self":[{"href":"https:\/\/teneochem.pl\/index.php\/wp-json\/wp\/v2\/pages\/3029","targetHints":{"allow":["GET"]}}],"collection":[{"href":"https:\/\/teneochem.pl\/index.php\/wp-json\/wp\/v2\/pages"}],"about":[{"href":"https:\/\/teneochem.pl\/index.php\/wp-json\/wp\/v2\/types\/page"}],"author":[{"embeddable":true,"href":"https:\/\/teneochem.pl\/index.php\/wp-json\/wp\/v2\/users\/2"}],"replies":[{"embeddable":true,"href":"https:\/\/teneochem.pl\/index.php\/wp-json\/wp\/v2\/comments?post=3029"}],"version-history":[{"count":3,"href":"https:\/\/teneochem.pl\/index.php\/wp-json\/wp\/v2\/pages\/3029\/revisions"}],"predecessor-version":[{"id":3515,"href":"https:\/\/teneochem.pl\/index.php\/wp-json\/wp\/v2\/pages\/3029\/revisions\/3515"}],"wp:attachment":[{"href":"https:\/\/teneochem.pl\/index.php\/wp-json\/wp\/v2\/media?parent=3029"}],"curies":[{"name":"wp","href":"https:\/\/api.w.org\/{rel}","templated":true}]}}