{"id":3019,"date":"2024-06-19T21:57:45","date_gmt":"2024-06-19T19:57:45","guid":{"rendered":"https:\/\/teneochem.pl\/?page_id=3019"},"modified":"2025-01-30T15:14:32","modified_gmt":"2025-01-30T15:14:32","slug":"dplaskeny5","status":"publish","type":"page","link":"https:\/\/teneochem.pl\/index.php\/dplaskeny5\/","title":{"rendered":"Dplaskeny5"},"content":{"rendered":"\n<p>Opisze poni\u017cej przyk\u0142ady alotrop\u00f3w w\u0119gla, kt\u00f3re skonstruowa\u0142em z wyj\u015bciowych dplasken\u00f3w przez usuni\u0119cie wewn\u0119trznych atom\u00f3w wodoru. Powsta\u0142e dwu- lub tr\u00f3jwi\u0105zalne atomy w\u0119gla po\u0142\u0105czy\u0142em ze sob\u0105 za pomoc\u0105 wi\u0105za\u0144 pojedynczych lub podw\u00f3jnych. Uzyskane w ten spos\u00f3b struktury wst\u0119pnie optymalizowa\u0142em za pomoc\u0105 MM (ChemSketch 2022) a nast\u0119pnie z wykorzystaniem metody PM3. <\/p>\n\n\n\n<p>Pierwszy skonstruowany w ten spos\u00f3b alotrop zawiera 10 atom\u00f3w w\u0119gla (Orca 4.2.1\/ PM3\/ hess-plus):<\/p>\n\n\n\n<div style=\"height: 300px; width: 300px; position: relative;\" class='viewer_3Dmoljs' data-href='https:\/\/teneochem.pl\/struct\/nowe2\/dplaskeny\/bi-2H-dziuro-plaskaten-torusen-pm3-onv-C170.sdf' data-backgroundcolor='#FF9966' data-style='stick:radius~0.2;sphere:radius~0.4'><\/div>\n\n\n\n<p>Alotropy te nazwa\u0142em torusenami. Nast\u0119pny alotrop zawiera 282 atomy w\u0119gla (parametry oblicze\u0144 jak wy\u017cej):<\/p>\n\n\n\n<div style=\"height: 300px; width: 300px; position: relative;\" class='viewer_3Dmoljs' data-href='https:\/\/teneochem.pl\/struct\/nowe2\/dplaskeny\/bi-2H-dziuro-plaskaten3-torusen-pm3-C282.sdf' data-backgroundcolor='#FF9966' data-style='stick:radius~0.2;sphere:radius~0.4'><\/div>\n\n\n\n<p>Kolejny zawiera 290 atom\u00f3w w\u0119gla (parametry oblicze\u0144 jak wy\u017cej):<\/p>\n\n\n\n<div style=\"height: 300px; width: 300px; position: relative;\" class='viewer_3Dmoljs' data-href='https:\/\/teneochem.pl\/struct\/nowe2\/dplaskeny\/bi-2H-dziuro-plaskaten2-torusen-pm3-C290.sdf' data-backgroundcolor='#FF9966' data-style='stick:radius~0.2;sphere:radius~0.4'><\/div>\n\n\n\n<p>Nie mog\u0119 si\u0119 oprze\u0107 wra\u017ceniu, \u017ce struktury te maj\u0105 \u0142adny kszta\u0142t. Szkoda, \u017ce nie mog\u0119 wykona\u0107 oblicze\u0144 na wy\u017cszym poziomie. Sporo w\u0142a\u015bciwo\u015bci takich alotrop\u00f3w wymaga wyja\u015bnienia.<\/p>\n\n\n\n<p>Ostatni pokazany tu alotrop alotrop zawiera a\u017c 300 atom\u00f3w w\u0119gla. Powsta\u0142 on przez modyfikacj\u0119 innej grupy niezwyk\u0142ych w\u0119glowodor\u00f3w, o kt\u00f3rych opowiem w p\u00f3\u017aniejszych wpisach. W tym miejscu powiem tylko, \u017ce t\u0119 grup\u0119 zwi\u0105zk\u00f3w nazwa\u0142em na w\u0142asny u\u017cytek plaskenami (Orca 5.0.4\/ PM3\/ hess-plus):<\/p>\n\n\n\n<div style=\"height: 300px; width: 300px; position: relative;\" class='viewer_3Dmoljs' data-href='https:\/\/teneochem.pl\/struct\/nowe2\/dplaskeny\/C300-pm3-1.sdf' data-backgroundcolor='#FF9966' data-style='stick:radius~0.2;sphere:radius~0.4'><\/div>\n","protected":false},"excerpt":{"rendered":"<p>Opisze poni\u017cej przyk\u0142ady alotrop\u00f3w w\u0119gla, kt\u00f3re skonstruowa\u0142em z wyj\u015bciowych dplasken\u00f3w przez usuni\u0119cie wewn\u0119trznych atom\u00f3w wodoru. Powsta\u0142e dwu- lub tr\u00f3jwi\u0105zalne atomy w\u0119gla po\u0142\u0105czy\u0142em ze sob\u0105 za pomoc\u0105 wi\u0105za\u0144 pojedynczych lub podw\u00f3jnych. Uzyskane w ten spos\u00f3b struktury wst\u0119pnie optymalizowa\u0142em za pomoc\u0105 MM (ChemSketch 2022) a nast\u0119pnie z wykorzystaniem metody PM3. Pierwszy skonstruowany w ten spos\u00f3b alotrop zawiera [&hellip;]<\/p>\n","protected":false},"author":2,"featured_media":0,"parent":0,"menu_order":0,"comment_status":"closed","ping_status":"closed","template":"","meta":{"footnotes":""},"class_list":["post-3019","page","type-page","status-publish","hentry"],"_links":{"self":[{"href":"https:\/\/teneochem.pl\/index.php\/wp-json\/wp\/v2\/pages\/3019","targetHints":{"allow":["GET"]}}],"collection":[{"href":"https:\/\/teneochem.pl\/index.php\/wp-json\/wp\/v2\/pages"}],"about":[{"href":"https:\/\/teneochem.pl\/index.php\/wp-json\/wp\/v2\/types\/page"}],"author":[{"embeddable":true,"href":"https:\/\/teneochem.pl\/index.php\/wp-json\/wp\/v2\/users\/2"}],"replies":[{"embeddable":true,"href":"https:\/\/teneochem.pl\/index.php\/wp-json\/wp\/v2\/comments?post=3019"}],"version-history":[{"count":2,"href":"https:\/\/teneochem.pl\/index.php\/wp-json\/wp\/v2\/pages\/3019\/revisions"}],"predecessor-version":[{"id":3651,"href":"https:\/\/teneochem.pl\/index.php\/wp-json\/wp\/v2\/pages\/3019\/revisions\/3651"}],"wp:attachment":[{"href":"https:\/\/teneochem.pl\/index.php\/wp-json\/wp\/v2\/media?parent=3019"}],"curies":[{"name":"wp","href":"https:\/\/api.w.org\/{rel}","templated":true}]}}