{"id":2986,"date":"2024-06-17T21:24:25","date_gmt":"2024-06-17T19:24:25","guid":{"rendered":"https:\/\/teneochem.pl\/?page_id=2986"},"modified":"2025-01-30T15:13:25","modified_gmt":"2025-01-30T15:13:25","slug":"dplaskeny3","status":"publish","type":"page","link":"https:\/\/teneochem.pl\/index.php\/dplaskeny3\/","title":{"rendered":"Dplaskeny3"},"content":{"rendered":"\n<p>Kolejne struktury zosta\u0142y utworzone za pomoc\u0105 \u0142\u0105czenia dw\u00f3ch dplasken\u00f3w z wykorzystaniem tworzenia wi\u0105za\u0144 pomi\u0119dzy atomami w\u0119gla. Mo\u017cliwo\u015bc taka powsta\u0142a w wyniku usuni\u0119cia atom\u00f3w wodoru. Pierwsza struktura posiada wz\u00f3r sumaryczny C<sub>102<\/sub>H<sub>6<\/sub>. Powsta\u0142a w wyniku po\u0142\u0105czenia dw\u00f3ch dplasken\u00f3w zawieraj\u0105cych po 51 atom\u00f3w w\u0119gla (Orca 4.2.1\/ PM3\/ hess-plus):<\/p>\n\n\n\n<div style=\"height: 300px; width: 300px; position: relative;\" class='viewer_3Dmoljs' data-href='https:\/\/teneochem.pl\/struct\/nowe2\/dplaskeny\/bi-plask-folden-3-dziuren-pm3-C102H6.sdf' data-backgroundcolor='#FF9966' data-style='stick:radius~0.2;sphere:radius~0.4'><\/div>\n\n\n\n<p>Uk\u0142ad geometryczny atom\u00f3w wodoru zasugerowa\u0142 mi zast\u0105pienie ich dwiema grupami \u2261C-H. Dzi\u0119ki temu zabiegowi powsta\u0142 w\u0119glowod\u00f3r C<sub>104<\/sub>H<sub>2<\/sub> (parametry oblicze\u0144 jak wy\u017cej): <\/p>\n\n\n\n<div style=\"height: 300px; width: 300px; position: relative;\" class='viewer_3Dmoljs' data-href='https:\/\/teneochem.pl\/struct\/nowe2\/dplaskeny\/bi-plask-folden-3-2CH-C104H2.sdf' data-backgroundcolor='#FF9966' data-style='stick:radius~0.2;sphere:radius~0.4'><\/div>\n\n\n\n<p>W kolejnej modyfikacji grupy metinowe zast\u0105pi\u0142em pier\u015bcieniami cyklopropanowymi. W ten spos\u00f3b powsta\u0142 alotrop w\u0119gla o wzorze C108 (parametry oblicze\u0144 jak wy\u017cej):<\/p>\n\n\n\n<div style=\"height: 300px; width: 300px; position: relative;\" class='viewer_3Dmoljs' data-href='https:\/\/teneochem.pl\/struct\/nowe2\/dplaskeny\/bi-plask-folden-3-cytrynen-pm3-C108.sdf' data-backgroundcolor='#FF9966' data-style='stick:radius~0.2;sphere:radius~0.4'><\/div>\n\n\n\n<p>Struktura wy\u017cej pokazanego alotropu przypomina mi nieco kszta\u0142tem cytryn\u0119 \ud83d\ude42 Do zagadnienia alotrop\u00f3w z tej serii zwi\u0105zk\u00f3w powr\u00f3c\u0119 nieco dalej. Tutaj wracam do w\u0119glowodor\u00f3w.<\/p>\n\n\n\n<p>Po\u0142\u0105czenie dw\u00f3ch dplasken\u00f3w zawieraj\u0105cych 85 atom\u00f3w w\u0119gla da\u0142o struktur\u0119 z w pe\u0142ni sprz\u0119\u017conym uk\u0142adem wi\u0105za\u0144 podw\u00f3jnych (parametry oblicze\u0144 jak wy\u017cej): <\/p>\n\n\n\n<div style=\"height: 300px; width: 300px; position: relative;\" class='viewer_3Dmoljs' data-href='https:\/\/teneochem.pl\/struct\/nowe2\/dplaskeny\/bi-dziuro-plaskaten-pm3-onv-C170H10.sdf' data-backgroundcolor='#FF9966' data-style='stick:radius~0.2;sphere:radius~0.4'><\/div>\n\n\n\n<p>Pe\u0142ne sprz\u0119\u017cenie w powy\u017cszej strukturze o wzorze sumarycznym C<sub>170<\/sub>H<sub>10<\/sub> jest mo\u017cliwe dzi\u0119ki usuni\u0119ciu atom\u00f3w wodoru z dw\u00f3ch skrzyd\u0142owych grup metylenowych. Dzi\u0119ki temu pomi\u0119dzy atomami w\u0119gla mo\u017cna by\u0142o utworzy\u0107 wi\u0105zanie podw\u00f3jne.<\/p>\n\n\n\n<p>Co ciekawe podwojona struktura dplaskenu z sze\u015bcioma atomami wodoru w centralnym otworze nie jest pofalowana jak orygina\u0142, z kt\u00f3rego ta cz\u0105steczka zosta\u0142a zbudowana (parametry oblicze\u0144 jak wy\u017cej):<\/p>\n\n\n\n<div style=\"height: 300px; width: 300px; position: relative;\" class='viewer_3Dmoljs' data-href='https:\/\/teneochem.pl\/struct\/nowe2\/dplaskeny\/bi-dziuro-plaskaten-folden-6-C204H12.sdf' data-backgroundcolor='#FF9966' data-style='stick:radius~0.2;sphere:radius~0.4'><\/div>\n\n\n\n<p>Natychmiast powsta\u0142o pytanie, czy budowa podwojonego dplaskenu z siedmioma atomami wodoru w otworze centralnym (lub czternastoma je\u015bli liczy\u0107 oba p\u0142aty C<sub>238<\/sub>H<sub>14<\/sub>) b\u0119dzie r\u00f3wnie regularna. Optymalizacja potwierdzi\u0142a to przypuszczenie (parametry oblicze\u0144 jak wy\u017cej):<\/p>\n\n\n\n<div style=\"height: 300px; width: 300px; position: relative;\" class='viewer_3Dmoljs' data-href='https:\/\/teneochem.pl\/struct\/nowe2\/dplaskeny\/bi-dziuro-plaskaten-folden-7-pm3-C238H14.sdf' data-backgroundcolor='#FF9966' data-style='stick:radius~0.2;sphere:radius~0.4'><\/div>\n\n\n\n<p><a href=\"https:\/\/teneochem.pl\/index.php\/dplaskeny4\/\" target=\"_blank\" rel=\"noreferrer noopener\"><strong>Dplaskeny4<\/strong><\/a> &#8211; (18 czerwca 2024)<\/p>\n","protected":false},"excerpt":{"rendered":"<p>Kolejne struktury zosta\u0142y utworzone za pomoc\u0105 \u0142\u0105czenia dw\u00f3ch dplasken\u00f3w z wykorzystaniem tworzenia wi\u0105za\u0144 pomi\u0119dzy atomami w\u0119gla. Mo\u017cliwo\u015bc taka powsta\u0142a w wyniku usuni\u0119cia atom\u00f3w wodoru. Pierwsza struktura posiada wz\u00f3r sumaryczny C102H6. Powsta\u0142a w wyniku po\u0142\u0105czenia dw\u00f3ch dplasken\u00f3w zawieraj\u0105cych po 51 atom\u00f3w w\u0119gla (Orca 4.2.1\/ PM3\/ hess-plus): Uk\u0142ad geometryczny atom\u00f3w wodoru zasugerowa\u0142 mi zast\u0105pienie ich dwiema grupami [&hellip;]<\/p>\n","protected":false},"author":2,"featured_media":0,"parent":0,"menu_order":0,"comment_status":"closed","ping_status":"closed","template":"","meta":{"footnotes":""},"class_list":["post-2986","page","type-page","status-publish","hentry"],"_links":{"self":[{"href":"https:\/\/teneochem.pl\/index.php\/wp-json\/wp\/v2\/pages\/2986","targetHints":{"allow":["GET"]}}],"collection":[{"href":"https:\/\/teneochem.pl\/index.php\/wp-json\/wp\/v2\/pages"}],"about":[{"href":"https:\/\/teneochem.pl\/index.php\/wp-json\/wp\/v2\/types\/page"}],"author":[{"embeddable":true,"href":"https:\/\/teneochem.pl\/index.php\/wp-json\/wp\/v2\/users\/2"}],"replies":[{"embeddable":true,"href":"https:\/\/teneochem.pl\/index.php\/wp-json\/wp\/v2\/comments?post=2986"}],"version-history":[{"count":3,"href":"https:\/\/teneochem.pl\/index.php\/wp-json\/wp\/v2\/pages\/2986\/revisions"}],"predecessor-version":[{"id":3511,"href":"https:\/\/teneochem.pl\/index.php\/wp-json\/wp\/v2\/pages\/2986\/revisions\/3511"}],"wp:attachment":[{"href":"https:\/\/teneochem.pl\/index.php\/wp-json\/wp\/v2\/media?parent=2986"}],"curies":[{"name":"wp","href":"https:\/\/api.w.org\/{rel}","templated":true}]}}