{"id":2954,"date":"2024-06-16T12:25:02","date_gmt":"2024-06-16T10:25:02","guid":{"rendered":"https:\/\/teneochem.pl\/?page_id=2954"},"modified":"2025-01-30T15:11:54","modified_gmt":"2025-01-30T15:11:54","slug":"dplaskeny1","status":"publish","type":"page","link":"https:\/\/teneochem.pl\/index.php\/dplaskeny1\/","title":{"rendered":"Dplaskeny1"},"content":{"rendered":"\n<p>Pokazana poni\u017cej seria struktur jest rozwini\u0119ciem idei fulleren\u00f3w, ale z pewnymi zmianami (nazwa tej grupy &#8211; dplaskeny &#8211; ma charakter techniczny). Po pierwsze w cz\u0105steczkach pojawiaj\u0105 si\u0119 skondensowane pier\u015bcienie o innej liczbie atom\u00f3w w\u0119gla ni\u017c pi\u0119\u0107 i sze\u015b\u0107. Po drugie pewne cz\u0119\u015bci sferoidalnych w swej istocie fulleren\u00f3w usun\u0105\u0142em a powsta\u0142e wolne warto\u015bciowo\u015bci zast\u0119powa\u0142em atomami wodoru. Po trzebcie wreszcie wolne warto\u015bciowo\u015bci wykorzystywa\u0142em do podwojenia struktur.<\/p>\n\n\n\n<p>Pierwsza struktura jest w zasadzie po\u0142ow\u0105 pewnego fullerenu. Dodatkowo zrobi\u0142em w tej po\u0142\u00f3wce &#8222;dziur\u0119&#8221;. Tak powsta\u0142 w\u0119glowod\u00f3r C<sub>51<\/sub>H<sub>16<\/sub> (Orca 4.2.1\/ PM3\/ hess-plus):<\/p>\n\n\n\n<div style=\"height: 300px; width: 300px; position: relative;\" class='viewer_3Dmoljs' data-href='https:\/\/teneochem.pl\/struct\/nowe2\/dplaskeny\/2H-dziuro-plask-folden-3-izo-2-pm3-C51H16.sdf' data-backgroundcolor='#FF9966' data-style='stick:radius~0.2;sphere:radius~0.4'><\/div>\n\n\n\n<p>Zwi\u0105zek ten kilka posiada kilka izomer\u00f3w zwi\u0105zanych z r\u00f3\u017cnym po\u0142o\u017ceniem atomu wodoru. Tutaj pokazuj\u0119 jeden z nich, w kt\u00f3rym grupa CH<sub>2<\/sub> le\u017cy w nieco innym miejscu (parametry oblicze\u0144 jak wy\u017cej):<\/p>\n\n\n\n<div style=\"height: 300px; width: 300px; position: relative;\" class='viewer_3Dmoljs' data-href='https:\/\/teneochem.pl\/struct\/nowe2\/dplaskeny\/2H-dziuro-plask-folden-3-pm3-onv-C51H16.sdf' data-backgroundcolor='#FF9966' data-style='stick:radius~0.2;sphere:radius~0.4'><\/div>\n\n\n\n<p>Pozosta\u0142ych izomer\u00f3w nie bada\u0142em i zagadnienie to pozostaje otwarte (czerwiec 2024).<\/p>\n\n\n\n<p>Chc\u0119 zwr\u00f3ci\u0107 uwag\u0119 tu na pewien szczeg\u00f3\u0142. Pokazane powy\u017cej cz\u0105steczki zawieraj\u0105 nieparzyst\u0105 liczb\u0119 atom\u00f3w w\u0119gla (tu 51 atom\u00f3w). To powoduje, \u017ce uk\u0142ad wi\u0105za\u0144 podw\u00f3jnych nie mo\u017ce by\u0107 w pe\u0142ni sprz\u0119\u017cony. Wyst\u0119puje albo grupa CH<sub>2<\/sub> albo tetraedryczny atom w\u0119gla z jednym atomem wodoru (C-H). W wypadku parzystej liczby atom\u00f3w w\u0119gla uk\u0142ad wi\u0105za\u0144 podw\u00f3jnych jest w pe\u0142ni sprz\u0119\u017cony, podobnie jak w pokazanym poni\u017cej modelu C<sub>68<\/sub>H<sub>20<\/sub> (parametry oblicze\u0144 jak wy\u017cej):<\/p>\n\n\n\n<div style=\"height: 300px; width: 300px; position: relative;\" class='viewer_3Dmoljs' data-href='https:\/\/teneochem.pl\/struct\/nowe2\/dplaskeny\/dziuro-plaskaten4-pm4-C68H20.sdf' data-backgroundcolor='#FF9966' data-style='stick:radius~0.2;sphere:radius~0.4'><\/div>\n\n\n\n<p>Okazuje si\u0119, \u017ce ten szczeg\u00f3\u0142 strukturalny objawia si\u0119 tym, \u017ce &#8222;dziura&#8221; na dnie (albo jak kto woli &#8211; na szczycie) cz\u0105steczki posiada nieparzyst\u0105 (w wypadku braku ca\u0142kowitego sprz\u0119\u017cenia) albo parzyst\u0105 liczb\u0119 atom\u00f3w wodoru (w wypadku ca\u0142kowitego sprz\u0119\u017cenia).<\/p>\n\n\n\n<p>Dodatkow\u0105 ilustracj\u0105 tej w\u0142a\u015bciwo\u015bci jest cz\u0105steczka C<sub>85<\/sub>H<sub>26<\/sub>, kt\u00f3rej jeden z tautomer\u00f3w zosta\u0142 pokazany poni\u017cej (parametry oblicze\u0144 jak wy\u017cej):<\/p>\n\n\n\n<div style=\"height: 300px; width: 300px; position: relative;\" class='viewer_3Dmoljs' data-href='https:\/\/teneochem.pl\/struct\/nowe2\/dplaskeny\/2H-dziuro-plaskaten-pm3-onv-C85H26.sdf' data-backgroundcolor='#FF9966' data-style='stick:radius~0.2;sphere:radius~0.4'><\/div>\n\n\n\n<p><a href=\"https:\/\/teneochem.pl\/index.php\/dplaskeny2\/\" target=\"_blank\" rel=\"noreferrer noopener\">Dplaskeny2<\/a> &#8211; klik<\/p>\n","protected":false},"excerpt":{"rendered":"<p>Pokazana poni\u017cej seria struktur jest rozwini\u0119ciem idei fulleren\u00f3w, ale z pewnymi zmianami (nazwa tej grupy &#8211; dplaskeny &#8211; ma charakter techniczny). Po pierwsze w cz\u0105steczkach pojawiaj\u0105 si\u0119 skondensowane pier\u015bcienie o innej liczbie atom\u00f3w w\u0119gla ni\u017c pi\u0119\u0107 i sze\u015b\u0107. Po drugie pewne cz\u0119\u015bci sferoidalnych w swej istocie fulleren\u00f3w usun\u0105\u0142em a powsta\u0142e wolne warto\u015bciowo\u015bci zast\u0119powa\u0142em atomami wodoru. [&hellip;]<\/p>\n","protected":false},"author":2,"featured_media":0,"parent":0,"menu_order":0,"comment_status":"closed","ping_status":"closed","template":"","meta":{"footnotes":""},"class_list":["post-2954","page","type-page","status-publish","hentry"],"_links":{"self":[{"href":"https:\/\/teneochem.pl\/index.php\/wp-json\/wp\/v2\/pages\/2954","targetHints":{"allow":["GET"]}}],"collection":[{"href":"https:\/\/teneochem.pl\/index.php\/wp-json\/wp\/v2\/pages"}],"about":[{"href":"https:\/\/teneochem.pl\/index.php\/wp-json\/wp\/v2\/types\/page"}],"author":[{"embeddable":true,"href":"https:\/\/teneochem.pl\/index.php\/wp-json\/wp\/v2\/users\/2"}],"replies":[{"embeddable":true,"href":"https:\/\/teneochem.pl\/index.php\/wp-json\/wp\/v2\/comments?post=2954"}],"version-history":[{"count":3,"href":"https:\/\/teneochem.pl\/index.php\/wp-json\/wp\/v2\/pages\/2954\/revisions"}],"predecessor-version":[{"id":3507,"href":"https:\/\/teneochem.pl\/index.php\/wp-json\/wp\/v2\/pages\/2954\/revisions\/3507"}],"wp:attachment":[{"href":"https:\/\/teneochem.pl\/index.php\/wp-json\/wp\/v2\/media?parent=2954"}],"curies":[{"name":"wp","href":"https:\/\/api.w.org\/{rel}","templated":true}]}}