{"id":2908,"date":"2024-06-11T21:05:27","date_gmt":"2024-06-11T19:05:27","guid":{"rendered":"https:\/\/teneochem.pl\/?page_id=2908"},"modified":"2025-01-30T15:10:36","modified_gmt":"2025-01-30T15:10:36","slug":"ferroexen","status":"publish","type":"page","link":"https:\/\/teneochem.pl\/index.php\/ferroexen\/","title":{"rendered":"Ferroexen"},"content":{"rendered":"\n<p>Rozwa\u017cania nad struktur\u0105 pochodnych ferrocenu rozpocz\u0105\u0142em od zbudowania pewnej cz\u0105steczki. Jej struktura pokazana poni\u017cej nie sugerowa\u0142a mi pocz\u0105tkowo mo\u017cliwo\u015bci zbudowania struktur ferrocenoidalnych (Orca 5.0.4\/ B3LYP\/ def2-SVP\/ hess-plus):<\/p>\n\n\n\n<div style=\"height: 300px; width: 300px; position: relative;\" class='viewer_3Dmoljs' data-href='https:\/\/teneochem.pl\/struct\/nowe2\/ferrocenoidy\/kokta-onv-C15H5N15.sdf' data-backgroundcolor='yellow' data-style='stick:radius~0.2;sphere:radius~0.4'><\/div>\n\n\n\n<p>U\u015bwiadomi\u0142em sobie jednak, \u017ce wewn\u0119trzne atomy wodoru mo\u017cna zast\u0105pi\u0107 atomami w\u0119gla. Zrobi\u0142em to w taki spos\u00f3b, \u017ce powsta\u0142 uk\u0142ad pentapodstawionego cyklopenta-1,3-dienu. Optymalizacji podda\u0142em anion tego zwi\u0105zku (parametry oblicze\u0144 jak wy\u017cej): <\/p>\n\n\n\n<div style=\"height: 300px; width: 300px; position: relative;\" class='viewer_3Dmoljs' data-href='https:\/\/teneochem.pl\/struct\/nowe2\/ferrocenoidy\/kokta-onv-C20N15-minus.sdf' data-backgroundcolor='yellow' data-style='stick:radius~0.2;sphere:radius~0.4'><\/div>\n\n\n\n<p>Program graficzny sugeruje wi\u0105zania pojedyncze. S\u0105dz\u0119, \u017ce d\u0142ugo\u015b\u0107 wi\u0105za\u0144 jest na tyle r\u00f3wnomierna, \u017ce podpada pod okre\u015blenie &#8222;wi\u0105zania aromatyczne&#8221;. T\u0119 cz\u0105steczk\u0119 u\u017cy\u0142em do budowy sandwiczowego ferroexenu.<\/p>\n\n\n\n<p>Nazwa opisanej dalej cz\u0105steczki (ferroexen) jest do\u015b\u0107 przypadkowa. Do konstrukcji sandwicza wzi\u0105\u0142em dwa p\u0142aty (dwie kromki) wy\u017cej opisanego anionu i umie\u015bci\u0142em mi\u0119dzy nimi kation Fe<sup>2+<\/sup>. Otrzyma\u0142em now\u0105 cz\u0105steczk\u0119, kt\u00f3ra jest rozbudowanym analogiem ferrocenu (Orca 5.0.4\/ B3LYP\/ def2-SVP\/ hess-plus):<\/p>\n\n\n\n<div style=\"height: 300px; width: 300px; position: relative;\" class='viewer_3Dmoljs' data-href='https:\/\/teneochem.pl\/struct\/nowe2\/ferrocenoidy\/ferroexen-skosny-onv-C40N30.sdf' data-backgroundcolor='yellow' data-style='stick:radius~0.2;sphere:radius~0.4'><\/div>\n\n\n\n<p>Geometria cz\u0105steczki okaza\u0142a si\u0119 bardzo czu\u0142a na wzajemne po\u0142o\u017cenie r\u00f3wnoleg\u0142ych p\u0142aszczyzn anion\u00f3w heterocyklicznych. U\u0142o\u017cenie ich dok\u0142adnie naprzeciw generowa\u0142o w hessianie szereg du\u017cych (co do modu\u0142u), ujemnych warto\u015bci w\u0142asnych mimo osi\u0105gni\u0119cia przez uk\u0142ad lokalnego minimum energetycznego. Dopiero niewielkie skr\u0119cenie tych p\u0142aszczyzn wzgl\u0119dem siebie pozwoli\u0142o na optymalizacj\u0119 i pe\u0142n\u0105 relaksacj\u0119 cz\u0105steczki. Taka zrelaksowana struktura jest w\u0142a\u015bnie pokazana powy\u017cej.<\/p>\n","protected":false},"excerpt":{"rendered":"<p>Rozwa\u017cania nad struktur\u0105 pochodnych ferrocenu rozpocz\u0105\u0142em od zbudowania pewnej cz\u0105steczki. Jej struktura pokazana poni\u017cej nie sugerowa\u0142a mi pocz\u0105tkowo mo\u017cliwo\u015bci zbudowania struktur ferrocenoidalnych (Orca 5.0.4\/ B3LYP\/ def2-SVP\/ hess-plus): U\u015bwiadomi\u0142em sobie jednak, \u017ce wewn\u0119trzne atomy wodoru mo\u017cna zast\u0105pi\u0107 atomami w\u0119gla. Zrobi\u0142em to w taki spos\u00f3b, \u017ce powsta\u0142 uk\u0142ad pentapodstawionego cyklopenta-1,3-dienu. Optymalizacji podda\u0142em anion tego zwi\u0105zku (parametry oblicze\u0144 [&hellip;]<\/p>\n","protected":false},"author":2,"featured_media":0,"parent":0,"menu_order":0,"comment_status":"closed","ping_status":"closed","template":"","meta":{"footnotes":""},"class_list":["post-2908","page","type-page","status-publish","hentry"],"_links":{"self":[{"href":"https:\/\/teneochem.pl\/index.php\/wp-json\/wp\/v2\/pages\/2908","targetHints":{"allow":["GET"]}}],"collection":[{"href":"https:\/\/teneochem.pl\/index.php\/wp-json\/wp\/v2\/pages"}],"about":[{"href":"https:\/\/teneochem.pl\/index.php\/wp-json\/wp\/v2\/types\/page"}],"author":[{"embeddable":true,"href":"https:\/\/teneochem.pl\/index.php\/wp-json\/wp\/v2\/users\/2"}],"replies":[{"embeddable":true,"href":"https:\/\/teneochem.pl\/index.php\/wp-json\/wp\/v2\/comments?post=2908"}],"version-history":[{"count":2,"href":"https:\/\/teneochem.pl\/index.php\/wp-json\/wp\/v2\/pages\/2908\/revisions"}],"predecessor-version":[{"id":3643,"href":"https:\/\/teneochem.pl\/index.php\/wp-json\/wp\/v2\/pages\/2908\/revisions\/3643"}],"wp:attachment":[{"href":"https:\/\/teneochem.pl\/index.php\/wp-json\/wp\/v2\/media?parent=2908"}],"curies":[{"name":"wp","href":"https:\/\/api.w.org\/{rel}","templated":true}]}}