{"id":2895,"date":"2024-06-09T15:43:09","date_gmt":"2024-06-09T13:43:09","guid":{"rendered":"https:\/\/teneochem.pl\/?page_id=2895"},"modified":"2025-01-30T15:09:55","modified_gmt":"2025-01-30T15:09:55","slug":"oligocykloalleny","status":"publish","type":"page","link":"https:\/\/teneochem.pl\/index.php\/oligocykloalleny\/","title":{"rendered":"Oligocykloalleny"},"content":{"rendered":"\n<p>Poni\u017cej pokazane s\u0105 przyk\u0142ady oligomer\u00f3w cyklookta-1,2,5,6-tetraenu. Pierwszy model zawiera osiem pier\u015bcieni cyklooktatetraenu po\u0142\u0105czonych mostkami etenowymi (Orca 4.2.1\/ PM3\/ hess-plus):<\/p>\n\n\n\n<div style=\"height: 300px; width: 300px; position: relative;\" class='viewer_3Dmoljs' data-href='https:\/\/teneochem.pl\/struct\/nowe2\/olialleny\/poliwinylocykllallen1-pm3-C65H36.sdf' data-backgroundcolor='#339999' data-style='stick:radius~0.2;sphere:radius~0.4'><\/div>\n\n\n\n<p>Na mnie robi wra\u017cenie niezwyk\u0142a regularno\u015b\u0107 budowy tego oligomeru. Je\u015bli by uda\u0142o si\u0119 w przysz\u0142o\u015bci zsyntezowa\u0107 taki polimer, powinien mie\u0107 ciekawe w\u0142a\u015bciwo\u015bci. <\/p>\n\n\n\n<p>Cisoidalne u\u0142o\u017cenie pier\u015bcieni w poprzednim modelu zasugerowa\u0142o mi mo\u017cliwo\u015b\u0107 umieszczenia ich w konfiguracji transoidalnej. To si\u0119 uda\u0142o (parametry oblicze\u0144 jak wy\u017cej): <\/p>\n\n\n\n<div style=\"height: 300px; width: 300px; position: relative;\" class='viewer_3Dmoljs' data-href='https:\/\/teneochem.pl\/struct\/nowe2\/olialleny\/poliwinylocyklallen2-pm3-C65H36.sdf' data-backgroundcolor='#339999' data-style='stick:radius~0.2;sphere:radius~0.4'><\/div>\n\n\n\n<p>R\u00f3wnie\u017c w tym modelu regularno\u015b\u0107 budowy \u0142a\u0144cucha jest zachowana.<\/p>\n\n\n\n<p>Zastanowi\u0142o mnie pytanie, jak wp\u0142ynie na zaobserwowan\u0105 regularno\u015b\u0107 powy\u017cej pokazanych oligomer\u00f3w po\u0142\u0105czenie pier\u015bcieni na pomoc\u0105 mostk\u00f3w allenowych. Zoptymalizowa\u0142em geometri\u0119 takiego modelu (parametry oblicze\u0144 jak wy\u017cej):<\/p>\n\n\n\n<div style=\"height: 300px; width: 300px; position: relative;\" class='viewer_3Dmoljs' data-href='https:\/\/teneochem.pl\/struct\/nowe2\/olialleny\/policyklallen-skroc-pm3-C73H36.sdf' data-backgroundcolor='#339999' data-style='stick:radius~0.2;sphere:radius~0.4'><\/div>\n\n\n\n<p>Dla pe\u0142niejszego obrazu zoptymalizowa\u0142em drugi izomer konfiguracyjny po\u0142aczony mostkami allenowymi (parametry oblicze\u0144 jak wy\u017cej):<\/p>\n\n\n\n<div style=\"height: 300px; width: 300px; position: relative;\" class='viewer_3Dmoljs' data-href='https:\/\/teneochem.pl\/struct\/nowe2\/olialleny\/policyklallen1-pm3-C75H36.sdf' data-backgroundcolor='#339999' data-style='stick:radius~0.2;sphere:radius~0.4'><\/div>\n\n\n\n<p>Zauwa\u017cy\u0142em, \u017ce po\u0142o\u017cenie egzocyklicznych wi\u0105za\u0144 podw\u00f3jnych oraz u\u0142o\u017cenie przyallenowych atom\u00f3w wodoru pozwala na skonstruowanie  nowego typu struktur o budowie 3D (rozumiem przez to mo\u017cliwo\u015b\u0107 nie tylko rozbudowy liniowej, ale r\u00f3wnie\u017c rozbudowy w pozosta\u0142ych kierunkach). Struktur\u0119 zoptymalizowa\u0142em na poziomie p\u00f3\u0142empirycznym (orca 5.0.4\/ PM3\/ hess-plus):<\/p>\n\n\n\n<div style=\"height: 300px; width: 300px; position: relative;\" class='viewer_3Dmoljs' data-href='https:\/\/teneochem.pl\/struct\/nowe2\/olialleny\/poliwinylocyklallen2-plate1-onv-C32H20.sdf' data-backgroundcolor='#339999' data-style='stick:radius~0.2;sphere:radius~0.4'><\/div>\n\n\n\n<p>Poni\u017cej struktura rozbudowana do 64 atom\u00f3w w\u0119gla (Otrca 4.2.1\/ PM3\/ hess-plus):<\/p>\n\n\n\n<div style=\"height: 300px; width: 300px; position: relative;\" class='viewer_3Dmoljs' data-href='https:\/\/teneochem.pl\/struct\/nowe2\/olialleny\/poliwinylocyklallen2-plate1mod1-pm3-C64H36.sdf' data-backgroundcolor='#339999' data-style='stick:radius~0.2;sphere:radius~0.4'><\/div>\n\n\n\n<p>Ujmuje mnie pi\u0119kno tych struktur. Mam nadziej\u0119, \u017ce b\u0119d\u0119 mia\u0142 czas zaj\u0105\u0107 si\u0119 drogami ich syntezy. Tymczasem musz\u0119 si\u0119 spieszy\u0107 z publikacj\u0105 kolejnych, niezwyk\u0142ych cz\u0105steczek. Czekaj\u0105 one w kolejce.<\/p>\n","protected":false},"excerpt":{"rendered":"<p>Poni\u017cej pokazane s\u0105 przyk\u0142ady oligomer\u00f3w cyklookta-1,2,5,6-tetraenu. Pierwszy model zawiera osiem pier\u015bcieni cyklooktatetraenu po\u0142\u0105czonych mostkami etenowymi (Orca 4.2.1\/ PM3\/ hess-plus): Na mnie robi wra\u017cenie niezwyk\u0142a regularno\u015b\u0107 budowy tego oligomeru. Je\u015bli by uda\u0142o si\u0119 w przysz\u0142o\u015bci zsyntezowa\u0107 taki polimer, powinien mie\u0107 ciekawe w\u0142a\u015bciwo\u015bci. Cisoidalne u\u0142o\u017cenie pier\u015bcieni w poprzednim modelu zasugerowa\u0142o mi mo\u017cliwo\u015b\u0107 umieszczenia ich w konfiguracji transoidalnej. [&hellip;]<\/p>\n","protected":false},"author":2,"featured_media":0,"parent":0,"menu_order":0,"comment_status":"closed","ping_status":"closed","template":"","meta":{"footnotes":""},"class_list":["post-2895","page","type-page","status-publish","hentry"],"_links":{"self":[{"href":"https:\/\/teneochem.pl\/index.php\/wp-json\/wp\/v2\/pages\/2895","targetHints":{"allow":["GET"]}}],"collection":[{"href":"https:\/\/teneochem.pl\/index.php\/wp-json\/wp\/v2\/pages"}],"about":[{"href":"https:\/\/teneochem.pl\/index.php\/wp-json\/wp\/v2\/types\/page"}],"author":[{"embeddable":true,"href":"https:\/\/teneochem.pl\/index.php\/wp-json\/wp\/v2\/users\/2"}],"replies":[{"embeddable":true,"href":"https:\/\/teneochem.pl\/index.php\/wp-json\/wp\/v2\/comments?post=2895"}],"version-history":[{"count":2,"href":"https:\/\/teneochem.pl\/index.php\/wp-json\/wp\/v2\/pages\/2895\/revisions"}],"predecessor-version":[{"id":3640,"href":"https:\/\/teneochem.pl\/index.php\/wp-json\/wp\/v2\/pages\/2895\/revisions\/3640"}],"wp:attachment":[{"href":"https:\/\/teneochem.pl\/index.php\/wp-json\/wp\/v2\/media?parent=2895"}],"curies":[{"name":"wp","href":"https:\/\/api.w.org\/{rel}","templated":true}]}}