{"id":2848,"date":"2024-06-04T22:27:26","date_gmt":"2024-06-04T20:27:26","guid":{"rendered":"https:\/\/teneochem.pl\/?page_id=2848"},"modified":"2025-01-30T15:07:04","modified_gmt":"2025-01-30T15:07:04","slug":"cpcp","status":"publish","type":"page","link":"https:\/\/teneochem.pl\/index.php\/cpcp\/","title":{"rendered":"CPCP"},"content":{"rendered":"\n<p>Tym kodem oznaczy\u0142em struktury zawieraj\u0105ce rozga\u0142\u0119\u017anik w postaci  1,2,3-podstawionego fragmentu cykloprop-2-eno-1-ylidenowego. Drugim rozga\u0142\u0119\u017anikiem jest czterowi\u0105zalny atom w\u0119gla. Takie fragmenty s\u0105 po\u0142\u0105czone za pomoc\u0105 mostk\u00f3w acetylenowych (etynowych) -C\u2261C- lub ich ekwiwalent\u00f3w homoallenowych =C=C=:<\/p>\n\n\n\n<figure class=\"wp-block-image aligncenter size-full is-resized\"><img loading=\"lazy\" decoding=\"async\" width=\"577\" height=\"344\" src=\"http:\/\/teneochem.pl\/wp-content\/uploads\/2024\/06\/cpcp-idea.jpg\" alt=\"\" class=\"wp-image-2862\" style=\"width:337px;height:auto\" srcset=\"https:\/\/teneochem.pl\/wp-content\/uploads\/2024\/06\/cpcp-idea.jpg 577w, https:\/\/teneochem.pl\/wp-content\/uploads\/2024\/06\/cpcp-idea-300x179.jpg 300w\" sizes=\"auto, (max-width: 577px) 100vw, 577px\" \/><\/figure>\n\n\n\n<p>Pierwsz\u0105 struktur\u0105, kt\u00f3r\u0105 skonstruowa\u0142em bazuj\u0105c na powy\u017cszym schemacie by\u0142a czasza o wzorze C<sub>156<\/sub>H<sub>18<\/sub>. Obliczenia wykona\u0142em na poziomie p\u00f3\u0142mepirycznym (Orca 4.2.1\/ PM3\/ hess-plus):<\/p>\n\n\n\n<div style=\"height: 300px; width: 300px; position: relative;\" class='viewer_3Dmoljs' data-href='https:\/\/teneochem.pl\/struct\/nowe2\/cpcp\/cpcp-po-roku-polowa-pm3-C156H18.sdf' data-backgroundcolor='yellow' data-style='stick:radius~0.2;sphere:radius~0.4'><\/div>\n\n\n\n<p>Oczywistym dla mnie nast\u0119pnym krokiem by\u0142o podwojenie powy\u017cszej struktury poprzez utworzenie mostk\u00f3w acetylenowych -C\u2261C- pomi\u0119dzy czaszami poprzez usuniecie atom\u00f3w wodoru i przeorganizowanie wi\u0105za\u0144. Powsta\u0142a cz\u0105steczka o charakterze alotropu w\u0119gla C<sub>312<\/sub> (parametry oblicze\u0144 jak wy\u017cej):<\/p>\n\n\n\n<div style=\"height: 300px; width: 300px; position: relative;\" class='viewer_3Dmoljs' data-href='https:\/\/teneochem.pl\/struct\/nowe2\/cpcp\/cpcp-po-roku-calosc-pm3-C312.sdf' data-backgroundcolor='yellow' data-style='stick:radius~0.2;sphere:radius~0.4'><\/div>\n\n\n\n<p>Eksperymentowa\u0142em z kolejnymi alotropami, kt\u00f3re r\u00f3\u017cni\u0142y si\u0119 mi\u0119dzy sob\u0105 liczb\u0105 pier\u015bcieni cyklopropenowych. Dodatkowo posiada\u0142y \u0142adunek 2+ (trzy modele C<sub>312<\/sub> &#8211; parametry oblicze\u0144 jak powy\u017cej). Manipulacje \u0142adunkiem zasugerowa\u0142y mi, \u017ce usuni\u0119cie dw\u00f3ch aromatycznym pier\u015bcieni cyklopropenyliowych i zast\u0105pienie oboj\u0119tnymi rozga\u0142\u0119\u017anikami jednow\u0119glowymi powinno da\u0107 cz\u0105steczk\u0119 elektrycznie oboj\u0119tn\u0105 C<sub>308<\/sub> (MOPAC 22.1.1\/ PM7\/ hess-plus):<\/p>\n\n\n\n<div style=\"height: 300px; width: 300px; position: relative;\" class='viewer_3Dmoljs' data-href='https:\/\/teneochem.pl\/struct\/nowe2\/cpcp\/cp-pm7-force-okok-C310.sdf' data-backgroundcolor='yellow' data-style='stick:radius~0.2;sphere:radius~0.4'><\/div>\n\n\n\n<p>W\u015br\u00f3d obliczonych modeli znalaz\u0142 si\u0119 i taki, kt\u00f3ry posiada jedynie pier\u015bcienie cyklopropenowe jako rozga\u0142\u0119\u017aniki. Ten alotrop posiada 372 atomy w\u0119gla (Orca 4.2.1\/ PM3\/ hess-plus): <\/p>\n\n\n\n<div style=\"height: 300px; width: 300px; position: relative;\" class='viewer_3Dmoljs' data-href='https:\/\/teneochem.pl\/struct\/nowe2\/cpcp\/full-cp-caly-pm3-C372.sdf' data-backgroundcolor='yellow' data-style='stick:radius~0.2;sphere:radius~0.4'><\/div>\n\n\n\n<p><a href=\"https:\/\/teneochem.pl\/index.php\/cpcp2\/\" target=\"_blank\" rel=\"noreferrer noopener\">CPCP2<\/a> &#8211; klik<\/p>\n","protected":false},"excerpt":{"rendered":"<p>Tym kodem oznaczy\u0142em struktury zawieraj\u0105ce rozga\u0142\u0119\u017anik w postaci 1,2,3-podstawionego fragmentu cykloprop-2-eno-1-ylidenowego. Drugim rozga\u0142\u0119\u017anikiem jest czterowi\u0105zalny atom w\u0119gla. Takie fragmenty s\u0105 po\u0142\u0105czone za pomoc\u0105 mostk\u00f3w acetylenowych (etynowych) -C\u2261C- lub ich ekwiwalent\u00f3w homoallenowych =C=C=: Pierwsz\u0105 struktur\u0105, kt\u00f3r\u0105 skonstruowa\u0142em bazuj\u0105c na powy\u017cszym schemacie by\u0142a czasza o wzorze C156H18. Obliczenia wykona\u0142em na poziomie p\u00f3\u0142mepirycznym (Orca 4.2.1\/ PM3\/ hess-plus): Oczywistym [&hellip;]<\/p>\n","protected":false},"author":2,"featured_media":0,"parent":0,"menu_order":0,"comment_status":"closed","ping_status":"closed","template":"","meta":{"footnotes":""},"class_list":["post-2848","page","type-page","status-publish","hentry"],"_links":{"self":[{"href":"https:\/\/teneochem.pl\/index.php\/wp-json\/wp\/v2\/pages\/2848","targetHints":{"allow":["GET"]}}],"collection":[{"href":"https:\/\/teneochem.pl\/index.php\/wp-json\/wp\/v2\/pages"}],"about":[{"href":"https:\/\/teneochem.pl\/index.php\/wp-json\/wp\/v2\/types\/page"}],"author":[{"embeddable":true,"href":"https:\/\/teneochem.pl\/index.php\/wp-json\/wp\/v2\/users\/2"}],"replies":[{"embeddable":true,"href":"https:\/\/teneochem.pl\/index.php\/wp-json\/wp\/v2\/comments?post=2848"}],"version-history":[{"count":3,"href":"https:\/\/teneochem.pl\/index.php\/wp-json\/wp\/v2\/pages\/2848\/revisions"}],"predecessor-version":[{"id":3505,"href":"https:\/\/teneochem.pl\/index.php\/wp-json\/wp\/v2\/pages\/2848\/revisions\/3505"}],"wp:attachment":[{"href":"https:\/\/teneochem.pl\/index.php\/wp-json\/wp\/v2\/media?parent=2848"}],"curies":[{"name":"wp","href":"https:\/\/api.w.org\/{rel}","templated":true}]}}