{"id":2843,"date":"2024-05-31T13:15:38","date_gmt":"2024-05-31T11:15:38","guid":{"rendered":"https:\/\/teneochem.pl\/?page_id=2843"},"modified":"2024-10-28T17:51:53","modified_gmt":"2024-10-28T17:51:53","slug":"strona_trzecia","status":"publish","type":"page","link":"https:\/\/teneochem.pl\/index.php\/strona_trzecia\/","title":{"rendered":"Strona_trzecia"},"content":{"rendered":"\n<p>To ju\u017c trzecia strona odno\u015bnik\u00f3w do nowych, hipotetycznych struktur. Zak\u0142adaj\u0105c, \u017ce na ka\u017cdej stronie zamieszcz\u0119 dziesi\u0119\u0107 odno\u015bnik\u00f3w, powstanie tych stron jeszcze kilka. Niesamowitym jest m\u00f3c przenosi\u0107 twory w\u0142asnej wyobra\u017ani chemicznej na &#8222;papier&#8221;. Tak rozumiem nauk\u0119. Jest to swobodne tworzenie, kt\u00f3re komu\u015b w przysz\u0142o\u015bci mo\u017ce przynie\u015b\u0107  co\u015b dobrego.<\/p>\n\n\n\n<div class=\"wp-block-group is-nowrap is-layout-flex wp-container-core-group-is-layout-6c531013 wp-block-group-is-layout-flex\">\n<div class=\"wp-block-group is-vertical is-layout-flex wp-container-core-group-is-layout-fe9cc265 wp-block-group-is-layout-flex\">\n<figure class=\"wp-block-image size-full is-resized\"><a href=\"https:\/\/teneochem.pl\/index.php\/cpcp\/\" target=\"_blank\" rel=\"noreferrer noopener\"><img loading=\"lazy\" decoding=\"async\" width=\"100\" height=\"100\" src=\"http:\/\/teneochem.pl\/wp-content\/uploads\/2024\/05\/cpcp-po-roku-logo.gif\" alt=\"\" class=\"wp-image-2851\" style=\"width:105px;height:auto\"\/><\/a><\/figure>\n<\/div>\n\n\n\n<p>CPCP &#8211; struktury karbo[2]fullerenowe (4 czerwca 2024)<\/p>\n<\/div>\n\n\n\n<div class=\"wp-block-group is-nowrap is-layout-flex wp-container-core-group-is-layout-6c531013 wp-block-group-is-layout-flex\">\n<div class=\"wp-block-group is-vertical is-layout-flex wp-container-core-group-is-layout-fe9cc265 wp-block-group-is-layout-flex\">\n<figure class=\"wp-block-image size-full is-resized\"><a href=\"https:\/\/teneochem.pl\/index.php\/oligocykloalleny\/\" target=\"_blank\" rel=\"noreferrer noopener\"><img loading=\"lazy\" decoding=\"async\" width=\"100\" height=\"100\" src=\"http:\/\/teneochem.pl\/wp-content\/uploads\/2024\/06\/poliwcyklallen2-plate1-logo.jpg\" alt=\"\" class=\"wp-image-2893\" style=\"width:105px;height:auto\"\/><\/a><\/figure>\n<\/div>\n\n\n\n<p>Oligocyklalleny &#8211; wst\u0119p do niekonwencjonalnych polimer\u00f3w<\/p>\n<\/div>\n\n\n\n<div class=\"wp-block-group is-nowrap is-layout-flex wp-container-core-group-is-layout-6c531013 wp-block-group-is-layout-flex\">\n<div class=\"wp-block-group is-vertical is-layout-flex wp-container-core-group-is-layout-fe9cc265 wp-block-group-is-layout-flex\">\n<figure class=\"wp-block-image size-full is-resized\"><a href=\"https:\/\/teneochem.pl\/index.php\/ferroexen\/\" target=\"_blank\" rel=\"noreferrer noopener\"><img loading=\"lazy\" decoding=\"async\" width=\"100\" height=\"100\" src=\"http:\/\/teneochem.pl\/wp-content\/uploads\/2024\/06\/ferroexen-skosny-logo.jpg\" alt=\"\" class=\"wp-image-2913\" style=\"width:105px;height:auto\"\/><\/a><\/figure>\n<\/div>\n\n\n\n<p>Ferroexen &#8211; obudowana pochodna ferrocenu (11 czerwca 2024)<\/p>\n<\/div>\n\n\n\n<div class=\"wp-block-group is-nowrap is-layout-flex wp-container-core-group-is-layout-6c531013 wp-block-group-is-layout-flex\">\n<div class=\"wp-block-group is-vertical is-layout-flex wp-container-core-group-is-layout-fe9cc265 wp-block-group-is-layout-flex\">\n<figure class=\"wp-block-image size-full is-resized\"><a href=\"https:\/\/teneochem.pl\/index.php\/pirosfery\/\" target=\"_blank\" rel=\"noreferrer noopener\"><img loading=\"lazy\" decoding=\"async\" width=\"100\" height=\"100\" src=\"http:\/\/teneochem.pl\/wp-content\/uploads\/2024\/06\/pyr-alfa-C108N12-rock-y-90-logo.gif\" alt=\"\" class=\"wp-image-2935\" style=\"width:105px;height:auto\"\/><\/a><\/figure>\n<\/div>\n\n\n\n<p>Pirosfery &#8211; nowe azapochodne sferyczne<\/p>\n<\/div>\n\n\n\n<div class=\"wp-block-group is-nowrap is-layout-flex wp-container-core-group-is-layout-6c531013 wp-block-group-is-layout-flex\">\n<div class=\"wp-block-group is-vertical is-layout-flex wp-container-core-group-is-layout-fe9cc265 wp-block-group-is-layout-flex\">\n<figure class=\"wp-block-image size-full is-resized\"><a href=\"https:\/\/teneochem.pl\/index.php\/dplaskeny1\/\" target=\"_blank\" rel=\"noreferrer noopener\"><img loading=\"lazy\" decoding=\"async\" width=\"100\" height=\"100\" src=\"http:\/\/teneochem.pl\/wp-content\/uploads\/2024\/06\/dziuro-plaskaten4-pm4-C68H20.jpg\" alt=\"\" class=\"wp-image-2951\" style=\"width:105px;height:auto\"\/><\/a><\/figure>\n<\/div>\n\n\n\n<p>Dplaskeny &#8211; du\u017ca grupa w\u0119glowodor\u00f3w i alotrop\u00f3w (16 czerwca 2024)<\/p>\n<\/div>\n\n\n\n<div class=\"wp-block-group is-nowrap is-layout-flex wp-container-core-group-is-layout-6c531013 wp-block-group-is-layout-flex\">\n<div class=\"wp-block-group is-vertical is-layout-flex wp-container-core-group-is-layout-fe9cc265 wp-block-group-is-layout-flex\">\n<figure class=\"wp-block-image size-full is-resized\"><a href=\"https:\/\/teneochem.pl\/index.php\/azapenty\/\" target=\"_blank\" rel=\"noreferrer noopener\"><img loading=\"lazy\" decoding=\"async\" width=\"100\" height=\"100\" src=\"http:\/\/teneochem.pl\/wp-content\/uploads\/2024\/06\/C108N12izoA1-logo.jpg\" alt=\"\" class=\"wp-image-3012\" style=\"width:105px;height:auto\"\/><\/a><\/figure>\n<\/div>\n\n\n\n<p>Azafullerenoidy &#8211; azapenty  (27 czerwca 2024)<\/p>\n<\/div>\n\n\n\n<div class=\"wp-block-group is-nowrap is-layout-flex wp-container-core-group-is-layout-6c531013 wp-block-group-is-layout-flex\">\n<div class=\"wp-block-group is-vertical is-layout-flex wp-container-core-group-is-layout-fe9cc265 wp-block-group-is-layout-flex\">\n<figure class=\"wp-block-image size-full is-resized\"><a href=\"https:\/\/teneochem.pl\/index.php\/heptaszeny\/\" target=\"_blank\" rel=\"noreferrer noopener\"><img loading=\"lazy\" decoding=\"async\" width=\"100\" height=\"100\" src=\"http:\/\/teneochem.pl\/wp-content\/uploads\/2024\/07\/dehydro2-hepta-sch-logo.jpg\" alt=\"\" class=\"wp-image-3100\" style=\"width:105px;height:auto\"\/><\/a><\/figure>\n<\/div>\n\n\n\n<p>Heptaszeny &#8211; (4 lipca 2024)<\/p>\n<\/div>\n\n\n\n<div class=\"wp-block-group is-nowrap is-layout-flex wp-container-core-group-is-layout-6c531013 wp-block-group-is-layout-flex\">\n<div class=\"wp-block-group is-vertical is-layout-flex wp-container-core-group-is-layout-fe9cc265 wp-block-group-is-layout-flex\">\n<figure class=\"wp-block-image size-full is-resized\"><a href=\"https:\/\/teneochem.pl\/index.php\/srubeny\/\" target=\"_blank\" rel=\"noreferrer noopener\"><img loading=\"lazy\" decoding=\"async\" width=\"100\" height=\"100\" src=\"http:\/\/teneochem.pl\/wp-content\/uploads\/2024\/07\/sruben09-P-onv-logo.jpg\" alt=\"\" class=\"wp-image-3139\" style=\"width:105px;height:auto\"\/><\/a><\/figure>\n<\/div>\n\n\n\n<p>\u015arubeny &#8211; (5 lipca 2024)<\/p>\n<\/div>\n\n\n\n<div class=\"wp-block-group is-nowrap is-layout-flex wp-container-core-group-is-layout-6c531013 wp-block-group-is-layout-flex\">\n<div class=\"wp-block-group is-vertical is-layout-flex wp-container-core-group-is-layout-fe9cc265 wp-block-group-is-layout-flex\">\n<figure class=\"wp-block-image size-full is-resized\"><a href=\"https:\/\/teneochem.pl\/index.php\/helireny\/\" target=\"_blank\" rel=\"noreferrer noopener\"><img loading=\"lazy\" decoding=\"async\" width=\"100\" height=\"100\" src=\"http:\/\/teneochem.pl\/wp-content\/uploads\/2024\/07\/heliren-0-logo.jpg\" alt=\"\" class=\"wp-image-3152\" style=\"width:105px;height:auto\"\/><\/a><\/figure>\n<\/div>\n\n\n\n<p>Helireny &#8211; w\u0119glowodory typu nanorurek &#8211; (10.07.2024)<\/p>\n<\/div>\n\n\n\n<div class=\"wp-block-group is-nowrap is-layout-flex wp-container-core-group-is-layout-6c531013 wp-block-group-is-layout-flex\">\n<div class=\"wp-block-group is-vertical is-layout-flex wp-container-core-group-is-layout-fe9cc265 wp-block-group-is-layout-flex\">\n<figure class=\"wp-block-image size-full is-resized\"><a href=\"https:\/\/teneochem.pl\/index.php\/kwarbiny-2\/\" target=\"_blank\" rel=\"noreferrer noopener\"><img loading=\"lazy\" decoding=\"async\" width=\"100\" height=\"100\" src=\"http:\/\/teneochem.pl\/wp-content\/uploads\/2024\/07\/kwarbin-A-logo.jpg\" alt=\"\" class=\"wp-image-3188\" style=\"width:105px;height:auto\"\/><\/a><\/figure>\n<\/div>\n\n\n\n<p>Kwarbiny &#8211; w\u0119glowodory i alotropy w\u0119gla &#8211; (23 lipca 2024)<\/p>\n<\/div>\n\n\n\n<p><a href=\"https:\/\/teneochem.pl\/index.php\/strona_czwarta\/\" target=\"_blank\" rel=\"noreferrer noopener\">Strona czwarta<\/a> &#8211; klik<\/p>\n","protected":false},"excerpt":{"rendered":"<p>To ju\u017c trzecia strona odno\u015bnik\u00f3w do nowych, hipotetycznych struktur. Zak\u0142adaj\u0105c, \u017ce na ka\u017cdej stronie zamieszcz\u0119 dziesi\u0119\u0107 odno\u015bnik\u00f3w, powstanie tych stron jeszcze kilka. Niesamowitym jest m\u00f3c przenosi\u0107 twory w\u0142asnej wyobra\u017ani chemicznej na &#8222;papier&#8221;. Tak rozumiem nauk\u0119. Jest to swobodne tworzenie, kt\u00f3re komu\u015b w przysz\u0142o\u015bci mo\u017ce przynie\u015b\u0107 co\u015b dobrego. CPCP &#8211; struktury karbo[2]fullerenowe (4 czerwca 2024) Oligocyklalleny [&hellip;]<\/p>\n","protected":false},"author":2,"featured_media":0,"parent":0,"menu_order":0,"comment_status":"closed","ping_status":"closed","template":"","meta":{"footnotes":""},"class_list":["post-2843","page","type-page","status-publish","hentry"],"_links":{"self":[{"href":"https:\/\/teneochem.pl\/index.php\/wp-json\/wp\/v2\/pages\/2843","targetHints":{"allow":["GET"]}}],"collection":[{"href":"https:\/\/teneochem.pl\/index.php\/wp-json\/wp\/v2\/pages"}],"about":[{"href":"https:\/\/teneochem.pl\/index.php\/wp-json\/wp\/v2\/types\/page"}],"author":[{"embeddable":true,"href":"https:\/\/teneochem.pl\/index.php\/wp-json\/wp\/v2\/users\/2"}],"replies":[{"embeddable":true,"href":"https:\/\/teneochem.pl\/index.php\/wp-json\/wp\/v2\/comments?post=2843"}],"version-history":[{"count":2,"href":"https:\/\/teneochem.pl\/index.php\/wp-json\/wp\/v2\/pages\/2843\/revisions"}],"predecessor-version":[{"id":3438,"href":"https:\/\/teneochem.pl\/index.php\/wp-json\/wp\/v2\/pages\/2843\/revisions\/3438"}],"wp:attachment":[{"href":"https:\/\/teneochem.pl\/index.php\/wp-json\/wp\/v2\/media?parent=2843"}],"curies":[{"name":"wp","href":"https:\/\/api.w.org\/{rel}","templated":true}]}}