{"id":2825,"date":"2024-05-27T21:22:30","date_gmt":"2024-05-27T19:22:30","guid":{"rendered":"https:\/\/teneochem.pl\/?page_id=2825"},"modified":"2025-01-30T15:39:35","modified_gmt":"2025-01-30T15:39:35","slug":"piguleny","status":"publish","type":"page","link":"https:\/\/teneochem.pl\/index.php\/piguleny\/","title":{"rendered":"Piguleny"},"content":{"rendered":"\n<p>Nazwa tej grupy zwi\u0105zk\u00f3w pochodzi od pigu\u0142ki ze wzgl\u0119du na kszta\u0142t. Pierwszy z nich jest alotropem w\u0119gla C<sub>86<\/sub>. Cz\u0105steczka sk\u0142ada si\u0119 z pier\u015bcieni cyklopropenowych, \u0142a\u0144cuch\u00f3w butatrienowych, mostk\u00f3w etenowych oraz etynowych (Orca 5.0.4\/ B3LYP\/ def2-SVP\/ hess-plus):<\/p>\n\n\n\n<div style=\"height: 300px; width: 300px; position: relative;\" class='viewer_3Dmoljs' data-href='https:\/\/teneochem.pl\/struct\/nowe2\/piguleny\/pigulanB-odmostkowant-onv-C86.sdf' data-backgroundcolor='#660000' data-style='stick:radius~0.2;sphere:radius~0.4'><\/div>\n\n\n\n<p>Cz\u0105steczk\u0119 t\u0119 rozbudowa\u0142em do 216 atom\u00f3w w\u0119gla poprzez dodanie mostk\u00f3w w\u0119glowych (Orca 4.2.1\/ PM3\/ hess-plus):<\/p>\n\n\n\n<div style=\"height: 300px; width: 300px; position: relative;\" class='viewer_3Dmoljs' data-href='https:\/\/teneochem.pl\/struct\/nowe2\/piguleny\/pigulanA-zero-pm3-onv-C216.sdf' data-backgroundcolor='#660000' data-style='stick:radius~0.2;sphere:radius~0.4'><\/div>\n\n\n\n<p>Spr\u00f3bowa\u0142em r\u00f3wnie\u017c zoptymalizowa\u0107 wersj\u0119 powy\u017cszego alotropu zawieraj\u0105c\u0105 cztery dodatkowe elektrony (czyli tetraanion C<sub>216<\/sub><sup>4-<\/sup>). Obliczenia pokaza\u0142y (Orca 5.0.4\/ PM3\/ hess-plus), \u017ce cz\u0105steczka jest r\u00f3wnie\u017c zrelaksowana. Tym niemniej krotno\u015bci wi\u0105za\u0144 &#8222;produkowane&#8221; przez u\u017cyt\u0105 wersj\u0119 programu Orca s\u0105 wysoce niezadowalaj\u0105ce:<\/p>\n\n\n\n<div style=\"height: 300px; width: 300px; position: relative;\" class='viewer_3Dmoljs' data-href='https:\/\/teneochem.pl\/struct\/nowe2\/piguleny\/pigulanA-anion-4-pm3-onv-C216.sdf' data-backgroundcolor='#660000' data-style='stick:radius~0.2;sphere:radius~0.4'><\/div>\n\n\n\n<p>Ostatnim zwi\u0105zkiem, kt\u00f3ry bada\u0142em w tej serii by\u0142 pierwszy pokazany powy\u017cej model, ale &#8222;poszerzony&#8221; o mostki acetylenowe i dodatkowo dianion (C<sub>98<\/sub><sup>-2<\/sup>, Orca 5.0.4\/ revPBE\/ def2-TZVP\/ hess-minus). Jak pokazuje zapis, cz\u0105steczka nie da\u0142a si\u0119 zrelaksowa\u0107. Mimo to pokazuj\u0119 t\u0119 struktur\u0119:<\/p>\n\n\n\n<div style=\"height: 300px; width: 300px; position: relative;\" class='viewer_3Dmoljs' data-href='https:\/\/teneochem.pl\/struct\/nowe2\/piguleny\/pigulanB-anion--2-onv-C98.sdf' data-backgroundcolor='#660000' data-style='stick:radius~0.2;sphere:radius~0.4'><\/div>\n\n\n\n<p> Charakter trzech &#8222;ujemnych drga\u0144&#8221;, kt\u00f3re ujawni\u0142y si\u0119 po obliczeniach, pokazuje, \u017ce jedna ze skrzyd\u0142owych cz\u0119\u015bci cz\u0105steczki d\u0105\u017cy do  przegrupowania niekt\u00f3rych wi\u0105za\u0144. Zagadnienie to pozostawiam do rozwi\u0105zania w przysz\u0142o\u015bci (maj 2024).<\/p>\n","protected":false},"excerpt":{"rendered":"<p>Nazwa tej grupy zwi\u0105zk\u00f3w pochodzi od pigu\u0142ki ze wzgl\u0119du na kszta\u0142t. Pierwszy z nich jest alotropem w\u0119gla C86. Cz\u0105steczka sk\u0142ada si\u0119 z pier\u015bcieni cyklopropenowych, \u0142a\u0144cuch\u00f3w butatrienowych, mostk\u00f3w etenowych oraz etynowych (Orca 5.0.4\/ B3LYP\/ def2-SVP\/ hess-plus): Cz\u0105steczk\u0119 t\u0119 rozbudowa\u0142em do 216 atom\u00f3w w\u0119gla poprzez dodanie mostk\u00f3w w\u0119glowych (Orca 4.2.1\/ PM3\/ hess-plus): Spr\u00f3bowa\u0142em r\u00f3wnie\u017c zoptymalizowa\u0107 wersj\u0119 powy\u017cszego [&hellip;]<\/p>\n","protected":false},"author":2,"featured_media":0,"parent":0,"menu_order":0,"comment_status":"closed","ping_status":"closed","template":"","meta":{"footnotes":""},"class_list":["post-2825","page","type-page","status-publish","hentry"],"_links":{"self":[{"href":"https:\/\/teneochem.pl\/index.php\/wp-json\/wp\/v2\/pages\/2825","targetHints":{"allow":["GET"]}}],"collection":[{"href":"https:\/\/teneochem.pl\/index.php\/wp-json\/wp\/v2\/pages"}],"about":[{"href":"https:\/\/teneochem.pl\/index.php\/wp-json\/wp\/v2\/types\/page"}],"author":[{"embeddable":true,"href":"https:\/\/teneochem.pl\/index.php\/wp-json\/wp\/v2\/users\/2"}],"replies":[{"embeddable":true,"href":"https:\/\/teneochem.pl\/index.php\/wp-json\/wp\/v2\/comments?post=2825"}],"version-history":[{"count":2,"href":"https:\/\/teneochem.pl\/index.php\/wp-json\/wp\/v2\/pages\/2825\/revisions"}],"predecessor-version":[{"id":3691,"href":"https:\/\/teneochem.pl\/index.php\/wp-json\/wp\/v2\/pages\/2825\/revisions\/3691"}],"wp:attachment":[{"href":"https:\/\/teneochem.pl\/index.php\/wp-json\/wp\/v2\/media?parent=2825"}],"curies":[{"name":"wp","href":"https:\/\/api.w.org\/{rel}","templated":true}]}}