{"id":2809,"date":"2024-05-26T23:01:27","date_gmt":"2024-05-26T21:01:27","guid":{"rendered":"https:\/\/teneochem.pl\/?page_id=2809"},"modified":"2025-01-30T15:38:53","modified_gmt":"2025-01-30T15:38:53","slug":"pewien-cyklooktatrien","status":"publish","type":"page","link":"https:\/\/teneochem.pl\/index.php\/pewien-cyklooktatrien\/","title":{"rendered":"Pewien cyklooktatrien"},"content":{"rendered":"\n<p>budowa skomplikowanych struktur wymasga utworzenia prostych modeli. Jednym z takich modeli by\u0142 5,8-di(cykloprop-2-en-1-ylideno)cyklookta-1,3,6-trien:<\/p>\n\n\n\n<figure class=\"wp-block-image aligncenter size-full is-resized\"><img loading=\"lazy\" decoding=\"async\" width=\"824\" height=\"285\" src=\"http:\/\/teneochem.pl\/wp-content\/uploads\/2024\/05\/coktadicprop-C14H10-1.jpg\" alt=\"\" class=\"wp-image-2814\" style=\"width:521px;height:auto\" srcset=\"https:\/\/teneochem.pl\/wp-content\/uploads\/2024\/05\/coktadicprop-C14H10-1.jpg 824w, https:\/\/teneochem.pl\/wp-content\/uploads\/2024\/05\/coktadicprop-C14H10-1-300x104.jpg 300w, https:\/\/teneochem.pl\/wp-content\/uploads\/2024\/05\/coktadicprop-C14H10-1-768x266.jpg 768w\" sizes=\"auto, (max-width: 824px) 100vw, 824px\" \/><\/figure>\n\n\n\n<p>Obliczenia optymalnej geometrii wykona\u0142em zar\u00f3wno na poziomie p\u00f3\u0142empirycznym jak i na poziomie DFT. W obu wypadkach obie optymalne geometrie s\u0105 zrelaksowane. Jednak\u017ce r\u00f3\u017cni\u0105 si\u0119 zasadniczo mi\u0119dzy sob\u0105. poni\u017csza animacja pokazuje optymalizacj\u0119 na poziomie DFT. Uk\u0142adem pocz\u0105tkowym jest optymalna (i zrelaksowana) struktura uzyskana na poziomie p\u00f3\u0142empirycznym. Struktura ko\u0144cowa to wynik optymalizacji na poziomie DFT:<\/p>\n\n\n\n<figure class=\"wp-block-image aligncenter size-full\"><img loading=\"lazy\" decoding=\"async\" width=\"240\" height=\"240\" src=\"http:\/\/teneochem.pl\/wp-content\/uploads\/2024\/05\/cyklooktatetraen.gif\" alt=\"\" class=\"wp-image-2813\"\/><\/figure>\n\n\n\n<p>Struktura optymalna uzyskana na poziomie p\u00f3\u0142empirycznym (Orca 4.2.1\/ PM3\/ hess-plus) nie jest p\u0142aska. Podczas optymalizacji na poziomie DFT (Orca 4.2.1\/ revPBE\/ def2-TZVP\/ hess-plus) nast\u0119puje planaryzacja (wyp\u0142aszczenie) struktury. Pier\u015bcienie cyklopenylidenowe staj\u0105 si\u0119 wsp\u00f3\u0142p\u0142aszczyznowe z pier\u015bcieniem cyklooktatrienowym. Poni\u017cej znajduje si\u0119 optymalna i zrelaksowana struktura uzyskana na poziomie DFT:<\/p>\n\n\n\n<div style=\"height: 300px; width: 300px; position: relative;\" class='viewer_3Dmoljs' data-href='https:\/\/teneochem.pl\/struct\/nowe2\/cokta1\/coktadicprop-onv-C14H10.sdf' data-backgroundcolor='#333300' data-style='stick:radius~0.2;sphere:radius~0.4'><\/div>\n\n\n\n<p>Powy\u017cszy wynik pokazuje, \u017ce optymalizacja na poziomie p\u00f3\u0142empirycznym mo\u017ce dawa\u0107 geometrie, kt\u00f3re s\u0105 dalekie od optymalnych struktur na wy\u017cszych poziomach. Jest to znana sprawa i nie odkry\u0142em niczego nowego. Tym niemniej warto o tym wspomnie\u0107. Wed\u0142ug mojego do\u015bwiadczenia geometria struktur na wy\u017cszych poziomach jest bardziej estetyczna ni\u017c na poziomie p\u00f3\u0142empirycznym. To wra\u017cenie jest raczej subiektywne, ale tak to odbieram.<\/p>\n","protected":false},"excerpt":{"rendered":"<p>budowa skomplikowanych struktur wymasga utworzenia prostych modeli. Jednym z takich modeli by\u0142 5,8-di(cykloprop-2-en-1-ylideno)cyklookta-1,3,6-trien: Obliczenia optymalnej geometrii wykona\u0142em zar\u00f3wno na poziomie p\u00f3\u0142empirycznym jak i na poziomie DFT. W obu wypadkach obie optymalne geometrie s\u0105 zrelaksowane. Jednak\u017ce r\u00f3\u017cni\u0105 si\u0119 zasadniczo mi\u0119dzy sob\u0105. poni\u017csza animacja pokazuje optymalizacj\u0119 na poziomie DFT. Uk\u0142adem pocz\u0105tkowym jest optymalna (i zrelaksowana) struktura uzyskana [&hellip;]<\/p>\n","protected":false},"author":2,"featured_media":0,"parent":0,"menu_order":0,"comment_status":"closed","ping_status":"closed","template":"","meta":{"footnotes":""},"class_list":["post-2809","page","type-page","status-publish","hentry"],"_links":{"self":[{"href":"https:\/\/teneochem.pl\/index.php\/wp-json\/wp\/v2\/pages\/2809","targetHints":{"allow":["GET"]}}],"collection":[{"href":"https:\/\/teneochem.pl\/index.php\/wp-json\/wp\/v2\/pages"}],"about":[{"href":"https:\/\/teneochem.pl\/index.php\/wp-json\/wp\/v2\/types\/page"}],"author":[{"embeddable":true,"href":"https:\/\/teneochem.pl\/index.php\/wp-json\/wp\/v2\/users\/2"}],"replies":[{"embeddable":true,"href":"https:\/\/teneochem.pl\/index.php\/wp-json\/wp\/v2\/comments?post=2809"}],"version-history":[{"count":2,"href":"https:\/\/teneochem.pl\/index.php\/wp-json\/wp\/v2\/pages\/2809\/revisions"}],"predecessor-version":[{"id":3689,"href":"https:\/\/teneochem.pl\/index.php\/wp-json\/wp\/v2\/pages\/2809\/revisions\/3689"}],"wp:attachment":[{"href":"https:\/\/teneochem.pl\/index.php\/wp-json\/wp\/v2\/media?parent=2809"}],"curies":[{"name":"wp","href":"https:\/\/api.w.org\/{rel}","templated":true}]}}