{"id":2770,"date":"2024-05-22T21:18:37","date_gmt":"2024-05-22T19:18:37","guid":{"rendered":"https:\/\/teneochem.pl\/?page_id=2770"},"modified":"2025-01-30T15:05:00","modified_gmt":"2025-01-30T15:05:00","slug":"cyklosy3","status":"publish","type":"page","link":"https:\/\/teneochem.pl\/index.php\/cyklosy3\/","title":{"rendered":"Cyklosy3"},"content":{"rendered":"\n<p>Rozbudowa poprzednich modeli polega\u0142a na dodaniu na obrze\u017cu pier\u015bcieni pi\u0119ciocz\u0142onowych. Tak powsta\u0142a struktura pokazana poni\u017cej (Orca 4.2.1\/ pm3\/ hess-plus):<\/p>\n\n\n\n<div style=\"height: 300px; width: 300px; position: relative;\" class='viewer_3Dmoljs' data-href='https:\/\/teneochem.pl\/struct\/nowe2\/cyklosy\/tacken-pm3-onv-C84H36.sdf' data-backgroundcolor='#FF99FF' data-style='stick:radius~0.2;sphere:radius~0.4'><\/div>\n\n\n\n<p>Posobnie jak poprzednio &#8222;skondensowa\u0142em&#8221; dwie takie cz\u0105steczki z zastosowaniem mostk\u00f3w etenowych (warunki oblicze\u0144 jak wy\u017cej):<\/p>\n\n\n\n<div style=\"height: 300px; width: 300px; position: relative;\" class='viewer_3Dmoljs' data-href='https:\/\/teneochem.pl\/struct\/nowe2\/cyklosy\/bi-tacken-A-pm3-onv-C156H48.sdf' data-backgroundcolor='#FF99FF' data-style='stick:radius~0.2;sphere:radius~0.4'><\/div>\n\n\n\n<p>Model powy\u017cszy posiada izomer. Obie wyoblone &#8222;pokrywy&#8221; cz\u0105steczki s\u0105 przekr\u0119cone wzgl\u0119dem poprzedniego modelu o 30\u00b0 (parametry oblicze\u0144 jak wy\u017cej):<\/p>\n\n\n\n<div style=\"height: 300px; width: 300px; position: relative;\" class='viewer_3Dmoljs' data-href='https:\/\/teneochem.pl\/struct\/nowe2\/cyklosy\/bi-tacken-B-pm3-onv-C156H48.sdf' data-backgroundcolor='#FF99FF' data-style='stick:radius~0.2;sphere:radius~0.4'><\/div>\n\n\n\n<p>Dla mnie te moleku\u0142y wygl\u0105daj\u0105 estetycznie.<\/p>\n","protected":false},"excerpt":{"rendered":"<p>Rozbudowa poprzednich modeli polega\u0142a na dodaniu na obrze\u017cu pier\u015bcieni pi\u0119ciocz\u0142onowych. Tak powsta\u0142a struktura pokazana poni\u017cej (Orca 4.2.1\/ pm3\/ hess-plus): Posobnie jak poprzednio &#8222;skondensowa\u0142em&#8221; dwie takie cz\u0105steczki z zastosowaniem mostk\u00f3w etenowych (warunki oblicze\u0144 jak wy\u017cej): Model powy\u017cszy posiada izomer. Obie wyoblone &#8222;pokrywy&#8221; cz\u0105steczki s\u0105 przekr\u0119cone wzgl\u0119dem poprzedniego modelu o 30\u00b0 (parametry oblicze\u0144 jak wy\u017cej): Dla mnie [&hellip;]<\/p>\n","protected":false},"author":2,"featured_media":0,"parent":0,"menu_order":0,"comment_status":"closed","ping_status":"closed","template":"","meta":{"footnotes":""},"class_list":["post-2770","page","type-page","status-publish","hentry"],"_links":{"self":[{"href":"https:\/\/teneochem.pl\/index.php\/wp-json\/wp\/v2\/pages\/2770","targetHints":{"allow":["GET"]}}],"collection":[{"href":"https:\/\/teneochem.pl\/index.php\/wp-json\/wp\/v2\/pages"}],"about":[{"href":"https:\/\/teneochem.pl\/index.php\/wp-json\/wp\/v2\/types\/page"}],"author":[{"embeddable":true,"href":"https:\/\/teneochem.pl\/index.php\/wp-json\/wp\/v2\/users\/2"}],"replies":[{"embeddable":true,"href":"https:\/\/teneochem.pl\/index.php\/wp-json\/wp\/v2\/comments?post=2770"}],"version-history":[{"count":3,"href":"https:\/\/teneochem.pl\/index.php\/wp-json\/wp\/v2\/pages\/2770\/revisions"}],"predecessor-version":[{"id":3636,"href":"https:\/\/teneochem.pl\/index.php\/wp-json\/wp\/v2\/pages\/2770\/revisions\/3636"}],"wp:attachment":[{"href":"https:\/\/teneochem.pl\/index.php\/wp-json\/wp\/v2\/media?parent=2770"}],"curies":[{"name":"wp","href":"https:\/\/api.w.org\/{rel}","templated":true}]}}