{"id":2684,"date":"2024-05-13T07:21:21","date_gmt":"2024-05-13T05:21:21","guid":{"rendered":"https:\/\/teneochem.pl\/?page_id=2684"},"modified":"2025-01-30T15:02:08","modified_gmt":"2025-01-30T15:02:08","slug":"alotropy-ct2","status":"publish","type":"page","link":"https:\/\/teneochem.pl\/index.php\/alotropy-ct2\/","title":{"rendered":"Alotropy-CT2"},"content":{"rendered":"\n<p>W tej cz\u0119\u015bci poka\u017c\u0119 hipotetyczne odmiany alotropowe w\u0119gla powsta\u0142e w wyniku upraszczania konstrukcji alotrop\u00f3w CT do postaci pokazanej poni\u017cej:<\/p>\n\n\n\n<figure class=\"wp-block-image aligncenter size-full is-resized\"><img loading=\"lazy\" decoding=\"async\" width=\"1181\" height=\"622\" src=\"http:\/\/teneochem.pl\/wp-content\/uploads\/2024\/05\/tropylium-dwa-platy-uproszczone.jpg\" alt=\"\" class=\"wp-image-2686\" style=\"width:497px;height:auto\" srcset=\"https:\/\/teneochem.pl\/wp-content\/uploads\/2024\/05\/tropylium-dwa-platy-uproszczone.jpg 1181w, https:\/\/teneochem.pl\/wp-content\/uploads\/2024\/05\/tropylium-dwa-platy-uproszczone-300x158.jpg 300w, https:\/\/teneochem.pl\/wp-content\/uploads\/2024\/05\/tropylium-dwa-platy-uproszczone-1024x539.jpg 1024w, https:\/\/teneochem.pl\/wp-content\/uploads\/2024\/05\/tropylium-dwa-platy-uproszczone-768x404.jpg 768w\" sizes=\"auto, (max-width: 1181px) 100vw, 1181px\" \/><\/figure>\n\n\n\n<p>\u0141\u0105cznik w postaci fragment\u00f3w -C\u2261C- zast\u0105pi\u0142 d\u0142u\u017csze \u0142a\u0144cuchy butadiynowe. Podobnie jak poprzednio, wi\u0105zania C-C zosta\u0142y utworzone pomi\u0119dzy p\u0142atem lewym i prawym w miejscach, gdzie powinny by\u0107 atomy wodoru. Znalaz\u0142em cztery sposoby takich po\u0142\u0105cze\u0144, aby wysyci\u0107 wszystkie warto\u015bciowo\u015bci i uzyska\u0107 alotropy C<sub>144<\/sub>.<\/p>\n\n\n\n<p class=\"has-medium-font-size\"><strong>CT2A<\/strong><\/p>\n\n\n\n<p>Podobnie jak w analogu CTA z poprzedniej strony, p\u0142aty s\u0105 po\u0142\u0105czone poprzez wi\u0105zanie T-T, par\u0119 wi\u0105za\u0144 C-T i wi\u0105zanie C-C. Mimo sporych napr\u0119\u017ce\u0144 wyginaj\u0105cych fragmenty -C\u2261C- cz\u0105steczka jest zrelaksowana (Orca 4.2.1\/ PM3\/ hess-plus):<\/p>\n\n\n\n<div style=\"height: 300px; width: 300px; position: relative;\" class='viewer_3Dmoljs' data-href='https:\/\/teneochem.pl\/struct\/nowe2\/ct\/CTA-uproszczony-pm3-onv-C144.sdf' data-backgroundcolor='yellow' data-style='stick:radius~0.2;sphere:radius~0.4'><\/div>\n\n\n\n<p class=\"has-medium-font-size\"><strong>CT2B<\/strong><\/p>\n\n\n\n<p>W wypadku tego alotropu wyst\u0119puj\u0105 sze\u015bciokrotnie wi\u0105zania 3C-T (parametry oblicze\u0144 jak wy\u017cej):<\/p>\n\n\n\n<div style=\"height: 300px; width: 300px; position: relative;\" class='viewer_3Dmoljs' data-href='https:\/\/teneochem.pl\/struct\/nowe2\/ct\/CTB-uproszczony-pm3-C144.sdf' data-backgroundcolor='yellow' data-style='stick:radius~0.2;sphere:radius~0.4'><\/div>\n\n\n\n<p class=\"has-medium-font-size\"><strong>CT2C<\/strong><\/p>\n\n\n\n<p><\/p>\n\n\n\n<div style=\"height: 300px; width: 300px; position: relative;\" class='viewer_3Dmoljs' data-href='https:\/\/teneochem.pl\/struct\/nowe2\/ct\/CTC-uproszczony-pm3-onv-C144.sdf' data-backgroundcolor='yellow' data-style='stick:radius~0.2;sphere:radius~0.4'><\/div>\n\n\n\n<p class=\"has-medium-font-size\"><strong>CT2D<\/strong><\/p>\n\n\n\n<div style=\"height: 300px; width: 300px; position: relative;\" class='viewer_3Dmoljs' data-href='https:\/\/teneochem.pl\/struct\/nowe2\/ct\/CTD-uproszczony-pm3-C144.sdf' data-backgroundcolor='yellow' data-style='stick:radius~0.2;sphere:radius~0.4'><\/div>\n\n\n\n<p class=\"has-medium-font-size\"><strong>CT2C-mniejszy<\/strong><\/p>\n\n\n\n<p>Na pojedynczym przyk\u0142adzie CT2C dokona\u0142em jeszcze dalej posuni\u0119tego usuwania atom\u00f3w w\u0119gla. Ca\u0142kowicie usun\u0105\u0142em mostki -C\u2261C-. W wyniku tej operacji uzyska\u0142em alotrop C<sub>72<\/sub>. Alotrop ten zawiera skondensowane pier\u015bcienie cztero- pi\u0119cio-, sze\u015bcio- i siedmiocz\u0142onowe. Pewnym zaskoczeniem by\u0142o dla mnie to, \u017ce na poziomie DFT cz\u0105steczka jest zrelaksowana (Orca 4.2.1\/ B3LYP\/ def2-SVP\/ hess-plus):<\/p>\n\n\n\n<div style=\"height: 300px; width: 300px; position: relative;\" class='viewer_3Dmoljs' data-href='https:\/\/teneochem.pl\/struct\/nowe2\/ct\/CTC-odmostkowany-onv-C72.sdf' data-backgroundcolor='yellow' data-style='stick:radius~0.2;sphere:radius~0.4'><\/div>\n\n\n\n<p>Jak wida\u0107 na powy\u017cszej animacji r\u0119cznej struktura nie zawiera wi\u0105za\u0144 wielokrotnych. Prawdopodobnie interpreter krotno\u015bci wi\u0105za\u0144  (Avogadro 1.99, 3Dmol poprzez plik *.sdf) ma k\u0142opoty z przyporz\u0105dkowaniem krotno\u015bci wi\u0105zania do obliczonego rz\u0119du. Czasami tak si\u0119 zdarza.<\/p>\n","protected":false},"excerpt":{"rendered":"<p>W tej cz\u0119\u015bci poka\u017c\u0119 hipotetyczne odmiany alotropowe w\u0119gla powsta\u0142e w wyniku upraszczania konstrukcji alotrop\u00f3w CT do postaci pokazanej poni\u017cej: \u0141\u0105cznik w postaci fragment\u00f3w -C\u2261C- zast\u0105pi\u0142 d\u0142u\u017csze \u0142a\u0144cuchy butadiynowe. Podobnie jak poprzednio, wi\u0105zania C-C zosta\u0142y utworzone pomi\u0119dzy p\u0142atem lewym i prawym w miejscach, gdzie powinny by\u0107 atomy wodoru. Znalaz\u0142em cztery sposoby takich po\u0142\u0105cze\u0144, aby wysyci\u0107 wszystkie [&hellip;]<\/p>\n","protected":false},"author":2,"featured_media":0,"parent":0,"menu_order":0,"comment_status":"closed","ping_status":"closed","template":"","meta":{"footnotes":""},"class_list":["post-2684","page","type-page","status-publish","hentry"],"_links":{"self":[{"href":"https:\/\/teneochem.pl\/index.php\/wp-json\/wp\/v2\/pages\/2684","targetHints":{"allow":["GET"]}}],"collection":[{"href":"https:\/\/teneochem.pl\/index.php\/wp-json\/wp\/v2\/pages"}],"about":[{"href":"https:\/\/teneochem.pl\/index.php\/wp-json\/wp\/v2\/types\/page"}],"author":[{"embeddable":true,"href":"https:\/\/teneochem.pl\/index.php\/wp-json\/wp\/v2\/users\/2"}],"replies":[{"embeddable":true,"href":"https:\/\/teneochem.pl\/index.php\/wp-json\/wp\/v2\/comments?post=2684"}],"version-history":[{"count":2,"href":"https:\/\/teneochem.pl\/index.php\/wp-json\/wp\/v2\/pages\/2684\/revisions"}],"predecessor-version":[{"id":3631,"href":"https:\/\/teneochem.pl\/index.php\/wp-json\/wp\/v2\/pages\/2684\/revisions\/3631"}],"wp:attachment":[{"href":"https:\/\/teneochem.pl\/index.php\/wp-json\/wp\/v2\/media?parent=2684"}],"curies":[{"name":"wp","href":"https:\/\/api.w.org\/{rel}","templated":true}]}}