{"id":2668,"date":"2024-05-12T11:17:08","date_gmt":"2024-05-12T09:17:08","guid":{"rendered":"https:\/\/teneochem.pl\/?page_id=2668"},"modified":"2025-01-30T15:01:16","modified_gmt":"2025-01-30T15:01:16","slug":"alotropy-ct","status":"publish","type":"page","link":"https:\/\/teneochem.pl\/index.php\/alotropy-ct\/","title":{"rendered":"Alotropy-CT"},"content":{"rendered":"\n<p>Idea, kt\u00f3ra by\u0142a \u017ar\u00f3d\u0142em pokazanych poni\u017cej konstrukcji, zasadza\u0142a si\u0119 na po\u0142\u0105czeniu kation\u00f3w tropyliowych z anionami cyklopentadienowymi za pomoc\u0105 mostk\u00f3w buta-1,3-diyno-1,4-diylowych:<\/p>\n\n\n\n<figure class=\"wp-block-image aligncenter size-full is-resized\"><img loading=\"lazy\" decoding=\"async\" width=\"1588\" height=\"917\" src=\"http:\/\/teneochem.pl\/wp-content\/uploads\/2024\/05\/tropylium-dwa-platy.jpg\" alt=\"\" class=\"wp-image-2669\" style=\"width:548px;height:auto\" srcset=\"https:\/\/teneochem.pl\/wp-content\/uploads\/2024\/05\/tropylium-dwa-platy.jpg 1588w, https:\/\/teneochem.pl\/wp-content\/uploads\/2024\/05\/tropylium-dwa-platy-300x173.jpg 300w, https:\/\/teneochem.pl\/wp-content\/uploads\/2024\/05\/tropylium-dwa-platy-1024x591.jpg 1024w, https:\/\/teneochem.pl\/wp-content\/uploads\/2024\/05\/tropylium-dwa-platy-768x443.jpg 768w, https:\/\/teneochem.pl\/wp-content\/uploads\/2024\/05\/tropylium-dwa-platy-1536x887.jpg 1536w\" sizes=\"auto, (max-width: 1588px) 100vw, 1588px\" \/><\/figure>\n\n\n\n<p>Na rysunku powy\u017cej pokazane s\u0105 dwa p\u0142aty, kt\u00f3re mog\u0105 by\u0107 po\u0142\u0105czone ze sob\u0105 na cztery (jak s\u0105dz\u0119) sposob\u00f3w przez wytworzenie wi\u0105za\u0144 C-C w miejscach, gdzie formalnie znajduj\u0105 si\u0119 atomy wodoru. Ka\u017cdy spos\u00f3b prowadzi do powstania alotropu w\u0119gla o wzorze sumarycznym C<sub>216<\/sub>.<\/p>\n\n\n\n<p class=\"has-medium-font-size\"><strong>CTA<\/strong><\/p>\n\n\n\n<p>W alotropie CTA wyst\u0119puje powt\u00f3rzenie nast\u0119puj\u0105cego schematu wi\u0105za\u0144 p\u0142ata lewego z prawym poprzez \u0142a\u0144cuchy butadiynowe a\u017c do wysycenia wszystkich wolnych walencyjno\u015bci: jedno wi\u0105zanie T-T (kation tropyliowy &#8211; kation tropyliowy), dwa wi\u0105zania C-T (anion cyklopentadienylowy &#8211; kation tropyliowy) oraz jedno wi\u0105zanie C-C (anion cyklopentadienylowy &#8211; anion cyklopentadienylowy). Wi\u0105zanie T-T powoduje przew\u0119\u017cenia w cz\u0105steczce i mocne napr\u0119\u017cenia we fragmentach tropyliowych. Mimo to cz\u0105steczka jest zrelaksowana (Orca 4.2.1\/ PM3\/ hess-plus):<\/p>\n\n\n\n<div style=\"height: 300px; width: 300px; position: relative;\" class='viewer_3Dmoljs' data-href='https:\/\/teneochem.pl\/struct\/nowe2\/ct\/CTA-pm3-onv-C216.sdf' data-backgroundcolor='yellow' data-style='stick:radius~0.2;sphere:radius~0.4'><\/div>\n\n\n\n<p class=\"has-medium-font-size\"><strong>CTB<\/strong><\/p>\n\n\n\n<p>Model CTB posiada prostszy schemat po\u0142\u0105cze\u0144 p\u0142at\u00f3w. Wyst\u0119puje tu sze\u015bciokrotne powt\u00f3rzenie trzech wi\u0105za\u0144 C-T (parametry oblicze\u0144 jak wy\u017cej): <\/p>\n\n\n\n<div style=\"height: 300px; width: 300px; position: relative;\" class='viewer_3Dmoljs' data-href='https:\/\/teneochem.pl\/struct\/nowe2\/ct\/CTB-pm3-onv-C216.sdf' data-backgroundcolor='yellow' data-style='stick:radius~0.2;sphere:radius~0.4'><\/div>\n\n\n\n<p>Mimo sporego wygi\u0119cia \u0142a\u0144cuch\u00f3w bitadiynowych cz\u0105steczka jest zrelaksowana.<\/p>\n\n\n\n<p class=\"has-medium-font-size\"><strong>CTC<\/strong><\/p>\n\n\n\n<p>Alotrop ten skonstruowany jest poprzez po\u0142aczenia p\u0142ata lewego z prawym poprzez nast\u0119puj\u0105cy uk\u0142ad wi\u0105za\u0144: dwa wi\u0105zania T-T oraz jedno C-T. Taki uk\u0142ad powtarze si\u0119 sze\u015bciokrotnie (parametry oblicze\u0144 jak wy\u017cej):<\/p>\n\n\n\n<div style=\"height: 300px; width: 300px; position: relative;\" class='viewer_3Dmoljs' data-href='https:\/\/teneochem.pl\/struct\/nowe2\/ct\/CTC-pm3-onv-C216.sdf' data-backgroundcolor='yellow' data-style='stick:radius~0.2;sphere:radius~0.4'><\/div>\n\n\n\n<p class=\"has-medium-font-size\"><strong>CTD<\/strong><\/p>\n\n\n\n<p>W ostatnim z tej serii alotropie, kt\u00f3ry kszta\u0142tem przypomina tr\u00f3jk\u0105t, wyst\u0119puj\u0105 trzy wi\u0105zania T-T oraz trzy wi\u0105zania C-C (parametry oblicze\u0144 jak wy\u017cej):<\/p>\n\n\n\n<div style=\"height: 300px; width: 300px; position: relative;\" class='viewer_3Dmoljs' data-href='https:\/\/teneochem.pl\/struct\/nowe2\/ct\/CTD-pm3-onv-C216.sdf' data-backgroundcolor='yellow' data-style='stick:radius~0.2;sphere:radius~0.4'><\/div>\n\n\n\n<p>Zastanowi\u0142o mnie, czy skr\u00f3cenie mostk\u00f3w \u0142\u0105cz\u0105cych p\u0142aty do dw\u00f3ch atom\u00f3w (-C\u2261C-) powiedzie si\u0119 w sensie relaksacji cz\u0105steczek. Opis wynik\u00f3w na nast\u0119pnej stronie.<\/p>\n\n\n\n<p><strong><a href=\"https:\/\/teneochem.pl\/index.php\/alotropy-ct2\/\" target=\"_blank\" rel=\"noreferrer noopener\">CT-cz\u0119\u015b\u0107-druga<\/a><\/strong><\/p>\n","protected":false},"excerpt":{"rendered":"<p>Idea, kt\u00f3ra by\u0142a \u017ar\u00f3d\u0142em pokazanych poni\u017cej konstrukcji, zasadza\u0142a si\u0119 na po\u0142\u0105czeniu kation\u00f3w tropyliowych z anionami cyklopentadienowymi za pomoc\u0105 mostk\u00f3w buta-1,3-diyno-1,4-diylowych: Na rysunku powy\u017cej pokazane s\u0105 dwa p\u0142aty, kt\u00f3re mog\u0105 by\u0107 po\u0142\u0105czone ze sob\u0105 na cztery (jak s\u0105dz\u0119) sposob\u00f3w przez wytworzenie wi\u0105za\u0144 C-C w miejscach, gdzie formalnie znajduj\u0105 si\u0119 atomy wodoru. Ka\u017cdy spos\u00f3b prowadzi do powstania [&hellip;]<\/p>\n","protected":false},"author":2,"featured_media":0,"parent":0,"menu_order":0,"comment_status":"closed","ping_status":"closed","template":"","meta":{"footnotes":""},"class_list":["post-2668","page","type-page","status-publish","hentry"],"_links":{"self":[{"href":"https:\/\/teneochem.pl\/index.php\/wp-json\/wp\/v2\/pages\/2668","targetHints":{"allow":["GET"]}}],"collection":[{"href":"https:\/\/teneochem.pl\/index.php\/wp-json\/wp\/v2\/pages"}],"about":[{"href":"https:\/\/teneochem.pl\/index.php\/wp-json\/wp\/v2\/types\/page"}],"author":[{"embeddable":true,"href":"https:\/\/teneochem.pl\/index.php\/wp-json\/wp\/v2\/users\/2"}],"replies":[{"embeddable":true,"href":"https:\/\/teneochem.pl\/index.php\/wp-json\/wp\/v2\/comments?post=2668"}],"version-history":[{"count":3,"href":"https:\/\/teneochem.pl\/index.php\/wp-json\/wp\/v2\/pages\/2668\/revisions"}],"predecessor-version":[{"id":3498,"href":"https:\/\/teneochem.pl\/index.php\/wp-json\/wp\/v2\/pages\/2668\/revisions\/3498"}],"wp:attachment":[{"href":"https:\/\/teneochem.pl\/index.php\/wp-json\/wp\/v2\/media?parent=2668"}],"curies":[{"name":"wp","href":"https:\/\/api.w.org\/{rel}","templated":true}]}}