{"id":2645,"date":"2024-05-10T22:22:31","date_gmt":"2024-05-10T20:22:31","guid":{"rendered":"https:\/\/teneochem.pl\/?page_id=2645"},"modified":"2025-01-30T14:59:53","modified_gmt":"2025-01-30T14:59:53","slug":"smoleny2","status":"publish","type":"page","link":"https:\/\/teneochem.pl\/index.php\/smoleny2\/","title":{"rendered":"Smoleny2"},"content":{"rendered":"\n<p>W tej cz\u0119\u015bci zajm\u0119 si\u0119 pochodnymi smolen\u00f3w, kt\u00f3re posiadaj\u0105 fragment &#8222;zasklepiaj\u0105cy&#8221; pas (belt) lub nanreurk\u0119. Pierwszy zwi\u0105zek jest zasklepiony za pomoc\u0105 karbomeru C2 benzenu. Cz\u0105steczka zosta\u0142a zoptymalizowana na poziomie PM3 (Orca 4.2.1\/ PM3\/ hess-plus):<\/p>\n\n\n\n<div style=\"height: 300px; width: 300px; position: relative;\" class='viewer_3Dmoljs' data-href='https:\/\/teneochem.pl\/struct\/nowe\/smoleny\/smolen1-garen-pm3-onv-C90H6.sdf' data-backgroundcolor='#0000CC' data-style='stick:radius~0.2;sphere:radius~0.4'><\/div>\n\n\n\n<p>Nast\u0119pna cz\u0105steczka jest ju\u017c alotropem w\u0119gla C<sub>108<\/sub>. Nie jest to jednak fulleren, gdy\u017c pier\u015bcienie s\u0105 karbomerami cykli pi\u0119cio- i sze\u015bciocz\u0142onowych. Cz\u0105steczka r\u00f3wnie\u017c zosta\u0142a zoptymalizowana za pomoc\u0105 metody PM3 (parametry oblicze\u0144 jak wy\u017cej):<\/p>\n\n\n\n<div style=\"height: 300px; width: 300px; position: relative;\" class='viewer_3Dmoljs' data-href='https:\/\/teneochem.pl\/struct\/nowe\/smoleny\/smolen1-digaren-pm3-onv1-C108.sdf' data-backgroundcolor='#0000CC' data-style='stick:radius~0.2;sphere:radius~0.4'><\/div>\n\n\n\n<p>Zmodyfikowa\u0142em wy\u017cej pokazany alotrop przez dodanie mostk\u00f3w C<sub>2<\/sub> pomi\u0119dzy p\u0142atami. Dzi\u0119ki temu powsta\u0142 nowy alotrop C<sub>120<\/sub> (parametry oblicze\u0144 jak wy\u017cej):<\/p>\n\n\n\n<div style=\"height: 300px; width: 300px; position: relative;\" class='viewer_3Dmoljs' data-href='https:\/\/teneochem.pl\/struct\/nowe\/smoleny\/smolen1-digaren-ext-pm3-C120.sdf' data-backgroundcolor='#0000CC' data-style='stick:radius~0.2;sphere:radius~0.4'><\/div>\n\n\n\n<p>Interpretacja krotno\u015bci wi\u0105za\u0144 CC w formacie sdf jest niejednoznaczna. Wi\u0105zania pojedyncze widoczne na animacji mo\u017cna traktowa\u0107 jak wi\u0105zania podw\u00f3jne. Taki zabieg powoduje, \u017ce usuwa si\u0119 widoczne tr\u00f3jwi\u0105zalne atomy w\u0119gla. Tym niemniej nie wprowadza\u0142em r\u0119cznych zmian krotno\u015bci wi\u0105za\u0144, cho\u0107 tego typu zmiana lepiej by oddawa\u0142a ide\u0119 oktet\u00f3w elektronowych w klasycznych wzorach Lewisa. <\/p>\n\n\n\n<p>Ostatni\u0105 cz\u0105steczk\u0105 badan\u0105 w tym szeregu jest cz\u0119\u015bciowo uwodorniony alotrop C<sub>120<\/sub> (parametry oblicze\u0144 jak wy\u017cej):<\/p>\n\n\n\n<div style=\"height: 300px; width: 300px; position: relative;\" class='viewer_3Dmoljs' data-href='https:\/\/teneochem.pl\/struct\/nowe\/smoleny\/smolen-digaren-ext-hydro-pm3-onv-C120H12.sdf' data-backgroundcolor='#0000CC' data-style='stick:radius~0.2;sphere:radius~0.4'><\/div>\n\n\n\n<p>Ten w\u0119glowod\u00f3r ma wz\u00f3r C<sub>120<\/sub>H<sub>12<\/sub>. W\u0142a\u015bciwie to mog\u0142oby by\u0107 zako\u0144czenie tego szeregu zwi\u0105zk\u00f3w, ale co\u015b mnie podkusi\u0142o, wr\u00f3ci\u0142em do nanorurek i spr\u00f3bowa\u0142em zoptymalizowa\u0107 struktur\u0119 jak poni\u017cej (Orca 4.2.1\/ HF\/ 6-31G\/ Hess-plus):<\/p>\n\n\n\n<div style=\"height: 300px; width: 300px; position: relative;\" class='viewer_3Dmoljs' data-href='https:\/\/teneochem.pl\/struct\/nowe\/smoleny\/smolen-3-HF-CH2-CCH2-onv-C150H24.sdf' data-backgroundcolor='#0000CC' data-style='stick:radius~0.2;sphere:radius~0.4'><\/div>\n\n\n\n<p>Obliczenia na wskazanym poziomie i z u\u017cyciem wskazanej bazy funkcyjnej trwa\u0142y nieco ponad 81 godzin (dla pal = 15 &#8211; numOpt). Okaza\u0142o si\u0119 jednak, \u017ce cz\u0105steczka jest zrelaksowana, mimo \u017ce wynikowe krotno\u015bci wi\u0105za\u0144 s\u0105 w niekt\u00f3rych miejscach do\u015b\u0107 dziwne.<\/p>\n","protected":false},"excerpt":{"rendered":"<p>W tej cz\u0119\u015bci zajm\u0119 si\u0119 pochodnymi smolen\u00f3w, kt\u00f3re posiadaj\u0105 fragment &#8222;zasklepiaj\u0105cy&#8221; pas (belt) lub nanreurk\u0119. Pierwszy zwi\u0105zek jest zasklepiony za pomoc\u0105 karbomeru C2 benzenu. Cz\u0105steczka zosta\u0142a zoptymalizowana na poziomie PM3 (Orca 4.2.1\/ PM3\/ hess-plus): Nast\u0119pna cz\u0105steczka jest ju\u017c alotropem w\u0119gla C108. Nie jest to jednak fulleren, gdy\u017c pier\u015bcienie s\u0105 karbomerami cykli pi\u0119cio- i sze\u015bciocz\u0142onowych. Cz\u0105steczka [&hellip;]<\/p>\n","protected":false},"author":2,"featured_media":0,"parent":0,"menu_order":0,"comment_status":"closed","ping_status":"closed","template":"","meta":{"footnotes":""},"class_list":["post-2645","page","type-page","status-publish","hentry"],"_links":{"self":[{"href":"https:\/\/teneochem.pl\/index.php\/wp-json\/wp\/v2\/pages\/2645","targetHints":{"allow":["GET"]}}],"collection":[{"href":"https:\/\/teneochem.pl\/index.php\/wp-json\/wp\/v2\/pages"}],"about":[{"href":"https:\/\/teneochem.pl\/index.php\/wp-json\/wp\/v2\/types\/page"}],"author":[{"embeddable":true,"href":"https:\/\/teneochem.pl\/index.php\/wp-json\/wp\/v2\/users\/2"}],"replies":[{"embeddable":true,"href":"https:\/\/teneochem.pl\/index.php\/wp-json\/wp\/v2\/comments?post=2645"}],"version-history":[{"count":2,"href":"https:\/\/teneochem.pl\/index.php\/wp-json\/wp\/v2\/pages\/2645\/revisions"}],"predecessor-version":[{"id":3628,"href":"https:\/\/teneochem.pl\/index.php\/wp-json\/wp\/v2\/pages\/2645\/revisions\/3628"}],"wp:attachment":[{"href":"https:\/\/teneochem.pl\/index.php\/wp-json\/wp\/v2\/media?parent=2645"}],"curies":[{"name":"wp","href":"https:\/\/api.w.org\/{rel}","templated":true}]}}