{"id":2630,"date":"2024-05-08T22:05:31","date_gmt":"2024-05-08T20:05:31","guid":{"rendered":"https:\/\/teneochem.pl\/?page_id=2630"},"modified":"2025-01-30T14:59:10","modified_gmt":"2025-01-30T14:59:10","slug":"smoleny","status":"publish","type":"page","link":"https:\/\/teneochem.pl\/index.php\/smoleny\/","title":{"rendered":"Smoleny"},"content":{"rendered":"\n<p>Zwi\u0105zki, kt\u00f3re opisz\u0119 poni\u017cej wzi\u0119\u0142y nazw\u0119 od mojego ulubionego zamku na Jurze Krakowsko-Cz\u0119stochowskiej. Zamek znajduje si\u0119 w miejscowo\u015bci Smole\u0144:<\/p>\n\n\n\n<figure class=\"wp-block-image aligncenter size-full is-resized\"><img decoding=\"async\" src=\"http:\/\/teneochem.pl\/wp-content\/uploads\/2024\/05\/IMG_20230102_133821.jpg\" alt=\"\" class=\"wp-image-2631\" style=\"width:548px;height:auto\"\/><figcaption class=\"wp-element-caption\">Zdj\u0119cie zamku w Smoleniu (niekt\u00f3rzy nazywaj\u0105 go zamkiem Pilcza) wiosna roku 2023<\/figcaption><\/figure>\n\n\n\n<p>Podstaw\u0105 struktur jest (3<em>Z<\/em>,10<em>Z<\/em>)-cyklotetradeka-3,10-dieno-1,5,8,12-tetrayn (a) oraz jego odwodorniona forma (1<em>Z<\/em>,5<em>Z<\/em>,11<em>Z<\/em>)-cyklotetradeka-1,2,3,5,6,7,11-heptaeno-9,13-diyn (b):<\/p>\n\n\n\n<figure class=\"wp-block-image aligncenter size-full\"><img loading=\"lazy\" decoding=\"async\" width=\"527\" height=\"270\" src=\"http:\/\/teneochem.pl\/wp-content\/uploads\/2024\/05\/smoleny-podstawy-cykliczne.jpg\" alt=\"\" class=\"wp-image-2632\" srcset=\"https:\/\/teneochem.pl\/wp-content\/uploads\/2024\/05\/smoleny-podstawy-cykliczne.jpg 527w, https:\/\/teneochem.pl\/wp-content\/uploads\/2024\/05\/smoleny-podstawy-cykliczne-300x154.jpg 300w\" sizes=\"auto, (max-width: 527px) 100vw, 527px\" \/><\/figure>\n\n\n\n<p>Pierwsza pochodna zawiera sze\u015b\u0107 pier\u015bcieni typu <strong>a<\/strong> po\u0142\u0105czonych w makrocykl (Orca 4.2.1\/ PM3\/ hess-plus):<\/p>\n\n\n\n<div style=\"height: 300px; width: 300px; position: relative;\" class='viewer_3Dmoljs' data-href='https:\/\/teneochem.pl\/struct\/nowe\/smoleny\/smolen01-pm3-onv-C72H24.sdf' data-backgroundcolor='#0000CC' data-style='stick:radius~0.2;sphere:radius~0.4'><\/div>\n\n\n\n<p>Skonstruowa\u0142em analogiczn\u0105 struktur\u0119 opart\u0105 na modelu <strong>b<\/strong> (parametry oblicze\u0144 jak wy\u017cej):<\/p>\n\n\n\n<div style=\"height: 300px; width: 300px; position: relative;\" class='viewer_3Dmoljs' data-href='https:\/\/teneochem.pl\/struct\/nowe\/smoleny\/smolen1-chch-pm3-onv-C72H12.sdf' data-backgroundcolor='#0000CC' data-style='stick:radius~0.2;sphere:radius~0.4'><\/div>\n\n\n\n<p>Rozbudowa\u0142em powy\u017csze struktury o dwa pasy d\u0105\u017c\u0105c do cz\u0105steczek, kt\u00f3re zaczynaj\u0105 przypomina\u0107 nanorurki. Pierwsza struktura o wzorze sumarycznym C<sub>144<\/sub>H<sub>24<\/sub> zosta\u0142a zoptymalizowana na poziomie p\u00f3\u0142empirycznym (parametry oblicze\u0144 jak wy\u017cej):<\/p>\n\n\n\n<div style=\"height: 300px; width: 300px; position: relative;\" class='viewer_3Dmoljs' data-href='https:\/\/teneochem.pl\/struct\/nowe\/smoleny\/smolen02-pm3-onv-C144H24.sdf' data-backgroundcolor='#0000CC' data-style='stick:radius~0.2;sphere:radius~0.4'><\/div>\n\n\n\n<p>Nast\u0119pna struktura jest rozbudowan\u0105 wersj\u0105 formy <strong>b<\/strong> (parametry oblicze\u0144 jak wy\u017cej):<\/p>\n\n\n\n<div style=\"height: 300px; width: 300px; position: relative;\" class='viewer_3Dmoljs' data-href='https:\/\/teneochem.pl\/struct\/nowe\/smoleny\/smolen0-reform-pm3-onv-C144H12.sdf' data-backgroundcolor='#0000CC' data-style='stick:radius~0.2;sphere:radius~0.4'><\/div>\n\n\n\n<p>Uzyskane wyniki sugeruj\u0105, \u017ce mo\u017cliwe jest dalsze wyd\u0142u\u017canie cz\u0105steczek bez utraty relaksacji (czyli, \u017ce wszystkie warto\u015bci w\u0142asne hessianu powinny by\u0107 dodatnie) przynajmniej na poziomie p\u00f3\u0142empirycznym. Obliczenia na wy\u017cszych poziomach wymagaj\u0105 dost\u0119pu do szybszych komputer\u00f3w. Tymczasem musz\u0119 (maj 2024) pozosta\u0107 przy tych wynikach. Na nast\u0119pnej stronie znajd\u0105 si\u0119 bardziej &#8222;domkni\u0119te&#8221; formy smolen\u00f3w.<\/p>\n\n\n\n<p><a href=\"https:\/\/teneochem.pl\/index.php\/smoleny2\/\" target=\"_blank\" rel=\"noreferrer noopener\">Smoleny2 &#8211; klik<\/a><\/p>\n","protected":false},"excerpt":{"rendered":"<p>Zwi\u0105zki, kt\u00f3re opisz\u0119 poni\u017cej wzi\u0119\u0142y nazw\u0119 od mojego ulubionego zamku na Jurze Krakowsko-Cz\u0119stochowskiej. Zamek znajduje si\u0119 w miejscowo\u015bci Smole\u0144: Podstaw\u0105 struktur jest (3Z,10Z)-cyklotetradeka-3,10-dieno-1,5,8,12-tetrayn (a) oraz jego odwodorniona forma (1Z,5Z,11Z)-cyklotetradeka-1,2,3,5,6,7,11-heptaeno-9,13-diyn (b): Pierwsza pochodna zawiera sze\u015b\u0107 pier\u015bcieni typu a po\u0142\u0105czonych w makrocykl (Orca 4.2.1\/ PM3\/ hess-plus): Skonstruowa\u0142em analogiczn\u0105 struktur\u0119 opart\u0105 na modelu b (parametry oblicze\u0144 jak wy\u017cej): [&hellip;]<\/p>\n","protected":false},"author":2,"featured_media":0,"parent":0,"menu_order":0,"comment_status":"closed","ping_status":"closed","template":"","meta":{"footnotes":""},"class_list":["post-2630","page","type-page","status-publish","hentry"],"_links":{"self":[{"href":"https:\/\/teneochem.pl\/index.php\/wp-json\/wp\/v2\/pages\/2630","targetHints":{"allow":["GET"]}}],"collection":[{"href":"https:\/\/teneochem.pl\/index.php\/wp-json\/wp\/v2\/pages"}],"about":[{"href":"https:\/\/teneochem.pl\/index.php\/wp-json\/wp\/v2\/types\/page"}],"author":[{"embeddable":true,"href":"https:\/\/teneochem.pl\/index.php\/wp-json\/wp\/v2\/users\/2"}],"replies":[{"embeddable":true,"href":"https:\/\/teneochem.pl\/index.php\/wp-json\/wp\/v2\/comments?post=2630"}],"version-history":[{"count":3,"href":"https:\/\/teneochem.pl\/index.php\/wp-json\/wp\/v2\/pages\/2630\/revisions"}],"predecessor-version":[{"id":3496,"href":"https:\/\/teneochem.pl\/index.php\/wp-json\/wp\/v2\/pages\/2630\/revisions\/3496"}],"wp:attachment":[{"href":"https:\/\/teneochem.pl\/index.php\/wp-json\/wp\/v2\/media?parent=2630"}],"curies":[{"name":"wp","href":"https:\/\/api.w.org\/{rel}","templated":true}]}}