{"id":2537,"date":"2024-04-21T11:10:51","date_gmt":"2024-04-21T09:10:51","guid":{"rendered":"https:\/\/teneochem.pl\/?page_id=2537"},"modified":"2025-01-30T14:57:33","modified_gmt":"2025-01-30T14:57:33","slug":"tripaneny","status":"publish","type":"page","link":"https:\/\/teneochem.pl\/index.php\/tripaneny\/","title":{"rendered":"Tripaneny"},"content":{"rendered":"\n<p>Zada\u0142em sobie pytanie przy okazji jakiej\u015b pracy. Pytanie mia\u0142o mniej wi\u0119cej nast\u0119puj\u0105c\u0105 posta\u0107 &#8211; Skoro znana jest bicykliczna diamina trzeciorz\u0119dowa o systematycznej nazwie 1,4-diazabicyklo[2.2.2]oktan, &#8211; dalej &#8211; Znana jest nienasycona pochodna tego zwi\u0105zku (1,4-diazabicyklo[2.2.2]okt-2-en) oraz pochodna z dwoma wi\u0105zaniami etylenowymi (1,4-diazabicyklo[2.2.2]okta-2,5-dien), to czy znana jest pochodna z trzema wi\u0105zaniami etylenowymi (1,4-diazabicyklo[2.2.2]okta2,5,7-trien)? Nale\u017cy zaznaczy\u0107, \u017ce w obu przyk\u0142adach pozycje 1 i 4 s\u0105 prochiralne.<\/p>\n\n\n\n<p>Przegl\u0105d og\u00f3lnodost\u0119pnych internetowych baz danych da\u0142 wynik negatywny. By\u0142em raczej zdziwiony, gdy\u017c nie jest to zbyt skomplikowany zwi\u0105zek, ale skoro go nie ma (by\u0107 mo\u017ce jest w Scifinderze, ale nie mam do niego dost\u0119pu &#8211; je\u015bli kto\u015b ma, to prosz\u0119 o informacj\u0119), to mog\u0119 przynajmniej policzy\u0107 jego optymaln\u0105 geometri\u0119. Wykona\u0142em takie obliczenie na poziomie DFT (Orca 4.2.1\/ B3LYP\/ def2-SVP\/ hess-plus):<\/p>\n\n\n\n<div style=\"height: 300px; width: 300px; position: relative;\" class='viewer_3Dmoljs' data-href='https:\/\/teneochem.pl\/struct\/nowe\/tripaneny\/tripanen222diamine.sdf' data-backgroundcolor='#FFCC33' data-style='stick:radius~0.2;sphere:radius~0.4'><\/div>\n\n\n\n<p>Skoro taki zwi\u0105zek jest zrelaksowany (hessian wykazuje wszystkie cz\u0119sto\u015bci dodatnie), to mo\u017ce zwi\u0105zki o d\u0142u\u017cszych \u0142a\u0144cuchach nienasyconych b\u0119d\u0105 r\u00f3wnie\u017c zrelaksowane? Na &#8222;pierwszy ogie\u0144&#8221; wzi\u0105\u0142em 1,5-diazabicyklo[3.2.2]nona-2,3,6,8-tetraen (parametry oblicze\u0144 jak wy\u017cej):<\/p>\n\n\n\n<div style=\"height: 300px; width: 300px; position: relative;\" class='viewer_3Dmoljs' data-href='https:\/\/teneochem.pl\/struct\/nowe\/tripaneny\/tripanen322diamine.sdf' data-backgroundcolor='#FFCC33' data-style='stick:radius~0.2;sphere:radius~0.4'><\/div>\n\n\n\n<p>Okaza\u0142o si\u0119, \u017ce przypadkowo wygenerowa\u0142em (podczas rysowania struktury w programie ChemSketch) jeden z enancjomer\u00f3w, mianowicie enancjomer (2<em>M<\/em>). Obecno\u015b\u0107 jednego \u0142a\u0144cucha allenowego jest przyczyn\u0105 wyst\u0105pienia zjawiska chiralno\u015bci. Z ochot\u0105 utworzy\u0142em kolejn\u0105 pochodn\u0105, tym razem z dwoma \u0142a\u0144cuchami allenowymi (parametry oblicze\u0144 jak wy\u017cej):<\/p>\n\n\n\n<div style=\"height: 300px; width: 300px; position: relative;\" class='viewer_3Dmoljs' data-href='https:\/\/teneochem.pl\/struct\/nowe\/tripaneny\/tripanen332diamine-cov.sdf' data-backgroundcolor='#FFCC33' data-style='stick:radius~0.2;sphere:radius~0.4'><\/div>\n\n\n\n<p>Ponownie okaza\u0142o si\u0119, \u017ce utworzy\u0142em enancjomer, tym razem form\u0119 (2<em>M<\/em>,6<em>M<\/em>). Z jakiego\u015b powodu tworz\u0119 enancjomery typu minus (o konfiguracji lewej). Mo\u017ce dlatego, \u017ce jestem z natury lewor\u0119czny? Nie wiem \ud83d\ude42<\/p>\n\n\n\n<p><a href=\"https:\/\/teneochem.pl\/index.php\/tripaneny2\/\" target=\"_blank\" rel=\"noreferrer noopener\"><strong>Tripaneny2-klik<\/strong><\/a><\/p>\n","protected":false},"excerpt":{"rendered":"<p>Zada\u0142em sobie pytanie przy okazji jakiej\u015b pracy. Pytanie mia\u0142o mniej wi\u0119cej nast\u0119puj\u0105c\u0105 posta\u0107 &#8211; Skoro znana jest bicykliczna diamina trzeciorz\u0119dowa o systematycznej nazwie 1,4-diazabicyklo[2.2.2]oktan, &#8211; dalej &#8211; Znana jest nienasycona pochodna tego zwi\u0105zku (1,4-diazabicyklo[2.2.2]okt-2-en) oraz pochodna z dwoma wi\u0105zaniami etylenowymi (1,4-diazabicyklo[2.2.2]okta-2,5-dien), to czy znana jest pochodna z trzema wi\u0105zaniami etylenowymi (1,4-diazabicyklo[2.2.2]okta2,5,7-trien)? Nale\u017cy zaznaczy\u0107, \u017ce w [&hellip;]<\/p>\n","protected":false},"author":2,"featured_media":0,"parent":0,"menu_order":0,"comment_status":"closed","ping_status":"closed","template":"","meta":{"footnotes":""},"class_list":["post-2537","page","type-page","status-publish","hentry"],"_links":{"self":[{"href":"https:\/\/teneochem.pl\/index.php\/wp-json\/wp\/v2\/pages\/2537","targetHints":{"allow":["GET"]}}],"collection":[{"href":"https:\/\/teneochem.pl\/index.php\/wp-json\/wp\/v2\/pages"}],"about":[{"href":"https:\/\/teneochem.pl\/index.php\/wp-json\/wp\/v2\/types\/page"}],"author":[{"embeddable":true,"href":"https:\/\/teneochem.pl\/index.php\/wp-json\/wp\/v2\/users\/2"}],"replies":[{"embeddable":true,"href":"https:\/\/teneochem.pl\/index.php\/wp-json\/wp\/v2\/comments?post=2537"}],"version-history":[{"count":3,"href":"https:\/\/teneochem.pl\/index.php\/wp-json\/wp\/v2\/pages\/2537\/revisions"}],"predecessor-version":[{"id":3494,"href":"https:\/\/teneochem.pl\/index.php\/wp-json\/wp\/v2\/pages\/2537\/revisions\/3494"}],"wp:attachment":[{"href":"https:\/\/teneochem.pl\/index.php\/wp-json\/wp\/v2\/media?parent=2537"}],"curies":[{"name":"wp","href":"https:\/\/api.w.org\/{rel}","templated":true}]}}