{"id":2512,"date":"2024-04-19T22:04:10","date_gmt":"2024-04-19T20:04:10","guid":{"rendered":"https:\/\/teneochem.pl\/?page_id=2512"},"modified":"2025-01-30T14:56:26","modified_gmt":"2025-01-30T14:56:26","slug":"hexesy","status":"publish","type":"page","link":"https:\/\/teneochem.pl\/index.php\/hexesy\/","title":{"rendered":"Hexesy"},"content":{"rendered":"\n<p>Grupa pochodnych benzenu. Wszystkie atomy wodoru przy pier\u015bcieniu benzenowym zosta\u0142y zast\u0105pione rozbudowanymi podstawnikami o charakterze nienasyconym (Orca 4.2.1\/ B3LYP\/ def2-SVP\/ hess-plus):<\/p>\n\n\n\n<div style=\"height: 300px; width: 300px; position: relative;\" class='viewer_3Dmoljs' data-href='https:\/\/teneochem.pl\/struct\/nowe\/hexesy\/hexes-trand-onv-C48H32.sdf' data-backgroundcolor='#339900' data-style='stick:radius~0.2;sphere:radius~0.4'><\/div>\n\n\n\n<p>Przy konstrukcji nast\u0119pnych modeli kierowa\u0142em si\u0119 po\u0142o\u017ceniem niekt\u00f3rych atom\u00f3w wodoru w podstawnikach. Zamienia\u0142em je nast\u0119pnie na fragmenty w\u0119glowe wed\u0142ug uznania. W modelu pokazanym poni\u017cej s\u0105siaduj\u0105ce atomy wodoru z pierwszego modelu a zwi\u0105zane z atomami w\u0119gla o hybrydyzacji sp<sup>3<\/sup> zast\u0105pi\u0142em mostkami metylenowymi (parametry oblicze\u0144 jak wy\u017cej):<\/p>\n\n\n\n<div style=\"height: 300px; width: 300px; position: relative;\" class='viewer_3Dmoljs' data-href='https:\/\/teneochem.pl\/struct\/nowe\/hexesy\/heses-trand-02-C48H30.sdf' data-backgroundcolor='#339900' data-style='stick:radius~0.2;sphere:radius~0.4'><\/div>\n\n\n\n<p>Zwr\u00f3ci\u0142em uwag\u0119 na to, \u017ce powy\u017cej pokazana struktura mo\u017ce by\u0107 rozbudowana. Usun\u0105\u0142em trzy grupy metylenowe i w te miejsca naprzemiennie z grypami -CH<sub>2<\/sub>&#8211; umie\u015bci\u0142em trzy grupy \u00b7CH=CH\u00b7 (parametry oblicze\u0144 jak wy\u017cej):<\/p>\n\n\n\n<div style=\"height: 300px; width: 300px; position: relative;\" class='viewer_3Dmoljs' data-href='https:\/\/teneochem.pl\/struct\/nowe\/hexesy\/heses-trand-01-onv-C51H30.sdf' data-backgroundcolor='#339900' data-style='stick:radius~0.2;sphere:radius~0.4'><\/div>\n\n\n\n<p>Zauwa\u017cy\u0142em, \u017ce powinna istnie\u0107 mo\u017cliwo\u015b\u0107 zbudowania dwuwarstwowej wersji tych cz\u0105steczek. Tak te\u017c zrobi\u0142em (parametry oblicze\u0144 jak wy\u017cej):<\/p>\n\n\n\n<div style=\"height: 300px; width: 300px; position: relative;\" class='viewer_3Dmoljs' data-href='https:\/\/teneochem.pl\/struct\/nowe\/hexesy\/heses-trand-03-onv-C48H24.sdf' data-backgroundcolor='#339900' data-style='stick:radius~0.2;sphere:radius~0.4'><\/div>\n\n\n\n<p>Podczas tej pracy zda\u0142em sobie spraw\u0119 z tego, \u017ce podstawniki umieszczone wok\u00f3\u0142 pier\u015bcienia benzenowego mog\u0105 by\u0107 symetryczne wzgl\u0119dem p\u0142aszczyzny tego pier\u015bcienia (jak lustrzane odbicie. Ta konstatacja doprowadzi\u0142a mnie do kolejnej struktury (parametry oblicze\u0144 jak wy\u017cej):<\/p>\n\n\n\n<div style=\"height: 300px; width: 300px; position: relative;\" class='viewer_3Dmoljs' data-href='https:\/\/teneochem.pl\/struct\/nowe\/hexesy\/heses-trand-04-C48H30.sdf' data-backgroundcolor='#339900' data-style='stick:radius~0.2;sphere:radius~0.4'><\/div>\n\n\n\n<p>Nie jest to jednak uk\u0142ad symetryczny, gdy\u017c atomy wodoru le\u017c\u0105ce formalnie w p\u0142aszczy\u017anie pier\u015bcienia benzenowego nie le\u017c\u0105 dok\u0142adnie w tej p\u0142aszczy\u017anie. Ten efekt powoduje, \u017ce cz\u0105steczka w jednej z konformacji mo\u017ce przyj\u0105\u0107 uk\u0142ad helikalny, co mo\u017ce by\u0107 \u017ar\u00f3d\u0142em chiralno\u015bci.<\/p>\n\n\n\n<p>Jeszcze jeden przyk\u0142ad, kt\u00f3ry pokazuj\u0119 poni\u017cej, ale kt\u00f3rego pier\u015bcie\u0144 centralny ma charakter cykloheksanu w konformacji krzes\u0142owej (parametry oblicze\u0144 jak powy\u017cej):<\/p>\n\n\n\n<div style=\"height: 300px; width: 300px; position: relative;\" class='viewer_3Dmoljs' data-href='https:\/\/teneochem.pl\/struct\/nowe\/hexesy\/cyklo-smiglen-ov.sdf' data-backgroundcolor='#339900' data-style='stick:radius~0.2;sphere:radius~0.4'><\/div>\n\n\n\n<p>Jest to uk\u0142ad heptacykliczny, z sze\u015bcioma pier\u015bcieniami cykloheksa-1,3-dienowymi. Zaskakuj\u0105ce jest to, \u017ce mimo du\u017cego upakowania pier\u015bcieni cz\u0105steczka jest zrelaksowana (wszystkie cz\u0119sto\u015bci w hessianie s\u0105 dodatnie). Jej kszta\u0142t przypomina nieco sze\u015bcio\u0142opatowe \u015bmig\u0142o.<\/p>\n","protected":false},"excerpt":{"rendered":"<p>Grupa pochodnych benzenu. Wszystkie atomy wodoru przy pier\u015bcieniu benzenowym zosta\u0142y zast\u0105pione rozbudowanymi podstawnikami o charakterze nienasyconym (Orca 4.2.1\/ B3LYP\/ def2-SVP\/ hess-plus): Przy konstrukcji nast\u0119pnych modeli kierowa\u0142em si\u0119 po\u0142o\u017ceniem niekt\u00f3rych atom\u00f3w wodoru w podstawnikach. Zamienia\u0142em je nast\u0119pnie na fragmenty w\u0119glowe wed\u0142ug uznania. W modelu pokazanym poni\u017cej s\u0105siaduj\u0105ce atomy wodoru z pierwszego modelu a zwi\u0105zane z atomami [&hellip;]<\/p>\n","protected":false},"author":2,"featured_media":0,"parent":0,"menu_order":0,"comment_status":"closed","ping_status":"closed","template":"","meta":{"footnotes":""},"class_list":["post-2512","page","type-page","status-publish","hentry"],"_links":{"self":[{"href":"https:\/\/teneochem.pl\/index.php\/wp-json\/wp\/v2\/pages\/2512","targetHints":{"allow":["GET"]}}],"collection":[{"href":"https:\/\/teneochem.pl\/index.php\/wp-json\/wp\/v2\/pages"}],"about":[{"href":"https:\/\/teneochem.pl\/index.php\/wp-json\/wp\/v2\/types\/page"}],"author":[{"embeddable":true,"href":"https:\/\/teneochem.pl\/index.php\/wp-json\/wp\/v2\/users\/2"}],"replies":[{"embeddable":true,"href":"https:\/\/teneochem.pl\/index.php\/wp-json\/wp\/v2\/comments?post=2512"}],"version-history":[{"count":2,"href":"https:\/\/teneochem.pl\/index.php\/wp-json\/wp\/v2\/pages\/2512\/revisions"}],"predecessor-version":[{"id":3622,"href":"https:\/\/teneochem.pl\/index.php\/wp-json\/wp\/v2\/pages\/2512\/revisions\/3622"}],"wp:attachment":[{"href":"https:\/\/teneochem.pl\/index.php\/wp-json\/wp\/v2\/media?parent=2512"}],"curies":[{"name":"wp","href":"https:\/\/api.w.org\/{rel}","templated":true}]}}