{"id":2482,"date":"2024-04-18T19:18:02","date_gmt":"2024-04-18T17:18:02","guid":{"rendered":"https:\/\/teneochem.pl\/?page_id=2482"},"modified":"2025-01-30T14:55:26","modified_gmt":"2025-01-30T14:55:26","slug":"semifullereny2","status":"publish","type":"page","link":"https:\/\/teneochem.pl\/index.php\/semifullereny2\/","title":{"rendered":"Semifullereny2"},"content":{"rendered":"\n<p>Zanim przejd\u0119 do opisu zaprojektowanych alotrop\u00f3w, przedstawi\u0119 jeszcze kilka struktur w\u0119glowodor\u00f3w, kt\u00f3re do tych alotrop\u00f3w doprowadzi\u0142y. Pierwsza struktura jest rozbudowan\u0105 wersj\u0105 poprzedniej (ostatniej pokazanej na poprzedniej stronie). Zwi\u0105zek ten ma wz\u00f3r C<sub>54<\/sub>H<sub>12<\/sub> i zosta\u0142 zoptymalizowany na poziomie DFT (Orca 4.2.1\/ B3LYP\/ def2-SVP\/ hess-plus):<\/p>\n\n\n\n<div style=\"height: 300px; width: 300px; position: relative;\" class='viewer_3Dmoljs' data-href='https:\/\/teneochem.pl\/struct\/nowe\/semifullereny\/krystalen-C54H12-onv.sdf' data-backgroundcolor='#660066' data-style='stick:radius~0.2;sphere:radius~0.4'><\/div>\n\n\n\n<p>Oraz nieco inna struktura, w kt\u00f3rej jeden koniec cz\u0105steczki jest odwodorowany (parametry obliczeniowe jak wy\u017cej):<\/p>\n\n\n\n<div style=\"height: 300px; width: 300px; position: relative;\" class='viewer_3Dmoljs' data-href='https:\/\/teneochem.pl\/struct\/nowe\/semifullereny\/smiglen-bomben-long-onv.sdf' data-backgroundcolor='#660066' data-style='stick:radius~0.2;sphere:radius~0.4'><\/div>\n\n\n\n<p>I jeszcze jedna wersja (parametry obliczeniowe jak wy\u017cej):<\/p>\n\n\n\n<div style=\"height: 300px; width: 300px; position: relative;\" class='viewer_3Dmoljs' data-href='https:\/\/teneochem.pl\/struct\/nowe\/semifullereny\/krystalen-C66H12-onv.sdf' data-backgroundcolor='#660066' data-style='stick:radius~0.2;sphere:radius~0.4'><\/div>\n\n\n\n<p>I jeszcze d\u0142u\u017csza wersja (parametry obliczeniowe jak wy\u017cej):<\/p>\n\n\n\n<div style=\"height: 300px; width: 300px; position: relative;\" class='viewer_3Dmoljs' data-href='https:\/\/teneochem.pl\/struct\/nowe\/semifullereny\/krystalo-wazonen-onv-C72H6.sdf' data-backgroundcolor='#660066' data-style='stick:radius~0.2;sphere:radius~0.4'><\/div>\n\n\n\n<p>Wszystkie powy\u017csze konstrukcje sk\u0142ania\u0142y mnie do stwierdzenia, \u017ce jest mo\u017cliwo\u015b\u0107 pe\u0142nego usuni\u0119cia atom\u00f3w wodoru z utworzeniem sprz\u0119\u017conych uk\u0142ad\u00f3w wi\u0105za\u0144 podw\u00f3jnych ale rozdzielonych tetraedrycznymi atomami w\u0119gla. Powsta\u0142e w ten spos\u00f3b alotropy w\u0119gla nie maj\u0105 zatem charakteru fulleren\u00f3w. Pierwszym przyk\u0142adem jest alotrop C<sub>42<\/sub> (parametry obliczeniowe jak wy\u017cej):<\/p>\n\n\n\n<div style=\"height: 300px; width: 300px; position: relative;\" class='viewer_3Dmoljs' data-href='https:\/\/teneochem.pl\/struct\/nowe\/semifullereny\/krystalen-C42-onv.sdf' data-backgroundcolor='#660066' data-style='stick:radius~0.2;sphere:radius~0.4'><\/div>\n\n\n\n<p>Kolejna przedstawiona poni\u017cej struktura jest izomerem znanego fullerenu C<sub>60<\/sub>. W pokazanym poni\u017cej modelu wyst\u0119puj\u0105 jednak dwa sze\u015bcioatomowe pier\u015bcienie atom\u00f3w w\u0119gla o hybrydyzacji sp<sup>3<\/sup> (parametry oblicze\u0144 jak wy\u017cej):<\/p>\n\n\n\n<div style=\"height: 300px; width: 300px; position: relative;\" class='viewer_3Dmoljs' data-href='https:\/\/teneochem.pl\/struct\/nowe\/semifullereny\/krystalen-C60-onv.sdf' data-backgroundcolor='#660066' data-style='stick:radius~0.2;sphere:radius~0.4'><\/div>\n\n\n\n<p>Z pewnym op\u00f3\u017anieniem u\u015bwiadomi\u0142em sobie, ze \u015bciany alotropu pokazanego powy\u017cej s\u0105 zbudowane jedynie z pier\u015bcieni pi\u0119ciocz\u0142onowych. Ta konstatacja ty\u0142a powodem nowej konstrukcji, w kt\u00f3rej umie\u015bci\u0142em jeszcze skondensowane pier\u015bcienie benzenowe (parametry oblicze\u0144 jak wy\u017cej):<\/p>\n\n\n\n<div style=\"height: 300px; width: 300px; position: relative;\" class='viewer_3Dmoljs' data-href='https:\/\/teneochem.pl\/struct\/nowe\/semifullereny\/smiglen-hantlen-onv2.sdf' data-backgroundcolor='#660066' data-style='stick:radius~0.2;sphere:radius~0.4'><\/div>\n\n\n\n<p>Wreszcie ostatnia konstrukcja w tym wpisie ma najwi\u0119ksz\u0105 liczb\u0119 atom\u00f3w w\u0119gla (C<sub>78<\/sub>).<\/p>\n\n\n\n<div style=\"height: 300px; width: 300px; position: relative;\" class='viewer_3Dmoljs' data-href='https:\/\/teneochem.pl\/struct\/nowe\/semifullereny\/krystalen-C78-onv.sdf' data-backgroundcolor='#660066' data-style='stick:radius~0.2;sphere:radius~0.4'><\/div>\n\n\n\n<p>Wprawdzie wszystkie modele powy\u017cej s\u0105 zrelaksowane (wszystkie warto\u015bci w\u0142asne hessian\u00f3w s\u0105 dodatnie), ale d\u0142ugo\u015b\u0107 wi\u0105za\u0144 pomi\u0119dzy atomami w\u0119gla o hybrydyzacji sp<sup>3<\/sup> tworz\u0105cymi pier\u015bcienie sze\u015bciocz\u0142onowe jest wi\u0119ksza ni\u017c d\u0142ugo\u015b\u0107 typowych wi\u0105za\u0144 pojedynczych C-C. Wynosi ona oko\u0142o 1.65 \u212b. Nie jestem pewny, ale by\u0107 mo\u017ce dynamika molekularna pokaza\u0142aby istotne zmiany strukturalne w wybranym zakresie temperatur. Tego nie bada\u0142em (kwiecie\u0144 2024).<\/p>\n","protected":false},"excerpt":{"rendered":"<p>Zanim przejd\u0119 do opisu zaprojektowanych alotrop\u00f3w, przedstawi\u0119 jeszcze kilka struktur w\u0119glowodor\u00f3w, kt\u00f3re do tych alotrop\u00f3w doprowadzi\u0142y. Pierwsza struktura jest rozbudowan\u0105 wersj\u0105 poprzedniej (ostatniej pokazanej na poprzedniej stronie). Zwi\u0105zek ten ma wz\u00f3r C54H12 i zosta\u0142 zoptymalizowany na poziomie DFT (Orca 4.2.1\/ B3LYP\/ def2-SVP\/ hess-plus): Oraz nieco inna struktura, w kt\u00f3rej jeden koniec cz\u0105steczki jest odwodorowany (parametry [&hellip;]<\/p>\n","protected":false},"author":2,"featured_media":0,"parent":0,"menu_order":0,"comment_status":"closed","ping_status":"closed","template":"","meta":{"footnotes":""},"class_list":["post-2482","page","type-page","status-publish","hentry"],"_links":{"self":[{"href":"https:\/\/teneochem.pl\/index.php\/wp-json\/wp\/v2\/pages\/2482","targetHints":{"allow":["GET"]}}],"collection":[{"href":"https:\/\/teneochem.pl\/index.php\/wp-json\/wp\/v2\/pages"}],"about":[{"href":"https:\/\/teneochem.pl\/index.php\/wp-json\/wp\/v2\/types\/page"}],"author":[{"embeddable":true,"href":"https:\/\/teneochem.pl\/index.php\/wp-json\/wp\/v2\/users\/2"}],"replies":[{"embeddable":true,"href":"https:\/\/teneochem.pl\/index.php\/wp-json\/wp\/v2\/comments?post=2482"}],"version-history":[{"count":2,"href":"https:\/\/teneochem.pl\/index.php\/wp-json\/wp\/v2\/pages\/2482\/revisions"}],"predecessor-version":[{"id":3620,"href":"https:\/\/teneochem.pl\/index.php\/wp-json\/wp\/v2\/pages\/2482\/revisions\/3620"}],"wp:attachment":[{"href":"https:\/\/teneochem.pl\/index.php\/wp-json\/wp\/v2\/media?parent=2482"}],"curies":[{"name":"wp","href":"https:\/\/api.w.org\/{rel}","templated":true}]}}