{"id":2450,"date":"2024-04-17T16:40:06","date_gmt":"2024-04-17T14:40:06","guid":{"rendered":"https:\/\/teneochem.pl\/?page_id=2450"},"modified":"2025-01-30T14:54:30","modified_gmt":"2025-01-30T14:54:30","slug":"semifullereny","status":"publish","type":"page","link":"https:\/\/teneochem.pl\/index.php\/semifullereny\/","title":{"rendered":"Semifullereny"},"content":{"rendered":"\n<p>Ta nazwa dotyczy  zbioru nie tylko alotrop\u00f3w w\u0119gla z szeregiem wi\u0105za\u0144 wielokrotnych ale i w\u0119glowodor\u00f3w zwi\u0105zanych strukturalnie z tymi alotropami. Postanowi\u0142em wszystkie poni\u017cej opisane struktury nazwa\u0107 semifullerenami. Konstrukcje rozpocz\u0105\u0142em od fullerenu C24. Jest to <a href=\"http:\/\/nanotube.msu.edu\/fullerene\/fullerene.php?C=24\" target=\"_blank\" rel=\"noreferrer noopener\">znana cz\u0105steczka<\/a>. W poprzedzaj\u0105cym odno\u015bniku autorzy optymalizowali struktur\u0119 tego zwi\u0105zku za pomoc\u0105 mechaniku molekularnej. Tutaj zastosowa\u0142em poziom DFT (Orca 4.2.1\/ B3LYP\/ def2-SVP\/ Hess-plus). Geometrie s\u0105 podobne, cho\u0107 nie identyczne.<\/p>\n\n\n\n<p>Pierwsz\u0105 modyfikacj\u0105 tego fullerenu jest zwi\u0105zek przedstawiony poni\u017cej. Jest to pochodna C<sub>24<\/sub> wzbogacona o &#8222;wianuszek&#8221; dwunastu atom\u00f3w w\u0119gla skonstruowanych w pier\u015bcie\u0144 skondensowanych cykli pi\u0119ciocz\u0142onowych (parametry oblicze\u0144 jak wy\u017cej):<\/p>\n\n\n\n<div style=\"height: 300px; width: 300px; position: relative;\" class='viewer_3Dmoljs' data-href='https:\/\/teneochem.pl\/struct\/nowe\/semifullereny\/krystalen-C32H12-ov.sdf' data-backgroundcolor='#660066' data-style='stick:radius~0.2;sphere:radius~0.4'><\/div>\n\n\n\n<p>Poni\u017cej pokaza\u0142em nawet prostsz\u0105 struktur\u0119 w\u0119glowodoru C<sub>30<\/sub>H<sub>12<\/sub>. Mimo tej prostoty jest to uk\u0142ad nonadekacykliczny. Przypmon\u0119, \u017ce liczb\u0119 pier\u015bcieni (cykli) okre\u015bla si\u0119 najmniejsz\u0105 liczb\u0105 wi\u0105za\u0144, kt\u00f3re nale\u017cy usun\u0105\u0107 tak, aby uzyska\u0107 jednocz\u0105steczkowy szkielet acykliczny (parametry oblicze\u0144 jak wy\u017cej): <\/p>\n\n\n\n<div style=\"height: 300px; width: 300px; position: relative;\" class='viewer_3Dmoljs' data-href='https:\/\/teneochem.pl\/struct\/nowe\/semifullereny\/bi-smiglen-655-ov.sdf' data-backgroundcolor='#660066' data-style='stick:radius~0.2;sphere:radius~0.4'><\/div>\n\n\n\n<p>Przyznam, \u017ce motywacj\u0105 do budowy nast\u0119pnych modeli by\u0142y chyba tylko wzgl\u0119dy estetyczne. Te cz\u0105steczki s\u0105 po prostu \u0142adne (parametry oblicze\u0144 jak wy\u017cej): <\/p>\n\n\n\n<div style=\"height: 300px; width: 300px; position: relative;\" class='viewer_3Dmoljs' data-href='https:\/\/teneochem.pl\/struct\/nowe\/semifullereny\/bi-smiglen-6-55-6-ov1.sdf' data-backgroundcolor='#660066' data-style='stick:radius~0.2;sphere:radius~0.4'><\/div>\n\n\n\n<p>Do powsta\u0142ych struktur do\u0142\u0105cza\u0142em kolejne pier\u015bcienie skondensowane (parametry oblicze\u0144 jak wy\u017cej): <\/p>\n\n\n\n<div style=\"height: 300px; width: 300px; position: relative;\" class='viewer_3Dmoljs' data-href='https:\/\/teneochem.pl\/struct\/nowe\/semifullereny\/smiglen-bomben-ov.sdf' data-backgroundcolor='#660066' data-style='stick:radius~0.2;sphere:radius~0.4'><\/div>\n\n\n\n<p>Cel tej pracy stawa\u0142 si\u0119 dla mnie coraz bardziej wyra\u017any. By\u0142o nim usuni\u0119cie wszystkich atom\u00f3w wodoru i skonstruowanie nowych alotrop\u00f3w w\u0119gla. Tymczasem jednak powstawa\u0142y kolejne modele (parametry oblicze\u0144 jak wy\u017cej):<\/p>\n\n\n\n<div style=\"height: 300px; width: 300px; position: relative;\" class='viewer_3Dmoljs' data-href='https:\/\/teneochem.pl\/struct\/nowe\/semifullereny\/krystalen-C42H12-onv.sdf' data-backgroundcolor='#660066' data-style='stick:radius~0.2;sphere:radius~0.4'><\/div>\n\n\n\n<p><a href=\"https:\/\/teneochem.pl\/index.php\/semifullereny2\/\" target=\"_blank\" rel=\"noreferrer noopener\"><strong>Semiflullereny-cz\u0119\u015b\u0107 druga<\/strong><\/a><\/p>\n","protected":false},"excerpt":{"rendered":"<p>Ta nazwa dotyczy zbioru nie tylko alotrop\u00f3w w\u0119gla z szeregiem wi\u0105za\u0144 wielokrotnych ale i w\u0119glowodor\u00f3w zwi\u0105zanych strukturalnie z tymi alotropami. Postanowi\u0142em wszystkie poni\u017cej opisane struktury nazwa\u0107 semifullerenami. Konstrukcje rozpocz\u0105\u0142em od fullerenu C24. Jest to znana cz\u0105steczka. W poprzedzaj\u0105cym odno\u015bniku autorzy optymalizowali struktur\u0119 tego zwi\u0105zku za pomoc\u0105 mechaniku molekularnej. Tutaj zastosowa\u0142em poziom DFT (Orca 4.2.1\/ B3LYP\/ [&hellip;]<\/p>\n","protected":false},"author":2,"featured_media":0,"parent":0,"menu_order":0,"comment_status":"closed","ping_status":"closed","template":"","meta":{"footnotes":""},"class_list":["post-2450","page","type-page","status-publish","hentry"],"_links":{"self":[{"href":"https:\/\/teneochem.pl\/index.php\/wp-json\/wp\/v2\/pages\/2450","targetHints":{"allow":["GET"]}}],"collection":[{"href":"https:\/\/teneochem.pl\/index.php\/wp-json\/wp\/v2\/pages"}],"about":[{"href":"https:\/\/teneochem.pl\/index.php\/wp-json\/wp\/v2\/types\/page"}],"author":[{"embeddable":true,"href":"https:\/\/teneochem.pl\/index.php\/wp-json\/wp\/v2\/users\/2"}],"replies":[{"embeddable":true,"href":"https:\/\/teneochem.pl\/index.php\/wp-json\/wp\/v2\/comments?post=2450"}],"version-history":[{"count":3,"href":"https:\/\/teneochem.pl\/index.php\/wp-json\/wp\/v2\/pages\/2450\/revisions"}],"predecessor-version":[{"id":3492,"href":"https:\/\/teneochem.pl\/index.php\/wp-json\/wp\/v2\/pages\/2450\/revisions\/3492"}],"wp:attachment":[{"href":"https:\/\/teneochem.pl\/index.php\/wp-json\/wp\/v2\/media?parent=2450"}],"curies":[{"name":"wp","href":"https:\/\/api.w.org\/{rel}","templated":true}]}}