{"id":2422,"date":"2024-04-15T17:01:51","date_gmt":"2024-04-15T15:01:51","guid":{"rendered":"https:\/\/teneochem.pl\/?page_id=2422"},"modified":"2025-01-30T14:53:42","modified_gmt":"2025-01-30T14:53:42","slug":"ribbony","status":"publish","type":"page","link":"https:\/\/teneochem.pl\/index.php\/ribbony\/","title":{"rendered":"Ribbony"},"content":{"rendered":"\n<p>Zwi\u0105zki te s\u0105 do\u015b\u0107 proste. Pier\u015bcie\u0144 cyklookta-1,2,5,6-tetraenu zawiera skrzyd\u0142owe grupy metylenowe (Orca 4.2.1\/ B3-LYP\/ def2-SVP\/ hess-plus):<\/p>\n\n\n\n<div style=\"height: 300px; width: 300px; position: relative;\" class='viewer_3Dmoljs' data-href='https:\/\/teneochem.pl\/struct\/nowe\/ribbony\/mono-ribbo03-ov.sdf' data-backgroundcolor='#996633' data-style='stick:radius~0.2;sphere:radius~0.4'><\/div>\n\n\n\n<p>Pier\u015bcienie  s\u0105 po\u0142\u0105czone za pomoc\u0105 wi\u0105zania podw\u00f3jnego jak w modelu poni\u017cej (parametry oblicze\u0144 jak wy\u017cej): <\/p>\n\n\n\n<div style=\"height: 300px; width: 300px; position: relative;\" class='viewer_3Dmoljs' data-href='https:\/\/teneochem.pl\/struct\/nowe\/ribbony\/di-ribbo03-ov.sdf' data-backgroundcolor='#996633' data-style='stick:radius~0.2;sphere:radius~0.4'><\/div>\n\n\n\n<p>Rozbudowa tej cz\u0105steczki polega\u0142a na dodaniu trzeciego pier\u015bcienia cyklooktatetraenu (parametry oblicze\u0144 jak wy\u017cej):<\/p>\n\n\n\n<div style=\"height: 300px; width: 300px; position: relative;\" class='viewer_3Dmoljs' data-href='https:\/\/teneochem.pl\/struct\/nowe\/ribbony\/tri-ribbo03-copt-ov.sdf' data-backgroundcolor='#996633' data-style='stick:radius~0.2;sphere:radius~0.4'><\/div>\n\n\n\n<p>Ostatnia zbudowana w tej serii cz\u0105steczka zawiera cztery pier\u015bcienie (parametry oblicze\u0144 jak wy\u017cej):<\/p>\n\n\n\n<div style=\"height: 300px; width: 300px; position: relative;\" class='viewer_3Dmoljs' data-href='https:\/\/teneochem.pl\/struct\/nowe\/ribbony\/tetra-ribbo03-cov.sdf' data-backgroundcolor='#996633' data-style='stick:radius~0.2;sphere:radius~0.4'><\/div>\n\n\n\n<p>Cech\u0105 tych cz\u0105steczek jest ich skr\u0119tno\u015b\u0107, kt\u00f3ra sugeruje mo\u017cliwo\u015b\u0107 wyst\u0119powania tych moleku\u0142 w postaci par enancjomer\u00f3w wykazuj\u0105cych chiralno\u015bci\u0105 osiow\u0105.<\/p>\n","protected":false},"excerpt":{"rendered":"<p>Zwi\u0105zki te s\u0105 do\u015b\u0107 proste. Pier\u015bcie\u0144 cyklookta-1,2,5,6-tetraenu zawiera skrzyd\u0142owe grupy metylenowe (Orca 4.2.1\/ B3-LYP\/ def2-SVP\/ hess-plus): Pier\u015bcienie s\u0105 po\u0142\u0105czone za pomoc\u0105 wi\u0105zania podw\u00f3jnego jak w modelu poni\u017cej (parametry oblicze\u0144 jak wy\u017cej): Rozbudowa tej cz\u0105steczki polega\u0142a na dodaniu trzeciego pier\u015bcienia cyklooktatetraenu (parametry oblicze\u0144 jak wy\u017cej): Ostatnia zbudowana w tej serii cz\u0105steczka zawiera cztery pier\u015bcienie (parametry oblicze\u0144 [&hellip;]<\/p>\n","protected":false},"author":2,"featured_media":0,"parent":0,"menu_order":0,"comment_status":"closed","ping_status":"closed","template":"","meta":{"footnotes":""},"class_list":["post-2422","page","type-page","status-publish","hentry"],"_links":{"self":[{"href":"https:\/\/teneochem.pl\/index.php\/wp-json\/wp\/v2\/pages\/2422","targetHints":{"allow":["GET"]}}],"collection":[{"href":"https:\/\/teneochem.pl\/index.php\/wp-json\/wp\/v2\/pages"}],"about":[{"href":"https:\/\/teneochem.pl\/index.php\/wp-json\/wp\/v2\/types\/page"}],"author":[{"embeddable":true,"href":"https:\/\/teneochem.pl\/index.php\/wp-json\/wp\/v2\/users\/2"}],"replies":[{"embeddable":true,"href":"https:\/\/teneochem.pl\/index.php\/wp-json\/wp\/v2\/comments?post=2422"}],"version-history":[{"count":2,"href":"https:\/\/teneochem.pl\/index.php\/wp-json\/wp\/v2\/pages\/2422\/revisions"}],"predecessor-version":[{"id":3617,"href":"https:\/\/teneochem.pl\/index.php\/wp-json\/wp\/v2\/pages\/2422\/revisions\/3617"}],"wp:attachment":[{"href":"https:\/\/teneochem.pl\/index.php\/wp-json\/wp\/v2\/media?parent=2422"}],"curies":[{"name":"wp","href":"https:\/\/api.w.org\/{rel}","templated":true}]}}