{"id":2418,"date":"2024-04-15T16:43:41","date_gmt":"2024-04-15T14:43:41","guid":{"rendered":"https:\/\/teneochem.pl\/?page_id=2418"},"modified":"2025-01-30T16:06:47","modified_gmt":"2025-01-30T16:06:47","slug":"strona_druga","status":"publish","type":"page","link":"https:\/\/teneochem.pl\/index.php\/strona_druga\/","title":{"rendered":"Strona_druga"},"content":{"rendered":"\n<div class=\"wp-block-group is-nowrap is-layout-flex wp-container-core-group-is-layout-6c531013 wp-block-group-is-layout-flex\">\n<div class=\"wp-block-group is-vertical is-layout-flex wp-container-core-group-is-layout-fe9cc265 wp-block-group-is-layout-flex\">\n<figure class=\"wp-block-image size-full is-resized\"><a href=\"https:\/\/teneochem.pl\/index.php\/ribbony\/\" target=\"_blank\" rel=\"noreferrer noopener\"><img loading=\"lazy\" decoding=\"async\" width=\"100\" height=\"100\" src=\"https:\/\/teneochem.pl\/wp-content\/uploads\/2024\/04\/di-ribbo03-ov.jpg\" alt=\"\" class=\"wp-image-2419\" style=\"width:105px;height:auto\"\/><\/a><\/figure>\n<\/div>\n\n\n\n<p>Ribbony &#8211; grupa modeli podstawowych<\/p>\n<\/div>\n\n\n\n<div class=\"wp-block-group is-nowrap is-layout-flex wp-container-core-group-is-layout-6c531013 wp-block-group-is-layout-flex\">\n<div class=\"wp-block-group is-vertical is-layout-flex wp-container-core-group-is-layout-fe9cc265 wp-block-group-is-layout-flex\">\n<figure class=\"wp-block-image size-full is-resized\"><a href=\"https:\/\/teneochem.pl\/index.php\/semifullereny\/\" target=\"_blank\" rel=\"noreferrer noopener\"><img loading=\"lazy\" decoding=\"async\" width=\"100\" height=\"100\" src=\"https:\/\/teneochem.pl\/wp-content\/uploads\/2024\/04\/krystalen-C32H12-ov.jpg\" alt=\"\" class=\"wp-image-2448\" style=\"width:105px;height:auto\"\/><\/a><\/figure>\n<\/div>\n\n\n\n<p>Semifullereny i ich uwodornione pochodne<\/p>\n<\/div>\n\n\n\n<div class=\"wp-block-group is-nowrap is-layout-flex wp-container-core-group-is-layout-6c531013 wp-block-group-is-layout-flex\">\n<div class=\"wp-block-group is-vertical is-layout-flex wp-container-core-group-is-layout-fe9cc265 wp-block-group-is-layout-flex\">\n<figure class=\"wp-block-image size-full is-resized\"><a href=\"https:\/\/teneochem.pl\/index.php\/hexesy\/\" target=\"_blank\" rel=\"noreferrer noopener\"><img loading=\"lazy\" decoding=\"async\" width=\"100\" height=\"100\" src=\"https:\/\/teneochem.pl\/wp-content\/uploads\/2024\/04\/rock-y-90.gif\" alt=\"\" class=\"wp-image-2509\" style=\"width:105px;height:auto\"\/><\/a><\/figure>\n<\/div>\n\n\n\n<p>Hexesy &#8211; obudowane pochodne benzenu<\/p>\n<\/div>\n\n\n\n<div class=\"wp-block-group is-nowrap is-layout-flex wp-container-core-group-is-layout-6c531013 wp-block-group-is-layout-flex\">\n<div class=\"wp-block-group is-vertical is-layout-flex wp-container-core-group-is-layout-fe9cc265 wp-block-group-is-layout-flex\">\n<figure class=\"wp-block-image size-full is-resized\"><a href=\"https:\/\/teneochem.pl\/index.php\/tripaneny\/\" target=\"_blank\" rel=\"noreferrer noopener\"><img loading=\"lazy\" decoding=\"async\" width=\"100\" height=\"100\" src=\"https:\/\/teneochem.pl\/wp-content\/uploads\/2024\/04\/tripanen654-diamina-cov1.jpg\" alt=\"\" class=\"wp-image-2535\" style=\"width:105px;height:auto\"\/><\/a><\/figure>\n<\/div>\n\n\n\n<p>Tripaneny &#8211; nietypowe diaminy bicykliczne<\/p>\n<\/div>\n\n\n\n<div class=\"wp-block-group is-nowrap is-layout-flex wp-container-core-group-is-layout-6c531013 wp-block-group-is-layout-flex\">\n<div class=\"wp-block-group is-vertical is-layout-flex wp-container-core-group-is-layout-fe9cc265 wp-block-group-is-layout-flex\">\n<figure class=\"wp-block-image size-full is-resized\"><a href=\"https:\/\/teneochem.pl\/index.php\/smoleny\/\" target=\"_blank\" rel=\"noreferrer noopener\"><img loading=\"lazy\" decoding=\"async\" width=\"240\" height=\"240\" src=\"https:\/\/teneochem.pl\/wp-content\/uploads\/2024\/05\/logo-smolenow2.gif\" alt=\"\" class=\"wp-image-2640\" style=\"width:105px;height:auto\"\/><\/a><\/figure>\n<\/div>\n\n\n\n<p>Smoleny &#8211; przewiewne nanorurki \ud83d\ude42<\/p>\n<\/div>\n\n\n\n<div class=\"wp-block-group is-nowrap is-layout-flex wp-container-core-group-is-layout-6c531013 wp-block-group-is-layout-flex\">\n<div class=\"wp-block-group is-vertical is-layout-flex wp-container-core-group-is-layout-fe9cc265 wp-block-group-is-layout-flex\">\n<figure class=\"wp-block-image size-full is-resized\"><a href=\"https:\/\/teneochem.pl\/index.php\/alotropy-ct\/\" target=\"_blank\" rel=\"noreferrer noopener\"><img loading=\"lazy\" decoding=\"async\" width=\"100\" height=\"100\" src=\"https:\/\/teneochem.pl\/wp-content\/uploads\/2024\/05\/CT-logo-anim.gif\" alt=\"\" class=\"wp-image-2681\" style=\"width:105px;height:auto\"\/><\/a><\/figure>\n<\/div>\n\n\n\n<p>Alotropy CT &#8211; C<sub>216<\/sub> oraz C<sub>144<\/sub> i jeden przyk\u0142ad C<sub>72<\/sub><\/p>\n<\/div>\n\n\n\n<div class=\"wp-block-group is-nowrap is-layout-flex wp-container-core-group-is-layout-6c531013 wp-block-group-is-layout-flex\">\n<div class=\"wp-block-group is-vertical is-layout-flex wp-container-core-group-is-layout-fe9cc265 wp-block-group-is-layout-flex\">\n<figure class=\"wp-block-gallery has-nested-images columns-default is-cropped wp-block-gallery-1 is-layout-flex wp-block-gallery-is-layout-flex\">\n<figure class=\"wp-block-image size-large\"><a href=\"https:\/\/teneochem.pl\/index.php\/cyklosy\/\" target=\"_blank\" rel=\" noreferrer noopener\"><img decoding=\"async\" src=\"https:\/\/teneochem.pl\/wp-content\/uploads\/2024\/05\/cyklo-bi-hekspiro-logo.jpg\" alt=\"\"\/><\/a><\/figure>\n<\/figure>\n<\/div>\n\n\n\n<p>Cyklosy &#8211; makrocykle spiranowe<\/p>\n<\/div>\n\n\n\n<div class=\"wp-block-group is-nowrap is-layout-flex wp-container-core-group-is-layout-6c531013 wp-block-group-is-layout-flex\">\n<div class=\"wp-block-group is-vertical is-layout-flex wp-container-core-group-is-layout-fe9cc265 wp-block-group-is-layout-flex\">\n<figure class=\"wp-block-gallery has-nested-images columns-default is-cropped wp-block-gallery-2 is-layout-flex wp-block-gallery-is-layout-flex\">\n<figure class=\"wp-block-image size-large\"><a href=\"https:\/\/teneochem.pl\/index.php\/cyklosy\/\" target=\"_blank\" rel=\" noreferrer noopener\"><img decoding=\"async\" src=\"https:\/\/teneochem.pl\/wp-content\/uploads\/2024\/05\/hepta-twory6-logo.jpg\" alt=\"\"\/><\/a><\/figure>\n<\/figure>\n<\/div>\n\n\n\n<p>Hepta-twory konstrukcje oparte o skondensowane pier\u015bcienie siedmiocz\u0142onowe (26.05.2024)<\/p>\n<\/div>\n\n\n\n<div class=\"wp-block-group is-nowrap is-layout-flex wp-container-core-group-is-layout-6c531013 wp-block-group-is-layout-flex\">\n<div class=\"wp-block-group is-vertical is-layout-flex wp-container-core-group-is-layout-fe9cc265 wp-block-group-is-layout-flex\">\n<figure class=\"wp-block-gallery has-nested-images columns-default is-cropped wp-block-gallery-3 is-layout-flex wp-block-gallery-is-layout-flex\">\n<figure class=\"wp-block-image size-large\"><a href=\"https:\/\/teneochem.pl\/index.php\/pewien-cyklooktatrien\/\" target=\"_blank\" rel=\" noreferrer noopener\"><img decoding=\"async\" src=\"https:\/\/teneochem.pl\/wp-content\/uploads\/2024\/05\/coktadicprop-logo.jpg\" alt=\"\"\/><\/a><\/figure>\n<\/figure>\n<\/div>\n\n\n\n<p>Pewien cyklooktatrien (26.05.2024)<\/p>\n<\/div>\n\n\n\n<div class=\"wp-block-group is-nowrap is-layout-flex wp-container-core-group-is-layout-6c531013 wp-block-group-is-layout-flex\">\n<div class=\"wp-block-group is-vertical is-layout-flex wp-container-core-group-is-layout-fe9cc265 wp-block-group-is-layout-flex\">\n<figure class=\"wp-block-gallery has-nested-images columns-default is-cropped wp-block-gallery-4 is-layout-flex wp-block-gallery-is-layout-flex\">\n<figure class=\"wp-block-image size-large\"><a href=\"https:\/\/teneochem.pl\/index.php\/piguleny\/\" target=\"_blank\" rel=\" noreferrer noopener\"><img decoding=\"async\" src=\"https:\/\/teneochem.pl\/wp-content\/uploads\/2024\/05\/pigulanA-logo.jpg\" alt=\"\"\/><\/a><\/figure>\n<\/figure>\n<\/div>\n\n\n\n<p>Piguleny (27.05.2024)<\/p>\n<\/div>\n\n\n\n<p><\/p>\n","protected":false},"excerpt":{"rendered":"<p>Ribbony &#8211; grupa modeli podstawowych Semifullereny i ich uwodornione pochodne Hexesy &#8211; obudowane pochodne benzenu Tripaneny &#8211; nietypowe diaminy bicykliczne Smoleny &#8211; przewiewne nanorurki \ud83d\ude42 Alotropy CT &#8211; C216 oraz C144 i jeden przyk\u0142ad C72 Cyklosy &#8211; makrocykle spiranowe Hepta-twory konstrukcje oparte o skondensowane pier\u015bcienie siedmiocz\u0142onowe (26.05.2024) Pewien cyklooktatrien (26.05.2024) Piguleny (27.05.2024)<\/p>\n","protected":false},"author":2,"featured_media":0,"parent":0,"menu_order":0,"comment_status":"closed","ping_status":"closed","template":"","meta":{"footnotes":""},"class_list":["post-2418","page","type-page","status-publish","hentry"],"_links":{"self":[{"href":"https:\/\/teneochem.pl\/index.php\/wp-json\/wp\/v2\/pages\/2418","targetHints":{"allow":["GET"]}}],"collection":[{"href":"https:\/\/teneochem.pl\/index.php\/wp-json\/wp\/v2\/pages"}],"about":[{"href":"https:\/\/teneochem.pl\/index.php\/wp-json\/wp\/v2\/types\/page"}],"author":[{"embeddable":true,"href":"https:\/\/teneochem.pl\/index.php\/wp-json\/wp\/v2\/users\/2"}],"replies":[{"embeddable":true,"href":"https:\/\/teneochem.pl\/index.php\/wp-json\/wp\/v2\/comments?post=2418"}],"version-history":[{"count":23,"href":"https:\/\/teneochem.pl\/index.php\/wp-json\/wp\/v2\/pages\/2418\/revisions"}],"predecessor-version":[{"id":3704,"href":"https:\/\/teneochem.pl\/index.php\/wp-json\/wp\/v2\/pages\/2418\/revisions\/3704"}],"wp:attachment":[{"href":"https:\/\/teneochem.pl\/index.php\/wp-json\/wp\/v2\/media?parent=2418"}],"curies":[{"name":"wp","href":"https:\/\/api.w.org\/{rel}","templated":true}]}}