{"id":2320,"date":"2024-04-08T14:38:37","date_gmt":"2024-04-08T12:38:37","guid":{"rendered":"https:\/\/teneochem.pl\/?page_id=2320"},"modified":"2025-01-30T14:52:10","modified_gmt":"2025-01-30T14:52:10","slug":"cyklalleny","status":"publish","type":"page","link":"https:\/\/teneochem.pl\/index.php\/cyklalleny\/","title":{"rendered":"Cyklalleny"},"content":{"rendered":"\n<p>Cyklallenami nazwa\u0142em niewielk\u0105 grup\u0119 zwi\u0105zk\u00f3w, kt\u00f3re powsta\u0142y w wyniku \u0142\u0105czenia cyklookta-1,2,5,6-tetraen\u00f3w w wi\u0119ksze uk\u0142ady cykliczne &#8211; mo\u017cna rzec &#8211; makrocykliczne (Orca4.2.1\/ B3LYP\/ def2-SVP\/ hess-plus): <\/p>\n\n\n\n<div style=\"height: 300px; width: 300px; position: relative;\" class='viewer_3Dmoljs' data-href='https:\/\/teneochem.pl\/struct\/nowe\/cyklalleny\/cyklallen-ch04-wyp-odw-ov.sdf' data-backgroundcolor='#660000' data-style='stick:radius~0.2;sphere:radius~0.4'><\/div>\n\n\n\n<p>Cz\u0105steczka pokazana powy\u017cej zosta\u0142a zmodyfikowana poprzez dodanie mostk\u00f3w dwuw\u0119glowych tworz\u0105cych wraz z atomami w\u0119gla pier\u015bcieni fragmenty butatrienowe.  Jak wida\u0107, niekt\u00f3re wi\u0105zania s\u0105 taktowane przez 3Dmol jak pojedyncze, a powinny to by\u0107 wi\u0105zania podw\u00f3jne (parametry oblicze\u0144 jak wy\u017cej):<\/p>\n\n\n\n<div style=\"height: 300px; width: 300px; position: relative;\" class='viewer_3Dmoljs' data-href='https:\/\/teneochem.pl\/struct\/nowe\/cyklalleny\/cyklallen-ch04-extended-cov.sdf' data-backgroundcolor='#660000' data-style='stick:radius~0.2;sphere:radius~0.4'><\/div>\n\n\n\n<p>W kolejnym etapie po\u0142\u0105czy\u0142em fragmenty cyklallenowe tak, aby skonstruowa\u0107 fragment nanorurki. W tym celu cz\u0119\u015b\u0107 pier\u015bcieni zosta\u0142a powi\u0119kszona o dodatkowy atom w\u0119gla. Innymi s\u0142owy pojawiaj\u0105 si\u0119 w szkielecie skondensowane pier\u015bcienie cyklonona-1,2,3,6,7-pentaenowe (parametry oblicze\u0144 jak wy\u017cej):<\/p>\n\n\n\n<div style=\"height: 300px; width: 300px; position: relative;\" class='viewer_3Dmoljs' data-href='https:\/\/teneochem.pl\/struct\/nowe\/cyklalleny\/bi-cyklallen-ch04-onv.sdf' data-backgroundcolor='#660000' data-style='stick:radius~0.2;sphere:radius~0.4'><\/div>\n\n\n\n<p>Podczas budowy zauwa\u017cy\u0142em, \u017ce atomy w centrum cz\u0105steczki tak si\u0119 uk\u0142adaj\u0105, \u017ce mo\u017cna zbudowa\u0107 konstrukcj\u0119 z mostkiem wewn\u0105trz cz\u0105steczki (parametry oblicze\u0144 jak wy\u017cej):<\/p>\n\n\n\n<div style=\"height: 300px; width: 300px; position: relative;\" class='viewer_3Dmoljs' data-href='https:\/\/teneochem.pl\/struct\/nowe\/cyklalleny\/cyklallen-ch04-absurden-ov.sdf' data-backgroundcolor='#660000' data-style='stick:radius~0.2;sphere:radius~0.4'><\/div>\n\n\n\n<p>Budowa pokazanego powy\u017cej zwi\u0105zku zasugerowa\u0142a mi mo\u017cliwo\u015b\u0107 konstrukcji kationu amoniowego, w kt\u00f3rym atom azotu jest zas\u0142oni\u0119ty przez reszty w\u0119glowodorowe, jak to pokazuje poni\u017csza r\u0119czna animacja (parametry oblicze\u0144 jak powy\u017cej):<\/p>\n\n\n\n<div style=\"height: 300px; width: 300px; position: relative;\" class='viewer_3Dmoljs' data-href='https:\/\/teneochem.pl\/struct\/nowe\/cyklalleny\/cyklallen-ch04-absurden-ammonium-ov.sdf' data-backgroundcolor='#660000' data-style='stick:radius~0.2;sphere:radius~0.4' data-surface='opacity:.8;color:green'><\/div>\n\n\n\n<p>W powy\u017cej pokazanej cz\u0105steczce promienie van der Waalsa s\u0105 na tyle du\u017ce, \u017ce atom azotu w \u015brodku cz\u0105steczki jest zupe\u0142nie &#8222;niewidoczny&#8221; z zewn\u0105trz. Stwarza to mo\u017cliwo\u015b\u0107 konstrukcji soli z anionami, kt\u00f3re s\u0142abo s\u0105 wi\u0105zane w pary jonowe. S\u0105 wi\u0119c \u0142atwo dost\u0119pne w reakcjach np. substytucji nukleofilowej.<\/p>\n\n\n\n<p>Ostatnim zwi\u0105zkiem z tej serii jest nieckowata struktura sk\u0142adaj\u0105ca si\u0119 z czterech skondensowanych pier\u015bcieni o\u015bmiow\u0119glowych. Mimo sporych napr\u0119\u017ce\u0144 wynikaj\u0105cych z obecno\u015bci niezrelaksowanych lokalnie k\u0105t\u00f3w dwu\u015bciennych, cz\u0105steczka jako ca\u0142o\u015b\u0107 jest jednak zrelaksowana (parametry oblicze\u0144 jak wy\u017cej): <\/p>\n\n\n\n<div style=\"height: 300px; width: 300px; position: relative;\" class='viewer_3Dmoljs' data-href='https:\/\/teneochem.pl\/struct\/nowe\/cyklalleny\/niecken-ov.sdf' data-backgroundcolor='#660000' data-style='stick:radius~0.2;sphere:radius~0.4'><\/div>\n\n\n\n<p>Cz\u0105steczka powy\u017cej sta\u0142a si\u0119 inspiracj\u0105 do zbudowania bardziej zaawansowanych struktur, kt\u00f3re s\u0105 opisane gdzie indziej.<\/p>\n","protected":false},"excerpt":{"rendered":"<p>Cyklallenami nazwa\u0142em niewielk\u0105 grup\u0119 zwi\u0105zk\u00f3w, kt\u00f3re powsta\u0142y w wyniku \u0142\u0105czenia cyklookta-1,2,5,6-tetraen\u00f3w w wi\u0119ksze uk\u0142ady cykliczne &#8211; mo\u017cna rzec &#8211; makrocykliczne (Orca4.2.1\/ B3LYP\/ def2-SVP\/ hess-plus): Cz\u0105steczka pokazana powy\u017cej zosta\u0142a zmodyfikowana poprzez dodanie mostk\u00f3w dwuw\u0119glowych tworz\u0105cych wraz z atomami w\u0119gla pier\u015bcieni fragmenty butatrienowe. Jak wida\u0107, niekt\u00f3re wi\u0105zania s\u0105 taktowane przez 3Dmol jak pojedyncze, a powinny to by\u0107 [&hellip;]<\/p>\n","protected":false},"author":2,"featured_media":0,"parent":0,"menu_order":0,"comment_status":"closed","ping_status":"closed","template":"","meta":{"footnotes":""},"class_list":["post-2320","page","type-page","status-publish","hentry"],"_links":{"self":[{"href":"https:\/\/teneochem.pl\/index.php\/wp-json\/wp\/v2\/pages\/2320","targetHints":{"allow":["GET"]}}],"collection":[{"href":"https:\/\/teneochem.pl\/index.php\/wp-json\/wp\/v2\/pages"}],"about":[{"href":"https:\/\/teneochem.pl\/index.php\/wp-json\/wp\/v2\/types\/page"}],"author":[{"embeddable":true,"href":"https:\/\/teneochem.pl\/index.php\/wp-json\/wp\/v2\/users\/2"}],"replies":[{"embeddable":true,"href":"https:\/\/teneochem.pl\/index.php\/wp-json\/wp\/v2\/comments?post=2320"}],"version-history":[{"count":2,"href":"https:\/\/teneochem.pl\/index.php\/wp-json\/wp\/v2\/pages\/2320\/revisions"}],"predecessor-version":[{"id":3615,"href":"https:\/\/teneochem.pl\/index.php\/wp-json\/wp\/v2\/pages\/2320\/revisions\/3615"}],"wp:attachment":[{"href":"https:\/\/teneochem.pl\/index.php\/wp-json\/wp\/v2\/media?parent=2320"}],"curies":[{"name":"wp","href":"https:\/\/api.w.org\/{rel}","templated":true}]}}