{"id":2302,"date":"2024-04-04T10:54:43","date_gmt":"2024-04-04T08:54:43","guid":{"rendered":"https:\/\/teneochem.pl\/?page_id=2302"},"modified":"2025-01-30T14:51:15","modified_gmt":"2025-01-30T14:51:15","slug":"cytiseny6-4","status":"publish","type":"page","link":"https:\/\/teneochem.pl\/index.php\/cytiseny6-4\/","title":{"rendered":"Cytiseny6-4"},"content":{"rendered":"\n<p>Uk\u0142ad atom\u00f3w wodoru w bicytisenach zasugerowa\u0142 mi mo\u017cliwo\u015b\u0107 dobudowania do nich jeszcze jednego p\u0142atu cytisenu6. W wyniku tego zabiegu powsta\u0142o szereg konstrukcji <strong>tricytisen\u00f3w6<\/strong> o wzorze sumarycznym C<sub>108<\/sub>H<sub>30<\/sub>. Na pokazanej poni\u017cej animacji wida\u0107 wyra\u017anie, \u017ce \u015brodkowy p\u0142at nie jest zupe\u0142nie p\u0142aski i nieco wygina si\u0119 w kierunku jednego z p\u0142at\u00f3w zewn\u0119trznych: <\/p>\n\n\n\n<div style=\"height: 300px; width: 300px; position: relative;\" class='viewer_3Dmoljs' data-href='https:\/\/teneochem.pl\/struct\/nowe\/cytiseny\/cyti6\/tricytisenA1-pm3-onv-C108H30.sdf' data-backgroundcolor='#FFFF00' data-style='stick:radius~0.2;sphere:radius~0.4'><\/div>\n\n\n\n<p>Ta niesymetria zachowana jest w pozosta\u0142ych badanych izomerach. Istotne jest jednak to, \u017ce na poziomie p\u00f3\u0142empirycznym powy\u017csza cz\u0105steczka (o konfiguracji cc-cc-cc) <strong>nie<\/strong> jest zrelaksowana (Orca4.2.1\/ PM3). W hessianie wyst\u0119puje jedno drganie o stosunkowo du\u017cej warto\u015bci ujemnej wynosz\u0105cej -60.59 cm<sup>-1<\/sup>. Drganie to zwi\u0105zane jest z niezrelaksowaniem po\u0142o\u017cenia wewn\u0119trznego pier\u015bcienia sze\u015bciocz\u0142onowego. Zachowanie si\u0119 tego &#8222;drgania&#8221; pokazuje poni\u017csza animacja (Avogadro 1.99\/ OBS Studio\/ CapCut):<\/p>\n\n\n\n<figure class=\"wp-block-video\"><video height=\"1080\" style=\"aspect-ratio: 1920 \/ 1080;\" width=\"1920\" controls src=\"http:\/\/teneochem.pl\/wp-content\/uploads\/2024\/04\/czestosc-ujemna-tricyti.mp4\"><\/video><\/figure>\n\n\n\n<p>Brak relaksacji wyst\u0119puje r\u00f3wnie\u017c w sze\u015bciu izomerach o konfiguracjach: cc-cc-ct, cc-ct-ct, cc-ct-tt, ct-ct-tt, ct-ct-ct, ct-tt-tt (warunki obliczeniowe jak powy\u017cej) i zwi\u0105zane s\u0105 z takim samym zachowaniem si\u0119 wewn\u0119trznego pier\u015bcienia. Wydawa\u0142o si\u0119 zatem, \u017ce w ka\u017cdym izomerze tricytisenu6 powinny wyst\u0119powa\u0107 problemy z relaksacj\u0105. Nast\u0119pne obliczenia pokaza\u0142y, \u017ce tak jednak nie jest. <\/p>\n\n\n\n<p>Tricytisen6 o konfiguracji tt-tt-tt jest zrelaksowany (warunki oblicze\u0144 jak wy\u017cej):<\/p>\n\n\n\n<div style=\"height: 300px; width: 300px; position: relative;\" class='viewer_3Dmoljs' data-href='https:\/\/teneochem.pl\/struct\/nowe\/cytiseny\/cyti6\/tricytisenA9-tt-tt-tt-pm3-C108H30.sdf' data-backgroundcolor='#FFFF00' data-style='stick:radius~0.2;sphere:radius~0.4'><\/div>\n\n\n\n<p>Wynik ten jest zaskakuj\u0105cy w kontek\u015bcie poprzednich. By\u0107 mo\u017ce rezultaty relaksacji by\u0142yby inne, gdyby obliczenia przeprowadzi\u0107 na wy\u017cszych poziomach (HF, DFT lub jeszcze wy\u017cszych). Takich eksperyment\u00f3w nie przeprowadzi\u0142em ze wzgl\u0119du na ma\u0142\u0105 moc mojego komputera. Problem pozostaje zatem nierozwi\u0105zany (kwiecie\u0144 2024).<\/p>\n","protected":false},"excerpt":{"rendered":"<p>Uk\u0142ad atom\u00f3w wodoru w bicytisenach zasugerowa\u0142 mi mo\u017cliwo\u015b\u0107 dobudowania do nich jeszcze jednego p\u0142atu cytisenu6. W wyniku tego zabiegu powsta\u0142o szereg konstrukcji tricytisen\u00f3w6 o wzorze sumarycznym C108H30. Na pokazanej poni\u017cej animacji wida\u0107 wyra\u017anie, \u017ce \u015brodkowy p\u0142at nie jest zupe\u0142nie p\u0142aski i nieco wygina si\u0119 w kierunku jednego z p\u0142at\u00f3w zewn\u0119trznych: Ta niesymetria zachowana jest w [&hellip;]<\/p>\n","protected":false},"author":2,"featured_media":0,"parent":0,"menu_order":0,"comment_status":"closed","ping_status":"closed","template":"","meta":{"footnotes":""},"class_list":["post-2302","page","type-page","status-publish","hentry"],"_links":{"self":[{"href":"https:\/\/teneochem.pl\/index.php\/wp-json\/wp\/v2\/pages\/2302","targetHints":{"allow":["GET"]}}],"collection":[{"href":"https:\/\/teneochem.pl\/index.php\/wp-json\/wp\/v2\/pages"}],"about":[{"href":"https:\/\/teneochem.pl\/index.php\/wp-json\/wp\/v2\/types\/page"}],"author":[{"embeddable":true,"href":"https:\/\/teneochem.pl\/index.php\/wp-json\/wp\/v2\/users\/2"}],"replies":[{"embeddable":true,"href":"https:\/\/teneochem.pl\/index.php\/wp-json\/wp\/v2\/comments?post=2302"}],"version-history":[{"count":3,"href":"https:\/\/teneochem.pl\/index.php\/wp-json\/wp\/v2\/pages\/2302\/revisions"}],"predecessor-version":[{"id":3613,"href":"https:\/\/teneochem.pl\/index.php\/wp-json\/wp\/v2\/pages\/2302\/revisions\/3613"}],"wp:attachment":[{"href":"https:\/\/teneochem.pl\/index.php\/wp-json\/wp\/v2\/media?parent=2302"}],"curies":[{"name":"wp","href":"https:\/\/api.w.org\/{rel}","templated":true}]}}