{"id":2287,"date":"2024-04-04T07:39:02","date_gmt":"2024-04-04T05:39:02","guid":{"rendered":"https:\/\/teneochem.pl\/?page_id=2287"},"modified":"2025-01-30T14:50:20","modified_gmt":"2025-01-30T14:50:20","slug":"cytiseny6-3","status":"publish","type":"page","link":"https:\/\/teneochem.pl\/index.php\/cytiseny6-3\/","title":{"rendered":"Cytiseny6-3"},"content":{"rendered":"\n<p>W tym wpisie poka\u017c\u0119 konstrukcje bicytisen\u00f3w6, w kt\u00f3rych usuwa\u0142em atomy wodoru a w ich miejsce wstawia\u0142em wi\u0105zanie pojedyncze lub podw\u00f3jne. Tak si\u0119 sta\u0142o w pokazanym poni\u017cej przyk\u0142adzie zwi\u0105zku (Orca4.2.1\/ PM3\/ hess-plus):<\/p>\n\n\n\n<div style=\"height: 300px; width: 300px; position: relative;\" class='viewer_3Dmoljs' data-href='https:\/\/teneochem.pl\/struct\/nowe\/cytiseny\/cyti6\/cytisen6-sztywny-pm3-onv-C72H24.sdf' data-backgroundcolor='#FFFF00' data-style='stick:radius~0.2;sphere:radius~0.4'><\/div>\n\n\n\n<p>Utworzone w pokazany powy\u017cej spos\u00f3b wi\u0105zania pojedyncze wymusi\u0142y sztywn\u0105 konfiguracj\u0119 reszty cz\u0105steczki. Zwi\u0105zek ten zdaje si\u0119 nie mie\u0107 izomer\u00f3w konfiguracyjnych w odr\u00f3\u017cnieniu od struktur pokazanych poni\u017cej.<\/p>\n\n\n\n<p>W zwi\u0105zku pokazanym poni\u017cej usun\u0105\u0142em cztery s\u0105siednie atomy wodoru i w ich miejsce wprowadzi\u0142em wi\u0105zania pojedyncze. W ten spos\u00f3b jedno z ramion bicytisenu uzyska\u0142o dwa pier\u015bcienie cyklobutanowe. Struktura jest zrelaksowana na poziomie p\u00f3\u0142empirycznym (Orca4.2.1\/ PM3\/ hess-plus):<\/p>\n\n\n\n<div style=\"height: 300px; width: 300px; position: relative;\" class='viewer_3Dmoljs' data-href='https:\/\/teneochem.pl\/struct\/nowe\/cytiseny\/cyti6\/cytisenAmonoreduced.sdf' data-backgroundcolor='#FFFF00' data-style='stick:radius~0.2;sphere:radius~0.4'><\/div>\n\n\n\n<p>Niezmodyfikowane ramiona maj\u0105 konfiguracj\u0119 cc-cc (zgodnie z oznaczeniami przyj\u0119tymi w <a href=\"https:\/\/teneochem.pl\/cytiseny6-2\/\" target=\"_blank\" rel=\"noreferrer noopener\">drugiej cz\u0119\u015bci wpisu<\/a>). Sprawdzi\u0142em jeszcze relaksacj\u0119 czterech izomer\u00f3w cc-ct, ct-ct, ct-tt oraz tt-tt (wszystkie obliczenia i warunki jak poprzednio). Dla porz\u0105dku pokazuj\u0119 struktur\u0119 izomeru tt-tt:<\/p>\n\n\n\n<div style=\"height: 300px; width: 300px; position: relative;\" class='viewer_3Dmoljs' data-href='https:\/\/teneochem.pl\/struct\/nowe\/cytiseny\/cyti6\/cytisenEmonoreduced-pm3-onv-C72H20.sdf' data-backgroundcolor='#FFFF00' data-style='stick:radius~0.2;sphere:radius~0.4'><\/div>\n\n\n\n<p>W nast\u0119pnym etapie bada\u0144 podda\u0142em odwodornieniu w analogiczny jak poprzednio spos\u00f3b jeszcze jedno skrzyd\u0142o. Ten zabieg zmniejszy\u0142 liczb\u0119 izomer\u00f3w do trzech ze wzgl\u0119du na mo\u017cliwe konfiguracje skrzyd\u0142a, kt\u00f3rego nie modyfikowa\u0142em. Pierwsza struktura to izomer cc (warunki oblicze\u0144 i relaksacji jak poprzednio):<\/p>\n\n\n\n<div style=\"height: 300px; width: 300px; position: relative;\" class='viewer_3Dmoljs' data-href='https:\/\/teneochem.pl\/struct\/nowe\/cytiseny\/cyti6\/cytisenAdireduced-pm3-onv-C72H16.sdf' data-backgroundcolor='#FFFF00' data-style='stick:radius~0.2;sphere:radius~0.4'><\/div>\n\n\n\n<p>Nast\u0119pny izomer posiada konfiguracj\u0119 ct (warunki oblicze\u0144 jak poprzednio: <\/p>\n\n\n\n<div style=\"height: 300px; width: 300px; position: relative;\" class='viewer_3Dmoljs' data-href='https:\/\/teneochem.pl\/struct\/nowe\/cytiseny\/cyti6\/cytisenBdireduced-pm3-onv-C72H16.sdf' data-backgroundcolor='#FFFF00' data-style='stick:radius~0.2;sphere:radius~0.4'><\/div>\n\n\n\n<p>I wreszcie izomer o konfiguracji tt nieodwodornionego skrzyd\u0142a (warunki oblicze\u0144 jak poprzednio):<\/p>\n\n\n\n<div style=\"height: 300px; width: 300px; position: relative;\" class='viewer_3Dmoljs' data-href='https:\/\/teneochem.pl\/struct\/nowe\/cytiseny\/cyti6\/cytisenCdireduced-pm3-onv-C72H16.sdf' data-backgroundcolor='#FFFF00' data-style='stick:radius~0.2;sphere:radius~0.4'><\/div>\n\n\n\n<p>Seri\u0119 tych struktur zamyka pochodna z odwodornionymi trzema ramionami, to znaczy zawieraj\u0105ca sze\u015b\u0107 pier\u015bcieni cyklobutanowych. W wyniku tej modyfikacji powstaje jeden mo\u017cliwy izomer (warunki oblicze\u0144 jak poprzednio):<\/p>\n\n\n\n<div style=\"height: 300px; width: 300px; position: relative;\" class='viewer_3Dmoljs' data-href='https:\/\/teneochem.pl\/struct\/nowe\/cytiseny\/cyti6\/bicytisenAtrireduced-pm3-onv.sdf' data-backgroundcolor='#FFFF00' data-style='stick:radius~0.2;sphere:radius~0.4'><\/div>\n\n\n\n<p><a href=\"https:\/\/teneochem.pl\/index.php\/cytiseny6-4\/\" target=\"_blank\" rel=\"noreferrer noopener\">Tricytiseny6 &#8211; klik<\/a><\/p>\n","protected":false},"excerpt":{"rendered":"<p>W tym wpisie poka\u017c\u0119 konstrukcje bicytisen\u00f3w6, w kt\u00f3rych usuwa\u0142em atomy wodoru a w ich miejsce wstawia\u0142em wi\u0105zanie pojedyncze lub podw\u00f3jne. Tak si\u0119 sta\u0142o w pokazanym poni\u017cej przyk\u0142adzie zwi\u0105zku (Orca4.2.1\/ PM3\/ hess-plus): Utworzone w pokazany powy\u017cej spos\u00f3b wi\u0105zania pojedyncze wymusi\u0142y sztywn\u0105 konfiguracj\u0119 reszty cz\u0105steczki. Zwi\u0105zek ten zdaje si\u0119 nie mie\u0107 izomer\u00f3w konfiguracyjnych w odr\u00f3\u017cnieniu od struktur [&hellip;]<\/p>\n","protected":false},"author":2,"featured_media":0,"parent":0,"menu_order":0,"comment_status":"closed","ping_status":"closed","template":"","meta":{"footnotes":""},"class_list":["post-2287","page","type-page","status-publish","hentry"],"_links":{"self":[{"href":"https:\/\/teneochem.pl\/index.php\/wp-json\/wp\/v2\/pages\/2287","targetHints":{"allow":["GET"]}}],"collection":[{"href":"https:\/\/teneochem.pl\/index.php\/wp-json\/wp\/v2\/pages"}],"about":[{"href":"https:\/\/teneochem.pl\/index.php\/wp-json\/wp\/v2\/types\/page"}],"author":[{"embeddable":true,"href":"https:\/\/teneochem.pl\/index.php\/wp-json\/wp\/v2\/users\/2"}],"replies":[{"embeddable":true,"href":"https:\/\/teneochem.pl\/index.php\/wp-json\/wp\/v2\/comments?post=2287"}],"version-history":[{"count":3,"href":"https:\/\/teneochem.pl\/index.php\/wp-json\/wp\/v2\/pages\/2287\/revisions"}],"predecessor-version":[{"id":3488,"href":"https:\/\/teneochem.pl\/index.php\/wp-json\/wp\/v2\/pages\/2287\/revisions\/3488"}],"wp:attachment":[{"href":"https:\/\/teneochem.pl\/index.php\/wp-json\/wp\/v2\/media?parent=2287"}],"curies":[{"name":"wp","href":"https:\/\/api.w.org\/{rel}","templated":true}]}}