{"id":2272,"date":"2024-04-03T21:15:30","date_gmt":"2024-04-03T19:15:30","guid":{"rendered":"https:\/\/teneochem.pl\/?page_id=2272"},"modified":"2025-01-30T14:49:31","modified_gmt":"2025-01-30T14:49:31","slug":"cytiseny6-2","status":"publish","type":"page","link":"https:\/\/teneochem.pl\/index.php\/cytiseny6-2\/","title":{"rendered":"Cytiseny6-2"},"content":{"rendered":"\n<p>Poni\u017cej opisz\u0119 grup\u0119 struktur, dla kt\u00f3rych zwi\u0105zkiem wyj\u015bciowym jest bicytisen6. Tak nazwa\u0142em struktur\u0119 skondensowanego podw\u00f3jnie cytisenu6. Wz\u00f3r sumaryczny takiego kondensatu przedstawia si\u0119 nast\u0119puj\u0105co: C<sub>36<\/sub>H<sub>12<\/sub> (Orca4.2.1\/ B3LYP\/ def2-SVP\/ hess-plus):<\/p>\n\n\n\n<div style=\"height: 300px; width: 300px; position: relative;\" class='viewer_3Dmoljs' data-href='https:\/\/teneochem.pl\/struct\/nowe\/cytiseny\/cyti6\/bi-cytisen6-very-naked-again.sdf' data-backgroundcolor='#FFFF00' data-style='stick:radius~0.2;sphere:radius~0.4'><\/div>\n\n\n\n<p>Sprawdzi\u0142em, \u017ce konstrukcja bicitisenu6 po\u0142\u0105czona sze\u015bcioma grupami metylenowymi jest r\u00f3wnie\u017c zrelaksowana (Orca4.2.1\/ B3LYP\/ def2-SVP\/ hess-plus):<\/p>\n\n\n\n<div style=\"height: 300px; width: 300px; position: relative;\" class='viewer_3Dmoljs' data-href='https:\/\/teneochem.pl\/struct\/nowe\/cytiseny\/cyti6\/bi-cytisen6-naked-onv-C42H24.sdf' data-backgroundcolor='#FFFF00' data-style='stick:radius~0.2;sphere:radius~0.4'><\/div>\n\n\n\n<p>Nast\u0119pne modele b\u0119d\u0105 pokazywa\u0142y r\u00f3\u017cne konfiguracje cykli dwunastocz\u0142onowych wzgl\u0119dem siebie. Zaczynam od cz\u0105steczki zawieraj\u0105cej trzy r\u00f3\u017cne konfiguracje tych cykli.  Pier\u015bcienie s\u0105 oznaczone parami: egzo-egzo (oznaczone literami cc) endo-endo (oznaczone literami tt) oraz egzo-endo (oznaczone jako ct).  Konfiguracje te wyja\u015bnia rysunek zamieszczony poni\u017cej:<\/p>\n\n\n\n<figure class=\"wp-block-image aligncenter size-full\"><img loading=\"lazy\" decoding=\"async\" width=\"570\" height=\"318\" src=\"http:\/\/teneochem.pl\/wp-content\/uploads\/2024\/04\/konfiguracje-cytisenow.jpg\" alt=\"\" class=\"wp-image-2282\" srcset=\"https:\/\/teneochem.pl\/wp-content\/uploads\/2024\/04\/konfiguracje-cytisenow.jpg 570w, https:\/\/teneochem.pl\/wp-content\/uploads\/2024\/04\/konfiguracje-cytisenow-300x167.jpg 300w\" sizes=\"auto, (max-width: 570px) 100vw, 570px\" \/><\/figure>\n\n\n\n<p>Poni\u017csza animacja sterowana r\u0119cznie (myszka, palce, rysik) pokazuje te konfiguracje w tr\u00f3jwymiarze (Orca4.2.1\/ PM3\/ hess-plus):<\/p>\n\n\n\n<div style=\"height: 300px; width: 300px; position: relative;\" class='viewer_3Dmoljs' data-href='https:\/\/teneochem.pl\/struct\/nowe\/cytiseny\/cyti6\/bicytisen-cc-ct-tt-pm3-onv-C72H24.sdf' data-backgroundcolor='#FFFF00' data-style='stick:radius~0.2;sphere:radius~0.4'><\/div>\n\n\n\n<p>Ws\u00f3rd nast\u0119pnych cz\u0105steczek, kt\u00f3re podda\u0142em optymalizacji wyr\u00f3\u017cni\u0119 izomer o konfiguracji cc-cc-cc (Orca4.2.1\/ B3LYP\/ def2-SVP\/ hess-plus):<\/p>\n\n\n\n<div style=\"height: 300px; width: 300px; position: relative;\" class='viewer_3Dmoljs' data-href='https:\/\/teneochem.pl\/struct\/nowe\/cytiseny\/cyti6\/bi-tris-cytisen-A-ccc-onv.sdf' data-backgroundcolor='#FFFF00' data-style='stick:radius~0.2;sphere:radius~0.4'><\/div>\n\n\n\n<p>Optymalizacji podda\u0142em jeszcze kilka izomer\u00f3w: cc-cc-ct  (Orca4.2.1\/ B3LYP\/ def2-SVP\/ hess-plus), cc-cc-tt  (Orca4.2.1\/ PM3\/ hess-plus):, cc-ct-ct (Orca4.2.1\/ PM3\/ hess-plus), ct-ct-tt (Orca4.2.1\/ PM3\/ hess-plus), ct-tt-tt (Orca4.2.1\/ PM3\/ hess-plus) i oczywi\u015bcie izomer tt-tt-tt (Orca4.2.1\/ PM3\/ hess-plus):<\/p>\n\n\n\n<div style=\"height: 300px; width: 300px; position: relative;\" class='viewer_3Dmoljs' data-href='https:\/\/teneochem.pl\/struct\/nowe\/cytiseny\/cyti6\/bicytisenB6-pm3-onv-C72H24.sdf' data-backgroundcolor='#FFFF00' data-style='stick:radius~0.2;sphere:radius~0.4'><\/div>\n\n\n\n<p><a href=\"https:\/\/teneochem.pl\/index.php\/cytiseny6-3\/\" target=\"_blank\" rel=\"noreferrer noopener\">Cytiseny6-modyfikacje-klik<\/a><\/p>\n","protected":false},"excerpt":{"rendered":"<p>Poni\u017cej opisz\u0119 grup\u0119 struktur, dla kt\u00f3rych zwi\u0105zkiem wyj\u015bciowym jest bicytisen6. Tak nazwa\u0142em struktur\u0119 skondensowanego podw\u00f3jnie cytisenu6. Wz\u00f3r sumaryczny takiego kondensatu przedstawia si\u0119 nast\u0119puj\u0105co: C36H12 (Orca4.2.1\/ B3LYP\/ def2-SVP\/ hess-plus): Sprawdzi\u0142em, \u017ce konstrukcja bicitisenu6 po\u0142\u0105czona sze\u015bcioma grupami metylenowymi jest r\u00f3wnie\u017c zrelaksowana (Orca4.2.1\/ B3LYP\/ def2-SVP\/ hess-plus): Nast\u0119pne modele b\u0119d\u0105 pokazywa\u0142y r\u00f3\u017cne konfiguracje cykli dwunastocz\u0142onowych wzgl\u0119dem siebie. Zaczynam od [&hellip;]<\/p>\n","protected":false},"author":2,"featured_media":0,"parent":0,"menu_order":0,"comment_status":"closed","ping_status":"closed","template":"","meta":{"footnotes":""},"class_list":["post-2272","page","type-page","status-publish","hentry"],"_links":{"self":[{"href":"https:\/\/teneochem.pl\/index.php\/wp-json\/wp\/v2\/pages\/2272","targetHints":{"allow":["GET"]}}],"collection":[{"href":"https:\/\/teneochem.pl\/index.php\/wp-json\/wp\/v2\/pages"}],"about":[{"href":"https:\/\/teneochem.pl\/index.php\/wp-json\/wp\/v2\/types\/page"}],"author":[{"embeddable":true,"href":"https:\/\/teneochem.pl\/index.php\/wp-json\/wp\/v2\/users\/2"}],"replies":[{"embeddable":true,"href":"https:\/\/teneochem.pl\/index.php\/wp-json\/wp\/v2\/comments?post=2272"}],"version-history":[{"count":3,"href":"https:\/\/teneochem.pl\/index.php\/wp-json\/wp\/v2\/pages\/2272\/revisions"}],"predecessor-version":[{"id":3486,"href":"https:\/\/teneochem.pl\/index.php\/wp-json\/wp\/v2\/pages\/2272\/revisions\/3486"}],"wp:attachment":[{"href":"https:\/\/teneochem.pl\/index.php\/wp-json\/wp\/v2\/media?parent=2272"}],"curies":[{"name":"wp","href":"https:\/\/api.w.org\/{rel}","templated":true}]}}