{"id":2254,"date":"2024-03-31T11:37:18","date_gmt":"2024-03-31T09:37:18","guid":{"rendered":"https:\/\/teneochem.pl\/?page_id=2254"},"modified":"2025-01-30T14:48:51","modified_gmt":"2025-01-30T14:48:51","slug":"cytiseny6-1","status":"publish","type":"page","link":"https:\/\/teneochem.pl\/index.php\/cytiseny6-1\/","title":{"rendered":"Cytiseny6-1"},"content":{"rendered":"\n<p>Grupa zwi\u0105zk\u00f3w pochodnych modelu, w kt\u00f3rym centralny pier\u015bcie\u0144 sze\u015bciocz\u0142onowy jest powi\u0105zany z sze\u015bcioma podstawnikami etenylidenowymi. Pier\u015bcie\u0144 sze\u015bciocz\u0142onowy modelu podstawowego nie jest p\u0142aski (sze\u015b\u0107 atom\u00f3w pier\u015bcienia nie le\u017cy na jednej p\u0142aszczy\u017anie). Optymalna konformacja ma charakter \u0142\u00f3dki, cho\u0107 nieco sp\u0142aszczonej.  Mo\u017ce to oznacza\u0107, \u017ce przypier\u015bcieniowe wi\u0105zania formalne podw\u00f3jne maj\u0105 charakter jednak s\u0142abszy ni\u017c pe\u0142ne wi\u0105zania podw\u00f3jne Orca4.2.1\/ revPBE\/ def2-TZVP\/ hess-plus): <\/p>\n\n\n\n<div style=\"height: 300px; width: 300px; position: relative;\" class='viewer_3Dmoljs' data-href='https:\/\/teneochem.pl\/struct\/nowe\/cytiseny\/cyti6\/cyti6-pr-przekonf-pm3-onv-C18H12.sdf' data-backgroundcolor='#FFFF00' data-style='stick:radius~0.2;sphere:radius~0.4'><\/div>\n\n\n\n<p>Rozbudowa podstawowego cytisenu6 polega\u0142a na utworzeniu trzech nienasyconych cykli dwunastow\u0119glowych na trzech ramionach centralnego cykloheksanu. Ze wzgl\u0119du na kszta\u0142t tych pier\u015bcieni przypominaj\u0105cy konformacje w cykloheksanie, zachowa\u0142em nazwenictwo, \u0142\u00f3dka, krzes\u0142o i w tym wypadku. <\/p>\n\n\n\n<p>Pierwsza cz\u0105steczka, kt\u00f3r\u0105 tu pokazuj\u0119, zawiera trzy pier\u015bcienie dwunastow\u0119glowe w konfiguracji \u0142\u00f3dkowej (nie jest to konformacja, gdy\u017c zmiana wymaga zaj\u015bcia przegrupowania). Cz\u0105steczka nie jest symetryczna. Odpychanie si\u0119 atom\u00f3w wodoru w skrzyd\u0142owych fragmentach pier\u015bcieni powoduje ich przesuni\u0119cie wzgl\u0119dem siebie (Orca4.2.1\/ B3LYP\/ def2-SVP\/ hess-plus):<\/p>\n\n\n\n<div style=\"height: 300px; width: 300px; position: relative;\" class='viewer_3Dmoljs' data-href='https:\/\/teneochem.pl\/struct\/nowe\/cytiseny\/cyti6\/cytisen6-triboat.sdf' data-backgroundcolor='#FFFF00' data-style='stick:radius~0.2;sphere:radius~0.4'><\/div>\n\n\n\n<p>W nast\u0119pnym etapie sprawdzi\u0142em, czy zmiana konfiguracji jednego z pier\u015bcieni z \u0142\u00f3dkowej na krzes\u0142ow\u0105 zachowa relaksacj\u0119 cz\u0105steczki. Tak si\u0119 sta\u0142o (parametry oblicze\u0144 jak wy\u017cej):  <\/p>\n\n\n\n<div style=\"height: 300px; width: 300px; position: relative;\" class='viewer_3Dmoljs' data-href='https:\/\/teneochem.pl\/struct\/nowe\/cytiseny\/cyti6\/cytisen-onechair-diboat.sdf' data-backgroundcolor='#FFFF00' data-style='stick:radius~0.2;sphere:radius~0.4'><\/div>\n\n\n\n<p>logiczn\u0105 konsekwencj\u0105 by\u0142o przekonfigurowanie nast\u0119pnego pier\u015bcienia z konfiguracji \u0142\u00f3dkowej na krzes\u0142ow\u0105 (parametry oblicze\u0144 jak wy\u017cej):<\/p>\n\n\n\n<div style=\"height: 300px; width: 300px; position: relative;\" class='viewer_3Dmoljs' data-href='https:\/\/teneochem.pl\/struct\/nowe\/cytiseny\/cyti6\/cytisen-dichair-oneboat.sdf' data-backgroundcolor='#FFFF00' data-style='stick:radius~0.2;sphere:radius~0.4'><\/div>\n\n\n\n<p>I wreszcie obliczenie w\u0142a\u015bciwo\u015bci geometrycznych uk\u0142adu trzech pier\u015bcieni w konfiguracji krzes\u0142owej (parametry oblicze\u0144 jak wy\u017cej):<\/p>\n\n\n\n<div style=\"height: 300px; width: 300px; position: relative;\" class='viewer_3Dmoljs' data-href='https:\/\/teneochem.pl\/struct\/nowe\/cytiseny\/cyti6\/cytisen6-trichair.sdf' data-backgroundcolor='#FFFF00' data-style='stick:radius~0.2;sphere:radius~0.4'><\/div>\n\n\n\n<p><a href=\"https:\/\/teneochem.pl\/index.php\/cytiseny6-2\/\" target=\"_blank\" rel=\"noreferrer noopener\">bi-cytiseny6-klik<\/a><\/p>\n","protected":false},"excerpt":{"rendered":"<p>Grupa zwi\u0105zk\u00f3w pochodnych modelu, w kt\u00f3rym centralny pier\u015bcie\u0144 sze\u015bciocz\u0142onowy jest powi\u0105zany z sze\u015bcioma podstawnikami etenylidenowymi. Pier\u015bcie\u0144 sze\u015bciocz\u0142onowy modelu podstawowego nie jest p\u0142aski (sze\u015b\u0107 atom\u00f3w pier\u015bcienia nie le\u017cy na jednej p\u0142aszczy\u017anie). Optymalna konformacja ma charakter \u0142\u00f3dki, cho\u0107 nieco sp\u0142aszczonej. Mo\u017ce to oznacza\u0107, \u017ce przypier\u015bcieniowe wi\u0105zania formalne podw\u00f3jne maj\u0105 charakter jednak s\u0142abszy ni\u017c pe\u0142ne wi\u0105zania podw\u00f3jne Orca4.2.1\/ [&hellip;]<\/p>\n","protected":false},"author":2,"featured_media":0,"parent":0,"menu_order":0,"comment_status":"closed","ping_status":"closed","template":"","meta":{"footnotes":""},"class_list":["post-2254","page","type-page","status-publish","hentry"],"_links":{"self":[{"href":"https:\/\/teneochem.pl\/index.php\/wp-json\/wp\/v2\/pages\/2254","targetHints":{"allow":["GET"]}}],"collection":[{"href":"https:\/\/teneochem.pl\/index.php\/wp-json\/wp\/v2\/pages"}],"about":[{"href":"https:\/\/teneochem.pl\/index.php\/wp-json\/wp\/v2\/types\/page"}],"author":[{"embeddable":true,"href":"https:\/\/teneochem.pl\/index.php\/wp-json\/wp\/v2\/users\/2"}],"replies":[{"embeddable":true,"href":"https:\/\/teneochem.pl\/index.php\/wp-json\/wp\/v2\/comments?post=2254"}],"version-history":[{"count":3,"href":"https:\/\/teneochem.pl\/index.php\/wp-json\/wp\/v2\/pages\/2254\/revisions"}],"predecessor-version":[{"id":3484,"href":"https:\/\/teneochem.pl\/index.php\/wp-json\/wp\/v2\/pages\/2254\/revisions\/3484"}],"wp:attachment":[{"href":"https:\/\/teneochem.pl\/index.php\/wp-json\/wp\/v2\/media?parent=2254"}],"curies":[{"name":"wp","href":"https:\/\/api.w.org\/{rel}","templated":true}]}}