{"id":2206,"date":"2024-03-29T19:03:27","date_gmt":"2024-03-29T18:03:27","guid":{"rendered":"https:\/\/teneochem.pl\/?page_id=2206"},"modified":"2025-01-30T14:46:54","modified_gmt":"2025-01-30T14:46:54","slug":"cytiseny5","status":"publish","type":"page","link":"https:\/\/teneochem.pl\/index.php\/cytiseny5\/","title":{"rendered":"Cytiseny5"},"content":{"rendered":"\n<p>W om\u00f3wionych poni\u017cej poni\u017cej strukturach centralnym elementem jest pier\u015bcie\u0144 pochodny cyklopentanu. St\u0105d cyfra pi\u0119\u0107 w nazwie tej podstrony. Pierwszym pokazanym cytisenem jest cz\u0105steczka sk\u0142adaj\u0105ca si\u0119 z centralnego pier\u015bcienia i przy\u0142\u0105czonych do niego pi\u0119ciu podstawnik\u00f3w =C=CH-CH=C=CH<sub>2<\/sub> (przypier\u015bcieniowe wi\u0105zania podw\u00f3jne s\u0105 zwizualizowane przez program 3Dmol jako pojedyncze). Wszystkie \u0142a\u0144cuchy nienasycone znajduj\u0105 si\u0119 w konformacji s-trans (Orca4.2.1\/ B3LYP\/ def2-SVP\/ hess-plus):  <\/p>\n\n\n\n<div style=\"height: 300px; width: 300px; position: relative;\" class='viewer_3Dmoljs' data-href='https:\/\/teneochem.pl\/struct\/nowe\/cytiseny\/cytizent5-penta-s-trans-onv-C30H20.sdf' data-backgroundcolor='#009933' data-style='stick:radius~0.2;sphere:radius~0.4'><\/div>\n\n\n\n<p>Okaza\u0142o si\u0119, \u017ce ni\u017cej pokazany konformer s-cis r\u00f3wnie\u017c jest zrelaksowany, a nawet ma ni\u017csz\u0105 energi\u0119 ni\u017c s-trans, co troch\u0119 dziwi:<\/p>\n\n\n\n<div style=\"height: 300px; width: 300px; position: relative;\" class='viewer_3Dmoljs' data-href='https:\/\/teneochem.pl\/struct\/nowe\/cytiseny\/cytizent5-penta-s-cis-onv-C30H20.sdf' data-backgroundcolor='#009933' data-style='stick:radius~0.2;sphere:radius~0.4'><\/div>\n\n\n\n<p>Podwojona cz\u0105steczka cytisenu5 jest r\u00f3wnie\u017c zrelaksowana mimo wyst\u0119powania napr\u0119\u017ce\u0144 z wi\u0105zanych z odchyleniem k\u0105ta walencyjnego od 180\u00b0 w \u0142a\u0144cuchach propadienowych (warunki oblicze\u0144 jak wy\u017cej):<\/p>\n\n\n\n<div style=\"height: 300px; width: 300px; position: relative;\" class='viewer_3Dmoljs' data-href='https:\/\/teneochem.pl\/struct\/nowe\/cytiseny\/bi-cytisen5-very-naked-ov.sdf' data-backgroundcolor='#009933' data-style='stick:radius~0.2;sphere:radius~0.4'><\/div>\n\n\n\n<p>Nast\u0119pna cz\u0105steczka jest nieco mniej napr\u0119\u017con\u0105 pochodn\u0105 poprzedniej. Zmniejszenie napr\u0119\u017cenia uzyska\u0142em przez zdystansowanie obu &#8222;p\u0142at\u00f3w&#8221; za pomoc\u0105 grup metylenowych (warunki oblicze\u0144 jak wy\u017cej):<\/p>\n\n\n\n<div style=\"height: 300px; width: 300px; position: relative;\" class='viewer_3Dmoljs' data-href='https:\/\/teneochem.pl\/struct\/nowe\/cytiseny\/bi-cytisen5-naked-ov.sdf' data-backgroundcolor='#009933' data-style='stick:radius~0.2;sphere:radius~0.4'><\/div>\n\n\n\n<p>Do cz\u0105steczki powy\u017cej do\u0142\u0105czy\u0142em pie\u0107 podstawnik\u00f3w etenylidenowych oraz pi\u0119\u0107 propadienylowych w konformacjach widocznych na poni\u017cszym rysunku (MOPAC22\/ PM7 hess-plus):<\/p>\n\n\n\n<div style=\"height: 300px; width: 300px; position: relative;\" class='viewer_3Dmoljs' data-href='https:\/\/teneochem.pl\/struct\/nowe\/cytiseny\/bi-cytizent5-model1-poprawiony-C60H30.sdf' data-backgroundcolor='#009933' data-style='stick:radius~0.2;sphere:radius~0.4'><\/div>\n\n\n\n<p>Skonstruowa\u0142em szereg niejako podwojonych citisen\u00f3w5. Pokazuj\u0119 tutaj zrelaksowan\u0105 cz\u0105steczk\u0119, kt\u00f3ra posiada dziesi\u0119\u0107 otwarto\u0142a\u0144cuchowych podstawnik\u00f3w tr\u00f3jw\u0119glowych &#8211; wszystkie s\u0105 w konformacji s-cis ca\u0142a cz\u0105steczka ma wz\u00f3r sumaryczny, C<sub>30<\/sub>H<sub>30<\/sub>, Orca4.2.1\/ B3LYP\/ def2-SVP\/ hess-plus): <\/p>\n\n\n\n<div style=\"height: 300px; width: 300px; position: relative;\" class='viewer_3Dmoljs' data-href='https:\/\/teneochem.pl\/struct\/nowe\/cytiseny\/cytizent5-model2-onv-C30H30.sdf' data-backgroundcolor='#009933' data-style='stick:radius~0.2;sphere:radius~0.4'><\/div>\n\n\n\n<p>Ostatnim z prezentowanych tu cytisen\u00f3w5 jest cz\u0105steczka, w kt\u00f3rej dwa p\u0142aty zawieraj\u0105ce pier\u015bcienie pi\u0119ciocz\u0142onowe s\u0105 po\u0142\u0105czone mostkami dwuw\u0119glowymi. Ka\u017cdy atom mostka jest po\u0142aczony dodatkowo z resztami etenylidenowymi. Dogodna (to znaczy zrelaksowana, czyli wszystkie cz\u0119sto\u015bci w hessianie s\u0105 dodatnie) konformacja tak utworzonych ga\u0142\u0119zi pokazana jest na poni\u017cszym rysunku (Orca4.2.1\/ B3LYP\/ def2-SVP\/ hess-plus):<\/p>\n\n\n\n<div style=\"height: 300px; width: 300px; position: relative;\" class='viewer_3Dmoljs' data-href='https:\/\/teneochem.pl\/struct\/nowe\/cytiseny\/cytizent5-model3-onv-C60H30.sdf' data-backgroundcolor='#009933' data-style='stick:radius~0.2;sphere:radius~0.4'><\/div>\n\n\n\n<p><a href=\"https:\/\/teneochem.pl\/index.php\/cytiseny8\/\" target=\"_blank\" rel=\"noreferrer noopener\">Cytiseny8 &#8211; klik<\/a> (cytiseny6 b\u0119d\u0105 mie\u0107 osobny wpis &#8211; jest ich du\u017co)<\/p>\n","protected":false},"excerpt":{"rendered":"<p>W om\u00f3wionych poni\u017cej poni\u017cej strukturach centralnym elementem jest pier\u015bcie\u0144 pochodny cyklopentanu. St\u0105d cyfra pi\u0119\u0107 w nazwie tej podstrony. Pierwszym pokazanym cytisenem jest cz\u0105steczka sk\u0142adaj\u0105ca si\u0119 z centralnego pier\u015bcienia i przy\u0142\u0105czonych do niego pi\u0119ciu podstawnik\u00f3w =C=CH-CH=C=CH2 (przypier\u015bcieniowe wi\u0105zania podw\u00f3jne s\u0105 zwizualizowane przez program 3Dmol jako pojedyncze). Wszystkie \u0142a\u0144cuchy nienasycone znajduj\u0105 si\u0119 w konformacji s-trans (Orca4.2.1\/ B3LYP\/ [&hellip;]<\/p>\n","protected":false},"author":2,"featured_media":0,"parent":0,"menu_order":0,"comment_status":"closed","ping_status":"closed","template":"","meta":{"footnotes":""},"class_list":["post-2206","page","type-page","status-publish","hentry"],"_links":{"self":[{"href":"https:\/\/teneochem.pl\/index.php\/wp-json\/wp\/v2\/pages\/2206","targetHints":{"allow":["GET"]}}],"collection":[{"href":"https:\/\/teneochem.pl\/index.php\/wp-json\/wp\/v2\/pages"}],"about":[{"href":"https:\/\/teneochem.pl\/index.php\/wp-json\/wp\/v2\/types\/page"}],"author":[{"embeddable":true,"href":"https:\/\/teneochem.pl\/index.php\/wp-json\/wp\/v2\/users\/2"}],"replies":[{"embeddable":true,"href":"https:\/\/teneochem.pl\/index.php\/wp-json\/wp\/v2\/comments?post=2206"}],"version-history":[{"count":3,"href":"https:\/\/teneochem.pl\/index.php\/wp-json\/wp\/v2\/pages\/2206\/revisions"}],"predecessor-version":[{"id":3482,"href":"https:\/\/teneochem.pl\/index.php\/wp-json\/wp\/v2\/pages\/2206\/revisions\/3482"}],"wp:attachment":[{"href":"https:\/\/teneochem.pl\/index.php\/wp-json\/wp\/v2\/media?parent=2206"}],"curies":[{"name":"wp","href":"https:\/\/api.w.org\/{rel}","templated":true}]}}