{"id":1963,"date":"2024-03-21T09:33:35","date_gmt":"2024-03-21T08:33:35","guid":{"rendered":"https:\/\/teneochem.pl\/?page_id=1963"},"modified":"2025-01-29T21:48:00","modified_gmt":"2025-01-29T21:48:00","slug":"pilkeny-dodatki","status":"publish","type":"page","link":"https:\/\/teneochem.pl\/index.php\/pilkeny-dodatki\/","title":{"rendered":"Pilkeny-dodatki"},"content":{"rendered":"\n<p>W\u015br\u00f3d dodatkowych struktur, kt\u00f3re powsta\u0142y jako wynik dzia\u0142ania mojej wyobra\u017ani jest pilken, kt\u00f3ry oznaczy\u0142em liter\u0105 H. R\u00f3\u017cni on si\u0119 tym od wi\u0119kszo\u015bci poprzednio pokazanych struktur, \u017ce pier\u015bcienie pi\u0119ciocz\u0142onowe po\u0142\u0105czone s\u0105 ze sob\u0105 \u0142a\u0144cuchami dwuw\u0119glowymi. \u0141a\u0144cuchy te mog\u0105 przyjmowa\u0107 posta\u0107 etynidenowych (-C\u2261C-) lub posta\u0107 zawieraj\u0105c\u0105 uk\u0142ad wi\u0105za\u0144 sprz\u0119\u017conych (=C=C=). Tak skonstruowana cz\u0105steczka liczy 120 atom\u00f3w w\u0119gla (Orca4.2.1\/ HF\/ 6-31G(d)\/ hess-plus): <\/p>\n\n\n\n<div style=\"height: 300px; width: 300px; position: relative;\" class='viewer_3Dmoljs' data-href='https:\/\/teneochem.pl\/struct\/nowe\/pilkeny\/pilkenH-onv-C120.sdf' data-backgroundcolor='#FFCC99' data-style='stick:radius~0.2;sphere:radius~0.4'><\/div>\n\n\n\n<p>Maj\u0105c t\u0119 struktur\u0119 nie mog\u0142em nie powi\u0119kszy\u0107 jej w taki apos\u00f3b, \u017ceby pier\u015bcienie pi\u0119ciocz\u0142onowe po\u0142\u0105czy\u0107 \u0142a\u0144cuchami czterow\u0119glowymi. Utworzony w ten spos\u00f3b alotrop w\u0119gla (pilkenG) sk\u0142ada si\u0119 ze 180 atom\u00f3w (Orca4.2.1\/ PM3\/ hess-plus):<\/p>\n\n\n\n<div style=\"height: 300px; width: 300px; position: relative;\" class='viewer_3Dmoljs' data-href='https:\/\/teneochem.pl\/struct\/nowe\/pilkeny\/pilkenG-p1-onv-C180.sdf' data-backgroundcolor='#FFCC99' data-style='stick:radius~0.2;sphere:radius~0.4'><\/div>\n\n\n\n<p> Pod koniec pracy z pilkenami zada\u0142em sobie pytanie, jaka mo\u017ce by\u0107 struktura zawieraj\u0105ca jak najmniejsz\u0105 liczb\u0119 pier\u015bcieni tr\u00f3jcz\u0142onowych po\u0142\u0105czonych nienasyconymi \u0142a\u0144cuchami dwuw\u0119glowymi. Uda\u0142o mi si\u0119 skonstruowa\u0107 i zoptymalizowa\u0107 alotrop w\u0119gla C<sub>84<\/sub> ()oznaczy\u0142em go jako pilkenL). Wprawdzie nie przypomina on pi\u0142ki, ale umieszczam go tutaj, gdy\u017c powsta\u0142 jako nast\u0119pstwo pracy nad pilkenami (Orca4.2.1\/ B3LYP\/ def2-SVP\/ hess-plus):<\/p>\n\n\n\n<div style=\"height: 300px; width: 300px; position: relative;\" class='viewer_3Dmoljs' data-href='https:\/\/teneochem.pl\/struct\/nowe\/pilkeny\/pilkenL-onv-C84.sdf' data-backgroundcolor='#FFCC99' data-style='stick:radius~0.2;sphere:radius~0.4'><\/div>\n","protected":false},"excerpt":{"rendered":"<p>W\u015br\u00f3d dodatkowych struktur, kt\u00f3re powsta\u0142y jako wynik dzia\u0142ania mojej wyobra\u017ani jest pilken, kt\u00f3ry oznaczy\u0142em liter\u0105 H. R\u00f3\u017cni on si\u0119 tym od wi\u0119kszo\u015bci poprzednio pokazanych struktur, \u017ce pier\u015bcienie pi\u0119ciocz\u0142onowe po\u0142\u0105czone s\u0105 ze sob\u0105 \u0142a\u0144cuchami dwuw\u0119glowymi. \u0141a\u0144cuchy te mog\u0105 przyjmowa\u0107 posta\u0107 etynidenowych (-C\u2261C-) lub posta\u0107 zawieraj\u0105c\u0105 uk\u0142ad wi\u0105za\u0144 sprz\u0119\u017conych (=C=C=). Tak skonstruowana cz\u0105steczka liczy 120 atom\u00f3w w\u0119gla [&hellip;]<\/p>\n","protected":false},"author":2,"featured_media":0,"parent":0,"menu_order":0,"comment_status":"closed","ping_status":"closed","template":"","meta":{"footnotes":""},"class_list":["post-1963","page","type-page","status-publish","hentry"],"_links":{"self":[{"href":"https:\/\/teneochem.pl\/index.php\/wp-json\/wp\/v2\/pages\/1963","targetHints":{"allow":["GET"]}}],"collection":[{"href":"https:\/\/teneochem.pl\/index.php\/wp-json\/wp\/v2\/pages"}],"about":[{"href":"https:\/\/teneochem.pl\/index.php\/wp-json\/wp\/v2\/types\/page"}],"author":[{"embeddable":true,"href":"https:\/\/teneochem.pl\/index.php\/wp-json\/wp\/v2\/users\/2"}],"replies":[{"embeddable":true,"href":"https:\/\/teneochem.pl\/index.php\/wp-json\/wp\/v2\/comments?post=1963"}],"version-history":[{"count":2,"href":"https:\/\/teneochem.pl\/index.php\/wp-json\/wp\/v2\/pages\/1963\/revisions"}],"predecessor-version":[{"id":3590,"href":"https:\/\/teneochem.pl\/index.php\/wp-json\/wp\/v2\/pages\/1963\/revisions\/3590"}],"wp:attachment":[{"href":"https:\/\/teneochem.pl\/index.php\/wp-json\/wp\/v2\/media?parent=1963"}],"curies":[{"name":"wp","href":"https:\/\/api.w.org\/{rel}","templated":true}]}}