{"id":1926,"date":"2024-02-22T21:04:53","date_gmt":"2024-02-22T20:04:53","guid":{"rendered":"https:\/\/teneochem.pl\/?page_id=1926"},"modified":"2025-01-29T21:45:32","modified_gmt":"2025-01-29T21:45:32","slug":"rakieteny-2","status":"publish","type":"page","link":"https:\/\/teneochem.pl\/index.php\/rakieteny-2\/","title":{"rendered":"Rakieteny-2"},"content":{"rendered":"\n<p>W tej cz\u0119\u015bci poka\u017c\u0119 kilka hipotetycznych struktur, kt\u00f3re zosta\u0142y utworzone z rakieten\u00f3w. Zmiana polega\u0142a na zast\u0105pieniu wybranych atom\u00f3w w\u0119gla za pomoc\u0105 atom\u00f3w azotu. Dzi\u0119ki temu zabiegowi powsta\u0142y drugo i\/lub trzeciorz\u0119dowe aminy, iminy oraz hydrazyny.<\/p>\n\n\n\n<p>Zacz\u0105\u0142em jednak od do\u015b\u0107 nietypowej pochodnej zawieraj\u0105cej 1,2,3-tripodstawiony-2-aminotriazan (Orca4.2.1\/revPBE\/def2-TZVP\/hess-plus) w cz\u0119\u015bci &#8222;g\u0142owicowej&#8221; cz\u0105steczki (Orca4.2.1\/B3LYP\/def2-SVP):<\/p>\n\n\n\n<div style=\"height: 300px; width: 300px; position: relative;\" class='viewer_3Dmoljs' data-href='https:\/\/teneochem.pl\/struct\/rakieteny\/azarakieten-1st-cov.mol' data-backgroundcolor='#FFFF66' data-style='stick:radius~0.2;sphere:radius~0.4'><\/div>\n\n\n\n<p>Atomy wodoru NH w powy\u017cszej cz\u0105steczce ustawione s\u0105 w porz\u0105dku prawoskr\u0119tnym, ale mo\u017cliwe s\u0105 inne ich konformacje, nie bada\u0142em ich jednak. <\/p>\n\n\n\n<p>W nast\u0119pnych dw\u00f3ch modyfikacjach pokaza\u0142em zwi\u0105zek ynaminowy oraz jego tautomer b\u0119d\u0105cy azotowym analogiem ketenu (lub raczej etenoiminy). Pierwsza z tych modyfikacji jest tri ynamin\u0105 (swoj\u0105 drog\u0105 po raz pierwszy wykoncypowa\u0142em nazw\u0119 polsk\u0105 z pierwsz\u0105 liter\u0105 &#8222;y&#8221;). Cz\u0105steczka zosta\u0142a zoptymalizowana na poziomie DFT (Orca4.2.1\/B3LYP\/def2-SVP\/hess-plus):<\/p>\n\n\n\n<div style=\"height: 300px; width: 300px; position: relative;\" class='viewer_3Dmoljs' data-href='https:\/\/teneochem.pl\/struct\/rakieteny\/azarakietenB-1st-cov.mol' data-backgroundcolor='#FFFF66' data-style='stick:radius~0.2;sphere:radius~0.4'><\/div>\n\n\n\n<p>Jej forma tautomeryczna wykazuje spore skr\u0119cenie &#8222;kad\u0142uba&#8221;. Skr\u0119cenie jest wynikiem po\u0142o\u017cenia podstawnik\u00f3w w azotowym analogu allenu (czyli etenoiminie, warunki obliczeniowe s\u0105 takie same, jak poprzednio):<\/p>\n\n\n\n<div style=\"height: 300px; width: 300px; position: relative;\" class='viewer_3Dmoljs' data-href='https:\/\/teneochem.pl\/struct\/rakieteny\/azarakietenB-1st-tautomer-cov.mol' data-backgroundcolor='#FFFF66' data-style='stick:radius~0.2;sphere:radius~0.4'><\/div>\n\n\n\n<p>Pokazana powy\u017cej cz\u0105steczka jest wi\u0119c enencjomerem o kierunku P. Nast\u0119pna cz\u0105steczka posiada wyd\u0142u\u017cony kad\u0142ub (Orca4.2.1\/B3LYP\/def2-SVP\/hess-plus):<\/p>\n\n\n\n<div style=\"height: 300px; width: 300px; position: relative;\" class='viewer_3Dmoljs' data-href='https:\/\/teneochem.pl\/struct\/rakieteny\/azarakietenB-1st-extended-cov.mol' data-backgroundcolor='#FFFF66' data-style='stick:radius~0.2;sphere:radius~0.4'><\/div>\n\n\n\n<p>Co ciekawe powy\u017csza moleku\u0142a o optymalnej geometrii (warunki obliczeniowe jak powy\u017cej) charakteryzuje si\u0119 skr\u0119conym kad\u0142ubem. <\/p>\n\n\n\n<p>W kolejnym przyk\u0142adzie d\u0105\u017cy\u0142em do minimalizacji liczby atom\u00f3w azotu w taki spos\u00f3b, \u017ce pozosta\u0142 tylko jeden b\u0119d\u0105cy amin\u0105 trzeciorz\u0119dow\u0105. Atom azotu umiejscowiony jest w &#8222;g\u0142owicy rakiety&#8221; (warunki obliczeniowe jak powy\u017cej):<\/p>\n\n\n\n<div style=\"height: 300px; width: 300px; position: relative;\" class='viewer_3Dmoljs' data-href='https:\/\/teneochem.pl\/struct\/rakieteny\/rakietenoamina-1st-onv.mol' data-backgroundcolor='#FFFF66' data-style='stick:radius~0.2;sphere:radius~0.4'><\/div>\n\n\n\n<p>Ostatni model z tej serii jest jakby w opozycji do poprzedniego i zawiera jeden aminowy, trzy iminowe oraz sze\u015b\u0107 hydrazynowych atom\u00f3w azotu (Orca4.2.1\/B3LYP\/def2-SVP\/hess-plus):<\/p>\n\n\n\n<div style=\"height: 300px; width: 300px; position: relative;\" class='viewer_3Dmoljs' data-href='https:\/\/teneochem.pl\/struct\/rakieteny\/rakieteno-1st-poliamina-cov.mol' data-backgroundcolor='#FFFF66' data-style='stick:radius~0.2;sphere:radius~0.4'><\/div>\n\n\n\n<p>Zastanawiam si\u0119 nad point\u0105 do tego wpisu. Jedyne, co mi przychodzi teraz (luty 2024) do g\u0142owy, to przyjemno\u015b\u0107 tworzenia takich struktur. S\u0105 one bardzo odleg\u0142e od zastosowa\u0144 technologicznych. Podejrzewam, \u017ce le\u017c\u0105 nawet za horyzontem technologicznym. Dlatego to jest nauka.<\/p>\n","protected":false},"excerpt":{"rendered":"<p>W tej cz\u0119\u015bci poka\u017c\u0119 kilka hipotetycznych struktur, kt\u00f3re zosta\u0142y utworzone z rakieten\u00f3w. Zmiana polega\u0142a na zast\u0105pieniu wybranych atom\u00f3w w\u0119gla za pomoc\u0105 atom\u00f3w azotu. Dzi\u0119ki temu zabiegowi powsta\u0142y drugo i\/lub trzeciorz\u0119dowe aminy, iminy oraz hydrazyny. Zacz\u0105\u0142em jednak od do\u015b\u0107 nietypowej pochodnej zawieraj\u0105cej 1,2,3-tripodstawiony-2-aminotriazan (Orca4.2.1\/revPBE\/def2-TZVP\/hess-plus) w cz\u0119\u015bci &#8222;g\u0142owicowej&#8221; cz\u0105steczki (Orca4.2.1\/B3LYP\/def2-SVP): Atomy wodoru NH w powy\u017cszej cz\u0105steczce ustawione [&hellip;]<\/p>\n","protected":false},"author":2,"featured_media":0,"parent":0,"menu_order":0,"comment_status":"closed","ping_status":"closed","template":"","meta":{"footnotes":""},"class_list":["post-1926","page","type-page","status-publish","hentry"],"_links":{"self":[{"href":"https:\/\/teneochem.pl\/index.php\/wp-json\/wp\/v2\/pages\/1926","targetHints":{"allow":["GET"]}}],"collection":[{"href":"https:\/\/teneochem.pl\/index.php\/wp-json\/wp\/v2\/pages"}],"about":[{"href":"https:\/\/teneochem.pl\/index.php\/wp-json\/wp\/v2\/types\/page"}],"author":[{"embeddable":true,"href":"https:\/\/teneochem.pl\/index.php\/wp-json\/wp\/v2\/users\/2"}],"replies":[{"embeddable":true,"href":"https:\/\/teneochem.pl\/index.php\/wp-json\/wp\/v2\/comments?post=1926"}],"version-history":[{"count":3,"href":"https:\/\/teneochem.pl\/index.php\/wp-json\/wp\/v2\/pages\/1926\/revisions"}],"predecessor-version":[{"id":3584,"href":"https:\/\/teneochem.pl\/index.php\/wp-json\/wp\/v2\/pages\/1926\/revisions\/3584"}],"wp:attachment":[{"href":"https:\/\/teneochem.pl\/index.php\/wp-json\/wp\/v2\/media?parent=1926"}],"curies":[{"name":"wp","href":"https:\/\/api.w.org\/{rel}","templated":true}]}}