{"id":1907,"date":"2024-02-21T22:23:24","date_gmt":"2024-02-21T21:23:24","guid":{"rendered":"https:\/\/teneochem.pl\/?page_id=1907"},"modified":"2025-01-29T21:44:22","modified_gmt":"2025-01-29T21:44:22","slug":"rakieteny-1","status":"publish","type":"page","link":"https:\/\/teneochem.pl\/index.php\/rakieteny-1\/","title":{"rendered":"Rakieteny-1"},"content":{"rendered":"\n<p>Pomys\u0142 na struktury rakieten\u00f3w powsta\u0142 jako tw\u00f3rcze rozwini\u0119cie struktur zagroden\u00f3w (prosz\u0119 przejrze\u0107 list\u0119 na teneochem.pl). Idea budowy zagroden\u00f3w na kszta\u0142t rakiet by\u0142a dla mnie do\u015b\u0107 oczywistym przeniesieniem moich m\u0142odzie\u0144czych zainteresowa\u0144 ze skali makro na skal\u0119 molekularn\u0105. Gdy mia\u0142em lat szesna\u015bcie (i nieco wi\u0119cej) nami\u0119tnie budowa\u0142em modele (wprawdzie do\u015b\u0107 prymitywnych) rakiet. By\u0142y to czasy ogromnego rozwoju techniki rakietowej w Stanach Zjednoczonych i Zwi\u0105zku Sowieckim. Gdy mia\u0142em prawie dziesi\u0119\u0107 lat Amerykanie wyl\u0105dowali na Ksi\u0119\u017cycu. Ogl\u0105da\u0142em w\u00f3wczas w&nbsp;telewizji bezpo\u015bredni\u0105 transmisj\u0119 z tego wydarzenia w polskiej telewizji. By\u0142em niemal razem z Neilem Armstrongiem na powierzchni Srebrnego Globu. To zdarzenie wp\u0142yn\u0119\u0142o na mnie ogromnie (a by\u0142o dodatkowo podsycane literatur\u0105 SF). Potem technikum chemiczne w moim rodzinnym Wolbromiu (technikum chemiczne ju\u017c nie istnieje) i studia chemiczne na Politechnice \u015al\u0105skiej zahamowa\u0142y moje zainteresowania rakietami. Wsp\u00f3\u0142cze\u015bnie nieco si\u0119 o\u017cywi\u0142y za spraw\u0105 powrotu zagadnie\u0144 rakiet do mainstreamu. Czasy si\u0119 jednak zmieni\u0142y. Moja platoniczna mi\u0142o\u015b\u0107 do rakiet trwa, ale zamieni\u0142a si\u0119 w sztuk\u0119 modelowania molekularnego. St\u0105d powsta\u0142 w\u0119glowod\u00f3r, kt\u00f3ry swoim kszta\u0142tem przypomina rakiet\u0119 jednostopniow\u0105:<\/p>\n\n\n\n<div style=\"height: 300px; width: 300px; position: relative;\" class='viewer_3Dmoljs' data-href='https:\/\/teneochem.pl\/struct\/rakieteny\/rakieten-1st-cov.mol' data-backgroundcolor='#0033FF' data-style='stick:radius~0.2;sphere:radius~0.4'><\/div>\n\n\n\n<p>Cz\u0105steczka ta zosta\u0142a zoptymalizowana na poziomie DFT (Orca4.2.1\/B3LYP\/def2-SVP\/hess-plus). Wiedziony niepohamowan\u0105 fantazj\u0105 stworzy\u0142em kolejn\u0105 cz\u0105steczk\u0119, wkt\u00f3rej wyd\u0142u\u017ceniu uleg\u0142 &#8222;kad\u0142ub&#8221; nad sekcj\u0105 &#8222;silnika ze statecznikami&#8221; (Orca4.2.1\/B3LYP\/def2-SVP\/hess-plus):<\/p>\n\n\n\n<div style=\"height: 300px; width: 300px; position: relative;\" class='viewer_3Dmoljs' data-href='https:\/\/teneochem.pl\/struct\/rakieteny\/rakieten-1st-extended-cov.mol' data-backgroundcolor='#0033FF' data-style='stick:radius~0.2;sphere:radius~0.4'><\/div>\n\n\n\n<p>Zbudowa\u0142em r\u00f3wnie\u017c wersj\u0119 dwustopniow\u0105 tej drobiny. Ku mojemu zaskoczeniu r\u00f3wnie\u017c ta cz\u0105steczka da\u0142a si\u0119 zoptymalizowa\u0107, a wszystkie warto\u015bci cz\u0119sto\u015bci w&nbsp;hessianie okaza\u0142y si\u0119 dodatnie (Orca4.2.1\/B3LYP\/def2-SVP\/hess-plus):<\/p>\n\n\n\n<div style=\"height: 300px; width: 300px; position: relative;\" class='viewer_3Dmoljs' data-href='https:\/\/teneochem.pl\/struct\/rakieteny\/rakieten-2st-conv.mol' data-backgroundcolor='#0033FF' data-style='stick:radius~0.2;sphere:radius~0.4'><\/div>\n\n\n\n<p>Nawet nadbudowa &#8222;kad\u0142uba&#8221; za pomoc\u0105 fragment\u00f3w allenowych da\u0142a cz\u0105steczk\u0119 zrelaksowan\u0105 (Orca4.2.1\/B3LYP\/def2-SVP\/hess-plus):<\/p>\n\n\n\n<div style=\"height: 300px; width: 300px; position: relative;\" class='viewer_3Dmoljs' data-href='https:\/\/teneochem.pl\/struct\/rakieteny\/srubo-rakieten-1st-cov.mol' data-backgroundcolor='#0033FF' data-style='stick:radius~0.2;sphere:radius~0.4'><\/div>\n\n\n\n<p>Pokazana powy\u017cej cz\u0105steczka jest enencjomerem o konfiguracji M. Nie bada\u0142em struktur chiralnych rakieten\u00f3w z &#8222;kad\u0142ubami karbo-allenowymi. to zagadniernie jest nadal otwarte.<\/p>\n\n\n\n<p> &#8222;Sekcja silnikowa z brzechwami: okaza\u0142a si\u0119 r\u00f3wnie\u017c podatna na optymalizacj\u0119 i&nbsp;relaksacj\u0119 (w takich samych warunkach jak opisane powy\u017cej): <\/p>\n\n\n\n<div style=\"height: 300px; width: 300px; position: relative;\" class='viewer_3Dmoljs' data-href='https:\/\/teneochem.pl\/struct\/rakieteny\/brzechwen5-444-ov.mol' data-backgroundcolor='#0033FF' data-style='stick:radius~0.2;sphere:radius~0.4'><\/div>\n\n\n\n<p>Pokazane modele oczywi\u015bcie nie wyczerpuj\u0105 mo\u017cliwo\u015bci rozbudowy. Poprzesta\u0142em jednak na tym skupiaj\u0105c si\u0119 na aminowych pochodnych przedstawionych modeli.<\/p>\n\n\n\n<p><a href=\"https:\/\/teneochem.pl\/index.php\/rakieteny-2\/\" target=\"_blank\" rel=\"noreferrer noopener\">Rakietenoaminy-klik<\/a><\/p>\n","protected":false},"excerpt":{"rendered":"<p>Pomys\u0142 na struktury rakieten\u00f3w powsta\u0142 jako tw\u00f3rcze rozwini\u0119cie struktur zagroden\u00f3w (prosz\u0119 przejrze\u0107 list\u0119 na teneochem.pl). Idea budowy zagroden\u00f3w na kszta\u0142t rakiet by\u0142a dla mnie do\u015b\u0107 oczywistym przeniesieniem moich m\u0142odzie\u0144czych zainteresowa\u0144 ze skali makro na skal\u0119 molekularn\u0105. Gdy mia\u0142em lat szesna\u015bcie (i nieco wi\u0119cej) nami\u0119tnie budowa\u0142em modele (wprawdzie do\u015b\u0107 prymitywnych) rakiet. By\u0142y to czasy ogromnego rozwoju [&hellip;]<\/p>\n","protected":false},"author":2,"featured_media":0,"parent":0,"menu_order":0,"comment_status":"closed","ping_status":"closed","template":"","meta":{"footnotes":""},"class_list":["post-1907","page","type-page","status-publish","hentry"],"_links":{"self":[{"href":"https:\/\/teneochem.pl\/index.php\/wp-json\/wp\/v2\/pages\/1907","targetHints":{"allow":["GET"]}}],"collection":[{"href":"https:\/\/teneochem.pl\/index.php\/wp-json\/wp\/v2\/pages"}],"about":[{"href":"https:\/\/teneochem.pl\/index.php\/wp-json\/wp\/v2\/types\/page"}],"author":[{"embeddable":true,"href":"https:\/\/teneochem.pl\/index.php\/wp-json\/wp\/v2\/users\/2"}],"replies":[{"embeddable":true,"href":"https:\/\/teneochem.pl\/index.php\/wp-json\/wp\/v2\/comments?post=1907"}],"version-history":[{"count":3,"href":"https:\/\/teneochem.pl\/index.php\/wp-json\/wp\/v2\/pages\/1907\/revisions"}],"predecessor-version":[{"id":3473,"href":"https:\/\/teneochem.pl\/index.php\/wp-json\/wp\/v2\/pages\/1907\/revisions\/3473"}],"wp:attachment":[{"href":"https:\/\/teneochem.pl\/index.php\/wp-json\/wp\/v2\/media?parent=1907"}],"curies":[{"name":"wp","href":"https:\/\/api.w.org\/{rel}","templated":true}]}}