{"id":1538,"date":"2024-01-17T17:11:04","date_gmt":"2024-01-17T16:11:04","guid":{"rendered":"https:\/\/teneochem.pl\/?page_id=1538"},"modified":"2024-10-28T20:56:09","modified_gmt":"2024-10-28T20:56:09","slug":"chinorurki-modyfikacje2","status":"publish","type":"page","link":"https:\/\/teneochem.pl\/index.php\/chinorurki-modyfikacje2\/","title":{"rendered":"Chinorurki-modyfikacje2"},"content":{"rendered":"\n<p>Opisane wcze\u015bniej chinoobr\u0105czki okaza\u0142y si\u0119 wdzi\u0119cznymi modelami do konstrukcji struktur zamkni\u0119tych z jednej lub dw\u00f3ch stron cyklami w\u0119glowymi. Pierwszym przyk\u0142adem takiej konstrukcji jest poszerzony model chinoobr\u0105czki6-2 (przypomn\u0119, \u017ce 6 oznacza liczb\u0119 fragment\u00f3w etenowych po\u0142\u0105czonych obustronnie mostkami metylenowymi natomiast 2 odnosi si\u0119 do liczby pier\u015bcieni poprzecznych utworzonych przez mostki metylenowe, a w d\u0142u\u017cszych strukturach r\u00f3wnie\u017c mostki metylidenowe). Poszerzenie polega\u0142o na zast\u0105pieniu sze\u015bciu atom\u00f3w wodoru skierowanych do wn\u0119trza pier\u015bcienia za pomoc\u0105 wi\u0105za\u0144 do atom\u00f3w w\u0119gla pier\u015bcienia benzenowego (orca6.2.1\/B3LYP\/def2-SVP\/hess-plus): <\/p>\n\n\n\n<div class=\"viewer_3Dmoljs\" style=\"height: 300px; width: 300px; position: relative;\" data-href=\"https:\/\/teneochem.pl\/struct\/quinotubes-ext\/ch-hemi-kapsula6-1-gebedit.mol2\" data-backgroundcolor=\"0xffffff\" data-style=\"stick\">\u00a0<\/div>\n\n\n\n<p>Taka modyfikacja spowodowa\u0142a powstanie zbioru skondensowanych pier\u015bcieni pi\u0119cio i sze\u015bciocz\u0142onowych. Jest to zatem cz\u0119\u015bciowo nasycony hemi-fulleren. Oczywi\u015bcie obecno\u015b\u0107 atom\u00f3w wodoru powoduje, \u017ce jest to w\u0119glowod\u00f3r a nie odmiana alotropowa w\u0119gla. W posobny spos\u00f3b skonstruowano p\u00f3\u0142zamkni\u0119t\u0105 pochodn\u0105 chinoobr\u0105czki8-2 z dobudowanym pier\u015bcieniem cyklooktanowym:<\/p>\n\n\n\n<div class=\"viewer_3Dmoljs\" style=\"height: 300px; width: 300px; position: relative;\" data-href=\"https:\/\/teneochem.pl\/struct\/quinotubes-ext\/ch-hemi-kapsula8-1.mol2\" data-backgroundcolor=\"0xffffff\" data-style=\"stick\">\u00a0<\/div>\n\n\n\n<p>Powy\u017cszy model poszerzono o dodatkow\u0105 warstw\u0119 przekszta\u0142caj\u0105c p\u00f3\u0142zamkni\u0119t\u0105 chinoobr\u0105czk\u01198-2 w p\u00f3\u0142zamkni\u0119ty odpowiednik chinorurki8-3. Wydaje si\u0119, \u017ce dwie warstwy ju\u017c wystarczaj\u0105 do nazwania takiej cz\u0105steczki chinorurk\u0105:<\/p>\n\n\n\n<div class=\"viewer_3Dmoljs\" style=\"height: 300px; width: 300px; position: relative;\" data-href=\"https:\/\/teneochem.pl\/struct\/quinotubes-ext\/ch-hemi-kapsula8-2.mol2\" data-backgroundcolor=\"0xffffff\" data-style=\"stick\">\u00a0<\/div>\n\n\n\n<p>Chinoobr\u0105czk\u01198-2 r\u00f3wnie\u017c zamkni\u0119to jednostronnie pier\u015bcieniem cyklooktatetraenowym. Powsta\u0142a w ten spos\u00f3b struktura, kt\u00f3ra przypomina kszta\u0142tem misk\u0119:<\/p>\n\n\n\n<div class=\"viewer_3Dmoljs\" style=\"height: 300px; width: 300px; position: relative;\" data-href=\"https:\/\/teneochem.pl\/struct\/quinotubes-ext\/chinorura-spodek8.mol2\" data-backgroundcolor=\"0xffffff\" data-style=\"stick\">\u00a0<\/div>\n\n\n\n<p>Interpreter grafiki do\u015b\u0107 dowolnie przestawia wi\u0105zania podw\u00f3jne. Dlatego s\u0105 one strukturami mezomerycznymi. By\u0107 mo\u017ce uda mi si\u0119 t\u0119 niedogodno\u015b\u0107 poprawi\u0107. Tymczasem chcia\u0142em jednak pokaza\u0107 struktury powsta\u0142e przez obustronne zamkni\u0119cie chinoobr\u0105czek za pomoc\u0105 pier\u015bcieni benzenowych i cyklooktatetraenowych.  W pierwszym wypadku chinoobr\u0105czki6-2 powstaje w\u0119glowod\u00f3r b\u0119d\u0105cy cz\u0119\u015bciowo nasycon\u0105 wersj\u0105 jednego z fulleren\u00f3w:<\/p>\n\n\n\n<div class=\"viewer_3Dmoljs\" style=\"height: 300px; width: 300px; position: relative;\" data-href=\"https:\/\/teneochem.pl\/struct\/quinotubes-ext\/ch-kapsula6-1.mol2\" data-backgroundcolor=\"0xffffff\" data-style=\"stick\">\u00a0<\/div>\n\n\n\n<p>W wypadku chinoobr\u0105czki8-2 obustronne zamkni\u0119cie struktury za pomoc\u0105 pier\u015bcieni cyklooktatetraenowych tworz\u0105 struktury, kt\u00f3re nie nale\u017c\u0105 do pochodnych fulleren\u00f3w:<\/p>\n\n\n\n<div class=\"viewer_3Dmoljs\" style=\"height: 300px; width: 300px; position: relative;\" data-href=\"https:\/\/teneochem.pl\/struct\/quinotubes-ext\/ch-kapsula8-1.mol2\" data-backgroundcolor=\"0xffffff\" data-style=\"stick\">\u00a0<\/div>\n\n\n\n<p>Wreszcie na koniec ca\u0142kowite odwodornienie pokazanego powy\u017cej modelu pozwala skonstruowanie odmiany alotropowej w\u0119gla C<sub>48<\/sub>. Struktura ta sk\u0142ada si\u0119 ze zbioru pier\u015bcieni pi\u0119cio-, sze\u015bcio- oraz dw\u00f3ch pier\u015bcieni o\u015bmiocz\u0142onowych. Wed\u0142ug mojej wiedzy jest to nowopostulowana odmiana alotropowa tego pierwiastka: <\/p>\n\n\n\n<div class=\"viewer_3Dmoljs\" style=\"height: 300px; width: 300px; position: relative;\" data-href=\"https:\/\/teneochem.pl\/struct\/quinotubes-ext\/chinorura-bi-spodek8-brylanten.mol2\" data-backgroundcolor=\"0xffffff\" data-style=\"stick\">\u00a0<\/div>\n\n\n\n<p>W tej cz\u0119\u015bci do\u0142\u0105czam r\u00f3wnie\u017c obliczone i hipotetyczne struktury oktaonu pochodnego chinoobr\u0105czki8-2 oraz heksadekaketonu, kt\u00f3ry z punktu widzenia chemii nieorganicznej jest w\u0142a\u015bciwie tlenkiem w\u0119gla o wzorze C<sub>32<\/sub>O<sub>16<\/sub>:<\/p>\n\n\n\n<figure class=\"wp-block-image aligncenter size-full is-resized\"><img loading=\"lazy\" decoding=\"async\" width=\"1000\" height=\"500\" src=\"http:\/\/teneochem.pl\/wp-content\/uploads\/2024\/01\/image.png\" alt=\"Obrazek posiada pusty atrybut alt; plik o nazwie keton-tlenek-wegla.png\" class=\"wp-image-1588\" style=\"width:485px;height:auto\" srcset=\"https:\/\/teneochem.pl\/wp-content\/uploads\/2024\/01\/image.png 1000w, https:\/\/teneochem.pl\/wp-content\/uploads\/2024\/01\/image-300x150.png 300w, https:\/\/teneochem.pl\/wp-content\/uploads\/2024\/01\/image-768x384.png 768w\" sizes=\"auto, (max-width: 1000px) 100vw, 1000px\" \/><\/figure>\n\n\n\n<p><a href=\"https:\/\/teneochem.pl\/index.php\/quinotubes-3\/\" data-type=\"link\" data-id=\"https:\/\/teneochem.pl\/quinotubes-3\/\" target=\"_blank\" rel=\"noreferrer noopener\">Cz\u0119\u015b\u0107 czwarta-klik<\/a><\/p>\n","protected":false},"excerpt":{"rendered":"<p>Opisane wcze\u015bniej chinoobr\u0105czki okaza\u0142y si\u0119 wdzi\u0119cznymi modelami do konstrukcji struktur zamkni\u0119tych z jednej lub dw\u00f3ch stron cyklami w\u0119glowymi. Pierwszym przyk\u0142adem takiej konstrukcji jest poszerzony model chinoobr\u0105czki6-2 (przypomn\u0119, \u017ce 6 oznacza liczb\u0119 fragment\u00f3w etenowych po\u0142\u0105czonych obustronnie mostkami metylenowymi natomiast 2 odnosi si\u0119 do liczby pier\u015bcieni poprzecznych utworzonych przez mostki metylenowe, a w d\u0142u\u017cszych strukturach r\u00f3wnie\u017c mostki [&hellip;]<\/p>\n","protected":false},"author":2,"featured_media":0,"parent":0,"menu_order":0,"comment_status":"closed","ping_status":"closed","template":"","meta":{"footnotes":""},"class_list":["post-1538","page","type-page","status-publish","hentry"],"_links":{"self":[{"href":"https:\/\/teneochem.pl\/index.php\/wp-json\/wp\/v2\/pages\/1538","targetHints":{"allow":["GET"]}}],"collection":[{"href":"https:\/\/teneochem.pl\/index.php\/wp-json\/wp\/v2\/pages"}],"about":[{"href":"https:\/\/teneochem.pl\/index.php\/wp-json\/wp\/v2\/types\/page"}],"author":[{"embeddable":true,"href":"https:\/\/teneochem.pl\/index.php\/wp-json\/wp\/v2\/users\/2"}],"replies":[{"embeddable":true,"href":"https:\/\/teneochem.pl\/index.php\/wp-json\/wp\/v2\/comments?post=1538"}],"version-history":[{"count":4,"href":"https:\/\/teneochem.pl\/index.php\/wp-json\/wp\/v2\/pages\/1538\/revisions"}],"predecessor-version":[{"id":3453,"href":"https:\/\/teneochem.pl\/index.php\/wp-json\/wp\/v2\/pages\/1538\/revisions\/3453"}],"wp:attachment":[{"href":"https:\/\/teneochem.pl\/index.php\/wp-json\/wp\/v2\/media?parent=1538"}],"curies":[{"name":"wp","href":"https:\/\/api.w.org\/{rel}","templated":true}]}}