{"id":1512,"date":"2024-01-17T16:48:59","date_gmt":"2024-01-17T15:48:59","guid":{"rendered":"https:\/\/teneochem.pl\/?page_id=1512"},"modified":"2024-10-28T20:53:50","modified_gmt":"2024-10-28T20:53:50","slug":"chinorurki-modyfikacje","status":"publish","type":"page","link":"https:\/\/teneochem.pl\/index.php\/chinorurki-modyfikacje\/","title":{"rendered":"Chinorurki-modyfikacje"},"content":{"rendered":"\n<p>Ze wzgl\u0119du na to, \u017ce liczba wy\u015bwietlanych struktur na stronie poprzedniej przekroczy\u0142a dopuszczaln\u0105 liczb\u0119, zamieszczam tu ostatni\u0105 struktur\u0119 typu armchair z poprzedniej strony:<\/p>\n\n\n\n<div style=\"height: 250px; width: 250px; position: relative;\" class=\"viewer_3Dmoljs\" data-href=\"https:\/\/teneochem.pl\/struct\/quinotubes\/chino-armchair8-2-2.mol2\" data-backgroundcolor=\"yellow\" data-style=\"stick:radius~0.2;sphere:radius~0.4\"><\/div>\n\n\n\n<p>Modele pokazane w cz\u0119\u015bci poprzedniej sta\u0142y si\u0119 podstaw\u0105 do konstrukcji struktur pochodnych. Do tego celu zast\u0105piono niekt\u00f3re atomy wodoru atomami w\u0119gla. Atomy te \u0142\u0105czono w odpowiednie, bardziej skomplikowane konfiguracje uzyskuj\u0105c nowe w\u0119glowodory. Pierwsz\u0105 i drug\u0105 z nich s\u0105 struktury uzyskana poprzez zamkni\u0119cie z jednej <strong>A<\/strong> oraz z dw\u00f3ch stron <strong>B<\/strong>  modelu oznaczonego w poprzedniej cz\u0119\u015bci liter\u0105 <strong>a<\/strong> za pomoc\u0105 mostk\u00f3w metinowych:<\/p>\n\n\n\n<figure class=\"wp-block-image aligncenter size-full is-resized\"><img loading=\"lazy\" decoding=\"async\" width=\"1000\" height=\"390\" src=\"http:\/\/teneochem.pl\/wp-content\/uploads\/2024\/01\/hemi-full-caps3d-0s.jpg\" alt=\"\" class=\"wp-image-1517\" style=\"width:571px;height:auto\" srcset=\"https:\/\/teneochem.pl\/wp-content\/uploads\/2024\/01\/hemi-full-caps3d-0s.jpg 1000w, https:\/\/teneochem.pl\/wp-content\/uploads\/2024\/01\/hemi-full-caps3d-0s-300x117.jpg 300w, https:\/\/teneochem.pl\/wp-content\/uploads\/2024\/01\/hemi-full-caps3d-0s-768x300.jpg 768w\" sizes=\"auto, (max-width: 1000px) 100vw, 1000px\" \/><figcaption class=\"wp-element-caption\">Pierwsze modyfikacje modelu a. Struktury A i B zosta\u0142y obliczone na poziomie orca4-2-1\/B3LYP\/def2-SVP\/hess-plus<\/figcaption><\/figure>\n\n\n\n<p>Model <strong>a<\/strong> pos\u0142u\u017cy\u0142 do dalszych modyfikacji, \u017ce wzgl\u0119du na to, \u017ce aksjalne wi\u0105zania do atom\u00f3w wodoru s\u0105 r\u00f3wnoleg\u0142e. Ta geometria pozwoli\u0142a na dobudowanie fragmentu pochodnego <em>t<\/em>-butylu (struktura C). Kolejna struktura (D) powsta\u0142a w wyniku formalnej eliminacji trzech cz\u0105steczek wodoru od dobudowanego i wyj\u015bciowego fragmentu. Powsta\u0142e w ten spos\u00f3b wi\u0105zania podw\u00f3jne wykazywa\u0142y jednak zbyt du\u017ce napr\u0119\u017cenia ze wzgl\u0119du na niekoplanarno\u015b\u0107 podstawnik\u00f3w  wok\u00f3\u0142 tych wi\u0105za\u0144. Te napr\u0119\u017cenia doprowadzi\u0142y do reorganizacji cz\u0105steczki i powstania na skrzyd\u0142ach pier\u015bcieni 1,2-dipodstawionego oraz 1,2,3-tripodstawionego cyklopropanu:<\/p>\n\n\n\n<figure class=\"wp-block-image aligncenter size-full is-resized\"><img loading=\"lazy\" decoding=\"async\" width=\"1000\" height=\"431\" src=\"http:\/\/teneochem.pl\/wp-content\/uploads\/2024\/01\/chino-model-C-D.png\" alt=\"\" class=\"wp-image-1520\" style=\"width:615px;height:auto\" srcset=\"https:\/\/teneochem.pl\/wp-content\/uploads\/2024\/01\/chino-model-C-D.png 1000w, https:\/\/teneochem.pl\/wp-content\/uploads\/2024\/01\/chino-model-C-D-300x129.png 300w, https:\/\/teneochem.pl\/wp-content\/uploads\/2024\/01\/chino-model-C-D-768x331.png 768w\" sizes=\"auto, (max-width: 1000px) 100vw, 1000px\" \/><figcaption class=\"wp-element-caption\">Modele pocohdne C i D rozbudowanej cz\u0105steczki <strong>a<\/strong><\/figcaption><\/figure>\n\n\n\n<p>Rozbudowa modelu C poprzez dodanie drugiego fragmentu t-butylowego ze strony przeciwnej r\u00f3wnie\u017c doprowadzi\u0142a do uzyskania stabilnej struktury (E). W ko\u0144cu dobudowa do modelu <strong>a<\/strong> trzech fragment\u00f3w allenowych r\u00f3wnie\u017c doprowadzi\u0142a do powstania stabilnej struktury F: <\/p>\n\n\n\n<figure class=\"wp-block-image aligncenter size-full is-resized\"><img loading=\"lazy\" decoding=\"async\" width=\"1000\" height=\"500\" src=\"http:\/\/teneochem.pl\/wp-content\/uploads\/2024\/01\/di-pokrycie-allen.png\" alt=\"\" class=\"wp-image-1527\" style=\"width:622px;height:auto\" srcset=\"https:\/\/teneochem.pl\/wp-content\/uploads\/2024\/01\/di-pokrycie-allen.png 1000w, https:\/\/teneochem.pl\/wp-content\/uploads\/2024\/01\/di-pokrycie-allen-300x150.png 300w, https:\/\/teneochem.pl\/wp-content\/uploads\/2024\/01\/di-pokrycie-allen-768x384.png 768w\" sizes=\"auto, (max-width: 1000px) 100vw, 1000px\" \/><figcaption class=\"wp-element-caption\">Modele E oraz F<\/figcaption><\/figure>\n\n\n\n<p>Trwa\u0142o\u015b\u0107 struktury z fragmentami allenowymi wynika z niemal prostopad\u0142ego ustawienia wzgl\u0119dem siebie allenowych podstawnik\u00f3w skrzyd\u0142owych. Mimo \u017ce k\u0105t walencyjny w omawianych \u0142a\u0144cuchach wynosi tylko 155.3\u00b0, cz\u0105steczka jest nadal stabilna. <\/p>\n\n\n\n<p><a href=\"https:\/\/teneochem.pl\/index.php\/chinorurki-modyfikacje2\/\" target=\"_blank\" rel=\"noreferrer noopener\">Cz\u0119\u015b\u0107 trzecia<\/a><\/p>\n","protected":false},"excerpt":{"rendered":"<p>Ze wzgl\u0119du na to, \u017ce liczba wy\u015bwietlanych struktur na stronie poprzedniej przekroczy\u0142a dopuszczaln\u0105 liczb\u0119, zamieszczam tu ostatni\u0105 struktur\u0119 typu armchair z poprzedniej strony: Modele pokazane w cz\u0119\u015bci poprzedniej sta\u0142y si\u0119 podstaw\u0105 do konstrukcji struktur pochodnych. Do tego celu zast\u0105piono niekt\u00f3re atomy wodoru atomami w\u0119gla. Atomy te \u0142\u0105czono w odpowiednie, bardziej skomplikowane konfiguracje uzyskuj\u0105c nowe w\u0119glowodory. [&hellip;]<\/p>\n","protected":false},"author":2,"featured_media":0,"parent":0,"menu_order":0,"comment_status":"closed","ping_status":"closed","template":"","meta":{"footnotes":""},"class_list":["post-1512","page","type-page","status-publish","hentry"],"_links":{"self":[{"href":"https:\/\/teneochem.pl\/index.php\/wp-json\/wp\/v2\/pages\/1512","targetHints":{"allow":["GET"]}}],"collection":[{"href":"https:\/\/teneochem.pl\/index.php\/wp-json\/wp\/v2\/pages"}],"about":[{"href":"https:\/\/teneochem.pl\/index.php\/wp-json\/wp\/v2\/types\/page"}],"author":[{"embeddable":true,"href":"https:\/\/teneochem.pl\/index.php\/wp-json\/wp\/v2\/users\/2"}],"replies":[{"embeddable":true,"href":"https:\/\/teneochem.pl\/index.php\/wp-json\/wp\/v2\/comments?post=1512"}],"version-history":[{"count":3,"href":"https:\/\/teneochem.pl\/index.php\/wp-json\/wp\/v2\/pages\/1512\/revisions"}],"predecessor-version":[{"id":3451,"href":"https:\/\/teneochem.pl\/index.php\/wp-json\/wp\/v2\/pages\/1512\/revisions\/3451"}],"wp:attachment":[{"href":"https:\/\/teneochem.pl\/index.php\/wp-json\/wp\/v2\/media?parent=1512"}],"curies":[{"name":"wp","href":"https:\/\/api.w.org\/{rel}","templated":true}]}}