{"id":1456,"date":"2024-01-15T19:00:29","date_gmt":"2024-01-15T18:00:29","guid":{"rendered":"https:\/\/teneochem.pl\/?page_id=1456"},"modified":"2024-01-15T19:00:29","modified_gmt":"2024-01-15T18:00:29","slug":"teneochem-blogspot-com","status":"publish","type":"page","link":"https:\/\/teneochem.pl\/index.php\/teneochem-blogspot-com\/","title":{"rendered":"teneochem.blogspot.com"},"content":{"rendered":"\n<p class=\"has-text-align-center\">Cz\u0119\u015b\u0107 wpis\u00f3w dotycz\u0105cych zagadnie\u0144 obj\u0119tych na tej stronie znajduje si\u0119 na serwerze Bloggera. Zapraszam do zapoznania si\u0119 z tamtymi wpisami:<\/p>\n\n\n\n<p class=\"has-text-align-center\"><a href=\"https:\/\/teneochem.blogspot.com\/\" target=\"_blank\" rel=\"noreferrer noopener\">https:\/\/teneochem.blogspot.com\/<\/a><\/p>\n","protected":false},"excerpt":{"rendered":"<p>Cz\u0119\u015b\u0107 wpis\u00f3w dotycz\u0105cych zagadnie\u0144 obj\u0119tych na tej stronie znajduje si\u0119 na serwerze Bloggera. Zapraszam do zapoznania si\u0119 z tamtymi wpisami: https:\/\/teneochem.blogspot.com\/<\/p>\n","protected":false},"author":2,"featured_media":0,"parent":0,"menu_order":0,"comment_status":"closed","ping_status":"closed","template":"","meta":{"footnotes":""},"class_list":["post-1456","page","type-page","status-publish","hentry"],"_links":{"self":[{"href":"https:\/\/teneochem.pl\/index.php\/wp-json\/wp\/v2\/pages\/1456","targetHints":{"allow":["GET"]}}],"collection":[{"href":"https:\/\/teneochem.pl\/index.php\/wp-json\/wp\/v2\/pages"}],"about":[{"href":"https:\/\/teneochem.pl\/index.php\/wp-json\/wp\/v2\/types\/page"}],"author":[{"embeddable":true,"href":"https:\/\/teneochem.pl\/index.php\/wp-json\/wp\/v2\/users\/2"}],"replies":[{"embeddable":true,"href":"https:\/\/teneochem.pl\/index.php\/wp-json\/wp\/v2\/comments?post=1456"}],"version-history":[{"count":0,"href":"https:\/\/teneochem.pl\/index.php\/wp-json\/wp\/v2\/pages\/1456\/revisions"}],"wp:attachment":[{"href":"https:\/\/teneochem.pl\/index.php\/wp-json\/wp\/v2\/media?parent=1456"}],"curies":[{"name":"wp","href":"https:\/\/api.w.org\/{rel}","templated":true}]}}